{"id":110439,"date":"2025-08-11T00:00:00","date_gmt":"2025-08-11T05:00:00","guid":{"rendered":"http:\/\/gpl-love.com\/es\/producto\/adsanity-ad-block-detection\/"},"modified":"2026-03-09T07:15:59","modified_gmt":"2026-03-09T12:15:59","slug":"adsanity-ad-block-detection","status":"publish","type":"product","link":"https:\/\/gpl-love.com\/es\/producto\/adsanity-ad-block-detection\/","title":{"rendered":"AdSanity Adblock Detection 1.4.2"},"content":{"rendered":"<h3>AdSanity Adblock Detection Caracteristicas<\/h3>\n<p>La detecci\u00f3n de Adsanity AdBlock es una herramienta inmensamente poderosa que ofrece asistencia invaluable a los propietarios de sitios web para detectar y administrar efectivamente los adblockers en sus respectivos sitios. Este software excepcionalmente eficiente cuenta con una interfaz altamente adaptable y f\u00e1cil de usar, lo que permite a sus usuarios configurar sin esfuerzo la apariencia de sus p\u00e1ginas web de una manera que atiende espec\u00edficamente a los visitantes que emplean Adblockers. Con las notables capacidades de la detecci\u00f3n de Adsanity Adblock a su disposici\u00f3n, los propietarios de sitios web no solo pueden salvaguardar sus ingresos publicitarios, sino tambi\u00e9n mantener una experiencia de usuario \u00f3ptima en su sitio al obstruir efectivamente los heblockeros no deseados y personalizar h\u00e1bilmente mensajes para alentar a los visitantes en su sitio web estimado. No hace falta decir que este software fenomenal es una necesidad absoluta para los propietarios de sitios web que deseen afirmar su autoridad sobre sus ingresos publicitarios y garantizar una experiencia de navegaci\u00f3n ininterrumpida y perfecta para sus valiosos visitantes.<\/p>\n<ul>\n<li>Detecta efectivamente los adblockers en su sitio web<\/li>\n<li>Proporciona opciones de personalizaci\u00f3n f\u00e1ciles para mensajes de Adblocker<\/li>\n<li>Le permite crear estrategias basadas en incentivos para alentar a los usuarios a deshabilitar los AdBlockers<\/li>\n<li>Proporciona an\u00e1lisis detallados sobre el uso de AdBlocker y la posible p\u00e9rdida de ingresos<\/li>\n<li>Funciona sin problemas con otros complementos de adsanidad y temas de WordPress<\/li>\n<li>Ofrece actualizaciones y soporte continuos para garantizar la m\u00e1xima efectividad y satisfacci\u00f3n del usuario<\/li>\n<li>F\u00e1cil de instalar y configurar en su sitio web sin necesidad de codificaci\u00f3n<\/li>\n<\/ul>\n","protected":false},"excerpt":{"rendered":"<p>La herramienta de detecci\u00f3n Adsanity AdBlock es un software de detecci\u00f3n de AdBlock robusto que se destaca con su capacidad \u00fanica para discernir el uso de AdBlocker de visitantes del sitio web. Aprovechar los beneficios de la detecci\u00f3n de Adsanity Adblock le permite controlar la experiencia del usuario de manera efectiva. Puede crear mensajes personalizados para usuarios de AdBlocker o incluso prohibir el acceso a dichos usuarios en casos extremos.<\/p>\n<p>La eficiencia de esta soluci\u00f3n de detecci\u00f3n de AdBlock es inigualable, proporcionando una forma perfecta de garantizar los ingresos del sitio web con Adsanity. Ayuda a preservar las impresiones publicitarias, asegurando que no hay da\u00f1os en los valiosos ingresos o la participaci\u00f3n del espectador de su sitio.<\/p>\n<p>Use la destreza de Adsanity en la detecci\u00f3n de AdBlock para elevar los ingresos publicitarios y fomentar una mayor participaci\u00f3n del usuario en su sitio. Con la detecci\u00f3n confiable de Adsanity AdBlock, puede estar seguro de que la rentabilidad de su sitio web est\u00e1 bien protegida y su experiencia de usuario aumenta.<\/p>\n","protected":false},"featured_media":165277,"comment_status":"open","ping_status":"open","template":"","meta":[],"product_brand":[2349],"product_cat":[1232,1206,1211],"product_tag":[1578],"class_list":{"0":"post-110439","1":"product","2":"type-product","3":"status-publish","4":"has-post-thumbnail","6":"product_brand-adsanity","7":"product_cat-marketing-wordpress-plugins","8":"product_cat-plugins","9":"product_cat-wordpress-plugins","10":"product_tag-adsanity","11":"member-discount","12":"discount-restricted","14":"first","15":"instock","16":"sale","17":"downloadable","18":"virtual","19":"sold-individually","20":"purchasable","21":"product-type-simple"},"_links":{"self":[{"href":"https:\/\/gpl-love.com\/es\/wp-json\/wp\/v2\/product\/110439","targetHints":{"allow":["GET"]}}],"collection":[{"href":"https:\/\/gpl-love.com\/es\/wp-json\/wp\/v2\/product"}],"about":[{"href":"https:\/\/gpl-love.com\/es\/wp-json\/wp\/v2\/types\/product"}],"replies":[{"embeddable":true,"href":"https:\/\/gpl-love.com\/es\/wp-json\/wp\/v2\/comments?post=110439"}],"wp:featuredmedia":[{"embeddable":true,"href":"https:\/\/gpl-love.com\/es\/wp-json\/wp\/v2\/media\/165277"}],"wp:attachment":[{"href":"https:\/\/gpl-love.com\/es\/wp-json\/wp\/v2\/media?parent=110439"}],"wp:term":[{"taxonomy":"product_brand","embeddable":true,"href":"https:\/\/gpl-love.com\/es\/wp-json\/wp\/v2\/product_brand?post=110439"},{"taxonomy":"product_cat","embeddable":true,"href":"https:\/\/gpl-love.com\/es\/wp-json\/wp\/v2\/product_cat?post=110439"},{"taxonomy":"product_tag","embeddable":true,"href":"https:\/\/gpl-love.com\/es\/wp-json\/wp\/v2\/product_tag?post=110439"}],"curies":[{"name":"wp","href":"https:\/\/api.w.org\/{rel}","templated":true}]}}