{"id":110437,"date":"2025-04-11T00:00:00","date_gmt":"2025-04-11T05:00:00","guid":{"rendered":"http:\/\/gpl-love.com\/es\/producto\/aardvark-community-membership-buddypress-theme\/"},"modified":"2026-03-13T17:15:12","modified_gmt":"2026-03-13T22:15:12","slug":"aardvark-community-membership-buddypress-theme","status":"publish","type":"product","link":"https:\/\/gpl-love.com\/es\/producto\/aardvark-community-membership-buddypress-theme\/","title":{"rendered":"Aardvark Community Membership BuddyPress Theme 4.6.2"},"content":{"rendered":"<h3>Aardvark Community Membership BuddyPress Theme Caracteristicas<\/h3>\n<p>El tema de BuddyPress de Membres\u00eda de la Comunidad de Aardvark es un tema potente y f\u00e1cil de usar, meticulosamente elaborado para ayudar en el establecimiento de un sitio web din\u00e1mico de la comunidad. Con una interfaz intuitivamente dise\u00f1ada y una gran cantidad de caracter\u00edsticas personalizables, este tema facilita la creaci\u00f3n y gesti\u00f3n sin esfuerzo de una plataforma basada en la membres\u00eda que cautiva efectivamente a su audiencia mientras fomenta una comunidad activa y atractiva. Exhibiendo una rica gama de funcionalidades, este tema abarca una multitud de opciones de dise\u00f1o, perfiles de usuario personalizados, capacidades de b\u00fasqueda avanzada, integraci\u00f3n perfecta con varios canales de redes sociales y una gran cantidad de elementos adicionales. Con sus atributos formidables e instintivos, el tema de BuddyPress de membres\u00eda de la comunidad de Aardvark surge como la elecci\u00f3n por excelencia para las personas que buscan construir una comunidad en l\u00ednea floreciente.<\/p>\n<ul>\n<li>Tema de BuddyPress personalizable para sitios web de la comunidad<\/li>\n<li>Dise\u00f1o f\u00e1cil de usar con f\u00e1cil navegaci\u00f3n y dise\u00f1o receptivo<\/li>\n<li>Totalmente compatible con la \u00faltima versi\u00f3n de WordPress y BuddyPress<\/li>\n<li>Integrado con poderosas herramientas de gesti\u00f3n de miembros para administrar miembros de la comunidad<\/li>\n<li>Viene con p\u00e1ginas preconstruidas como directorio de miembros, alimentaci\u00f3n de actividades, grupos y foros<\/li>\n<li>Le permite crear p\u00e1ginas personalizadas con un creador de p\u00e1ginas de arrastrar y soltar<\/li>\n<li>Ofrece m\u00faltiples niveles de membres\u00eda con diferentes permisos y niveles de acceso<\/li>\n<li>Ofrece integraci\u00f3n de inicio de sesi\u00f3n social con redes sociales populares como Facebook, Twitter y LinkedIn<\/li>\n<li>Viene con m\u00faltiples opciones de personalizaci\u00f3n a trav\u00e9s del panel de opciones de tema<\/li>\n<li>Incluye documentaci\u00f3n extensa y videos tutoriales para ayudarlo a comenzar r\u00e1pidamente.<\/li>\n<\/ul>\n","protected":false},"excerpt":{"rendered":"<p>El tema de BuddyPress de Membres\u00eda de la Comunidad de Aardvark es una herramienta poderosa y vers\u00e1til, espec\u00edficamente dise\u00f1ada para la creaci\u00f3n de comunidades en l\u00ednea con Aardvark. Es un tema integrado de BuddyPress que fomenta la participaci\u00f3n del usuario con el tema de Aardvark BuddyPress, fomentando as\u00ed una pr\u00f3spera comunidad en l\u00ednea.<\/p>\n<p>Este tema robusto est\u00e1 equipado con una gran cantidad de herramientas y caracter\u00edsticas. Ofrece perfiles de usuario personalizables en el tema de Aardvark, las transmisiones de actividad de temas de Aardvark y las funcionalidades de mensajer\u00eda del tema de Aardvark BuddyPress. Estas caracter\u00edsticas aseguran un entorno animado e interactivo, mejorando la experiencia del usuario y aumentando la participaci\u00f3n.<\/p>\n<p>Adem\u00e1s, el tema de Aardvark es f\u00e1cil de usar, proporcionando herramientas de personalizaci\u00f3n en el tema de Aardvark que le permiten modificar f\u00e1cilmente la est\u00e9tica y el ambiente. Esto garantiza que su comunidad en l\u00ednea se alinee perfectamente con sus necesidades y visi\u00f3n espec\u00edficas.<\/p>\n<p>Ya sea que est\u00e9 buscando construir un sitio de redes sociales o crear un foro en l\u00ednea, Aardvark es la soluci\u00f3n para usted. Con su capacidad para<\/p>\n","protected":false},"featured_media":165246,"comment_status":"open","ping_status":"open","template":"","meta":[],"product_brand":[2337],"product_cat":[1267,1237,1238],"product_tag":[1391],"class_list":{"0":"post-110437","1":"product","2":"type-product","3":"status-publish","4":"has-post-thumbnail","6":"product_brand-themeforest","7":"product_cat-creativo","8":"product_cat-temas","9":"product_cat-wordpress-temas","10":"product_tag-themeforest","11":"member-discount","12":"discount-restricted","14":"first","15":"instock","16":"sale","17":"downloadable","18":"virtual","19":"sold-individually","20":"purchasable","21":"product-type-simple"},"_links":{"self":[{"href":"https:\/\/gpl-love.com\/es\/wp-json\/wp\/v2\/product\/110437","targetHints":{"allow":["GET"]}}],"collection":[{"href":"https:\/\/gpl-love.com\/es\/wp-json\/wp\/v2\/product"}],"about":[{"href":"https:\/\/gpl-love.com\/es\/wp-json\/wp\/v2\/types\/product"}],"replies":[{"embeddable":true,"href":"https:\/\/gpl-love.com\/es\/wp-json\/wp\/v2\/comments?post=110437"}],"wp:featuredmedia":[{"embeddable":true,"href":"https:\/\/gpl-love.com\/es\/wp-json\/wp\/v2\/media\/165246"}],"wp:attachment":[{"href":"https:\/\/gpl-love.com\/es\/wp-json\/wp\/v2\/media?parent=110437"}],"wp:term":[{"taxonomy":"product_brand","embeddable":true,"href":"https:\/\/gpl-love.com\/es\/wp-json\/wp\/v2\/product_brand?post=110437"},{"taxonomy":"product_cat","embeddable":true,"href":"https:\/\/gpl-love.com\/es\/wp-json\/wp\/v2\/product_cat?post=110437"},{"taxonomy":"product_tag","embeddable":true,"href":"https:\/\/gpl-love.com\/es\/wp-json\/wp\/v2\/product_tag?post=110437"}],"curies":[{"name":"wp","href":"https:\/\/api.w.org\/{rel}","templated":true}]}}