{"id":110434,"date":"2026-04-16T00:00:00","date_gmt":"2026-04-16T05:00:00","guid":{"rendered":"http:\/\/gpl-love.com\/es\/producto\/xstore-responsive-multipurpose-woocommerce-theme\/"},"modified":"2026-04-16T17:17:05","modified_gmt":"2026-04-16T22:17:05","slug":"xstore-responsive-multipurpose-woocommerce-theme","status":"publish","type":"product","link":"https:\/\/gpl-love.com\/es\/producto\/xstore-responsive-multipurpose-woocommerce-theme\/","title":{"rendered":"XStore Responsive MultiPurpose WooCommerce Theme 9.7.2"},"content":{"rendered":"<h3>XStore Responsive MultiPurpose WooCommerce Theme Caracteristicas<\/h3>\n<p>El tema de WooCommerce multiprop\u00f3sito de XSTORE es un tema excepcional que satisface las necesidades de cualquier sitio web de comercio electr\u00f3nico. Este tema meticulosamente elaborado ha sido dise\u00f1ado de manera inteligente para integrarse perfectamente con WooCommerce, simplificando el proceso de configuraci\u00f3n y administraci\u00f3n de una tienda en l\u00ednea. Con un dise\u00f1o elegante y contempor\u00e1neo, Xstore est\u00e1 garantizado para cautivar a los clientes y proporcionarles una experiencia de compra navegable sin esfuerzo. Como una ventaja adicional, este tema ofrece una gran cantidad de demostraciones y dise\u00f1os diversos que se pueden adaptar sin esfuerzo para adaptarse al estilo \u00fanico de su marca, inculc\u00e1ndolo con un atractivo est\u00e9tico incomparable. Adem\u00e1s, XStore se complementa con una gran cantidad de caracter\u00edsticas invaluables, que incluye un panel de opciones de tema robusto, widgets personalizables y controles deslizantes preconstruidos. En consecuencia, el tema de WooCommerce multiprop\u00f3sito que receptiva es una opci\u00f3n inquebrantable para las personas que buscan forjar una tienda en l\u00ednea triunfante.<\/p>\n<ul>\n<li>Tema de WooCommerce altamente receptivo y f\u00e1cilmente personalizable<\/li>\n<li>Adecuado para una amplia gama de empresas e industrias de comercio electr\u00f3nico<\/li>\n<li>Admite numerosas opciones de dise\u00f1o para una visualizaci\u00f3n \u00f3ptima de productos y experiencia de usuario<\/li>\n<li>Viene con m\u00e1s de 16 demostraciones de p\u00e1gina de inicio predise\u00f1adas para elegir<\/li>\n<li>Ofrece un sistema de filtro de productos avanzado para una b\u00fasqueda y selecci\u00f3n de productos m\u00e1s f\u00e1ciles<\/li>\n<li>Incluye varias plantillas de categor\u00eda de productos para categorizaci\u00f3n y navegaci\u00f3n eficientes.<\/li>\n<li>Se integra f\u00e1cilmente con varias pasarelas de pago y m\u00e9todos de env\u00edo para una experiencia de pago sin problemas<\/li>\n<li>Ofrece m\u00faltiples estilos de encabezado y pie de p\u00e1gina para elegir para obtener opciones de personalizaci\u00f3n adicionales<\/li>\n<li>Compatible con varios complementos populares para una funcionalidad adicional y caracter\u00edsticas extendidas<\/li>\n<li>Proporciona una excelente atenci\u00f3n al cliente y actualizaciones de por vida para la optimizaci\u00f3n y mejora continuas.<\/li>\n<\/ul>\n","protected":false},"excerpt":{"rendered":"<p>Xstore, un tema de WooCommerce incre\u00edblemente adaptable, est\u00e1 dise\u00f1ado para atender a las empresas de cualquier magnitud. Con una est\u00e9tica elegante y contempor\u00e1nea, Xstore ofrece un aire de profesionalismo a cualquier tienda en l\u00ednea que se re\u00fana. Este impresionante tema viene equipado con una gran cantidad de caracter\u00edsticas valiosas, como una variedad de dise\u00f1os de p\u00e1gina de inicio para elegir, la conveniente funcionalidad de producto de vista r\u00e1pida, un sistema de filtrado de productos integrado y un constructor visual f\u00e1cil de usar. Xstore no solo posee estos atributos notables, sino que tambi\u00e9n prioriza la optimizaci\u00f3n de velocidad y motores de b\u00fasqueda (SEO), asegurando que su sitio web se cargue r\u00e1pidamente y alcance una clasificaci\u00f3n favorable en los resultados del motor de b\u00fasqueda. Desde la ropa hasta la electr\u00f3nica, y todo lo dem\u00e1s, Xstore demuestra ser una excelente selecci\u00f3n para su sitio web de comercio electr\u00f3nico.<\/p>\n","protected":false},"featured_media":168566,"comment_status":"open","ping_status":"open","template":"","meta":[],"product_brand":[2337],"product_cat":[1263,1264,1237],"product_tag":[1391],"class_list":{"0":"post-110434","1":"product","2":"type-product","3":"status-publish","4":"has-post-thumbnail","6":"product_brand-themeforest","7":"product_cat-comercio-electronico-temas","8":"product_cat-negocio","9":"product_cat-temas","10":"product_tag-themeforest","11":"member-discount","12":"discount-restricted","14":"first","15":"instock","16":"sale","17":"downloadable","18":"virtual","19":"sold-individually","20":"purchasable","21":"product-type-simple"},"_links":{"self":[{"href":"https:\/\/gpl-love.com\/es\/wp-json\/wp\/v2\/product\/110434","targetHints":{"allow":["GET"]}}],"collection":[{"href":"https:\/\/gpl-love.com\/es\/wp-json\/wp\/v2\/product"}],"about":[{"href":"https:\/\/gpl-love.com\/es\/wp-json\/wp\/v2\/types\/product"}],"replies":[{"embeddable":true,"href":"https:\/\/gpl-love.com\/es\/wp-json\/wp\/v2\/comments?post=110434"}],"wp:featuredmedia":[{"embeddable":true,"href":"https:\/\/gpl-love.com\/es\/wp-json\/wp\/v2\/media\/168566"}],"wp:attachment":[{"href":"https:\/\/gpl-love.com\/es\/wp-json\/wp\/v2\/media?parent=110434"}],"wp:term":[{"taxonomy":"product_brand","embeddable":true,"href":"https:\/\/gpl-love.com\/es\/wp-json\/wp\/v2\/product_brand?post=110434"},{"taxonomy":"product_cat","embeddable":true,"href":"https:\/\/gpl-love.com\/es\/wp-json\/wp\/v2\/product_cat?post=110434"},{"taxonomy":"product_tag","embeddable":true,"href":"https:\/\/gpl-love.com\/es\/wp-json\/wp\/v2\/product_tag?post=110434"}],"curies":[{"name":"wp","href":"https:\/\/api.w.org\/{rel}","templated":true}]}}