{"id":110426,"date":"2026-03-25T00:00:00","date_gmt":"2026-03-25T05:00:00","guid":{"rendered":"http:\/\/gpl-love.com\/es\/producto\/really-simple-ssl-pro-wordpress-plugin-premium\/"},"modified":"2026-04-10T11:22:58","modified_gmt":"2026-04-10T16:22:58","slug":"really-simple-ssl-pro-wordpress-plugin-premium","status":"publish","type":"product","link":"https:\/\/gpl-love.com\/es\/producto\/really-simple-ssl-pro-wordpress-plugin-premium\/","title":{"rendered":"Really Simple SSL Pro 9.5.9"},"content":{"rendered":"<h3>Really Simple SSL Pro Caracteristicas<\/h3>\n<p>El complemento de WordPress altamente robusto y formidable conocido como SSL Pro realmente simple ofrece una soluci\u00f3n valiosa para los propietarios de sitios web que buscan hacer una transici\u00f3n sin esfuerzo y de manera confiable sus sitios web de HTTP a HTTPS. Este notable complemento ha sido intrincadamente dise\u00f1ado para optimizar el proceso de implementaci\u00f3n de SSL en su sitio web, otorg\u00e1ndole la capacidad de fortalecer la seguridad de su sitio web y salvaguardar la delicada informaci\u00f3n de sus usuarios con la mayor facilidad y eficiencia. Al utilizar SSL Pro realmente simple, puede eludir sin esfuerzo los intrincados tecnicismos involucrados en la realizaci\u00f3n de la conversi\u00f3n de su sitio web a HTTPS, lo que le permite redirigir su enfoque y energ\u00eda hacia la creaci\u00f3n de contenido excepcional y fomentar un compromiso significativo con su audiencia. Este complemento excepcional proporciona una variedad de caracter\u00edsticas avanzadas, que incluyen, entre otros, la fijaci\u00f3n de contenido mixto, la seguridad de transporte estricto HTTP y el monitoreo de vencimiento de certificados, que colectivamente funcionan en conjunto para garantizar que su sitio web permanezca perpetuamente protegido y funcione sin problemas. Independientemente de si usted es un blogger dedicado, un propietario del sitio web de comercio electr\u00f3nico o un propietario de un negocio tenaz, la indispensabilidad de SSL Pro realmente simple no puede ser exagerada, ya que garantiza no solo la mejora de la seguridad de su sitio web sino tambi\u00e9n el cultivo de confianza entre sus estimados usuarios.<\/p>\n<ul>\n<li>Hace que sea f\u00e1cil asegurar su sitio web con cifrado SSL<\/li>\n<li>Incluye opciones para correcciones de contenido mixto (http\/https)<\/li>\n<li>Detecta y redirige autom\u00e1ticamente el tr\u00e1fico HTTP a HTTPS<\/li>\n<li>Proporciona informes detallados y registro de depuraci\u00f3n<\/li>\n<li>Se integra con complementos populares de WordPress<\/li>\n<li>Ofrece soporte premium para la resoluci\u00f3n de problemas y la asistencia de configuraci\u00f3n<\/li>\n<\/ul>\n","protected":false},"excerpt":{"rendered":"<p>Con su amplia gama de caracter\u00edsticas e interfaz f\u00e1cil de usar, SSL Pro realmente simple demuestra ser una herramienta indispensable para fortalecer r\u00e1pidamente y sin esfuerzo su sitio web con el mayor nivel de seguridad a trav\u00e9s del cifrado SSL. Simplemente ejecutando unos pocos clics, puede salvaguardar de manera efectiva todo su sitio, garantizando que toda la informaci\u00f3n transmitida entre su sitio y sus visitantes permanezca completamente encriptada e impermeable a cualquier amenaza potencial. Este complemento inmensamente poderoso no solo ofrece medidas de seguridad b\u00e1sicas, sino que tambi\u00e9n abarca funcionalidades avanzadas como rectificaci\u00f3n de contenido mixto, renovaci\u00f3n de certificados automatizados y la aplicaci\u00f3n de HTTPS, asegurando as\u00ed un nivel incomparable de seguridad y protecci\u00f3n para su estimado sitio web. Ya sea que sea un propietario de un negocio de escala modesta o un desarrollador web experimentado, la adquisici\u00f3n de SSL Pro realmente simple surge como una necesidad imperativa para que cualquier sitio web que se esfuerce por mantener su impermeabilidad y salvaguardia en el paisaje digital en constante evoluci\u00f3n de hoy.<\/p>\n","protected":false},"featured_media":167330,"comment_status":"open","ping_status":"open","template":"","meta":[],"product_brand":[2546],"product_cat":[1206,1579,1211],"product_tag":[1781],"class_list":{"0":"post-110426","1":"product","2":"type-product","3":"status-publish","4":"has-post-thumbnail","6":"product_brand-really-simple-ssl","7":"product_cat-plugins","8":"product_cat-rendimiento","9":"product_cat-wordpress-plugins","10":"product_tag-really-simple-ssl","11":"member-discount","12":"discount-restricted","14":"first","15":"instock","16":"sale","17":"downloadable","18":"virtual","19":"sold-individually","20":"purchasable","21":"product-type-simple"},"_links":{"self":[{"href":"https:\/\/gpl-love.com\/es\/wp-json\/wp\/v2\/product\/110426","targetHints":{"allow":["GET"]}}],"collection":[{"href":"https:\/\/gpl-love.com\/es\/wp-json\/wp\/v2\/product"}],"about":[{"href":"https:\/\/gpl-love.com\/es\/wp-json\/wp\/v2\/types\/product"}],"replies":[{"embeddable":true,"href":"https:\/\/gpl-love.com\/es\/wp-json\/wp\/v2\/comments?post=110426"}],"wp:featuredmedia":[{"embeddable":true,"href":"https:\/\/gpl-love.com\/es\/wp-json\/wp\/v2\/media\/167330"}],"wp:attachment":[{"href":"https:\/\/gpl-love.com\/es\/wp-json\/wp\/v2\/media?parent=110426"}],"wp:term":[{"taxonomy":"product_brand","embeddable":true,"href":"https:\/\/gpl-love.com\/es\/wp-json\/wp\/v2\/product_brand?post=110426"},{"taxonomy":"product_cat","embeddable":true,"href":"https:\/\/gpl-love.com\/es\/wp-json\/wp\/v2\/product_cat?post=110426"},{"taxonomy":"product_tag","embeddable":true,"href":"https:\/\/gpl-love.com\/es\/wp-json\/wp\/v2\/product_tag?post=110426"}],"curies":[{"name":"wp","href":"https:\/\/api.w.org\/{rel}","templated":true}]}}