{"id":110421,"date":"2025-07-31T00:00:00","date_gmt":"2025-07-31T05:00:00","guid":{"rendered":"http:\/\/gpl-love.com\/es\/producto\/pw-woocommerce-bulk-edit-pro\/"},"modified":"2026-04-10T11:22:33","modified_gmt":"2026-04-10T16:22:33","slug":"pw-woocommerce-bulk-edit-pro","status":"publish","type":"product","link":"https:\/\/gpl-love.com\/es\/producto\/pw-woocommerce-bulk-edit-pro\/","title":{"rendered":"PW WooCommerce Bulk Edit Pro 3.16"},"content":{"rendered":"<h3>PW WooCommerce Bulk Edit Pro Caracteristicas<\/h3>\n<p>PW WooCommerce Bulk Edit Pro es un complemento muy robusto y eficaz que ha sido meticulosamente elaborado y dise\u00f1ado para acelerar y racionalizar la gran cantidad de procesos de gesti\u00f3n de tiendas intrincados y elaborados que son inherentes a operar una tienda de WooCommerce. Esta herramienta sobresaliente le permite efectuar r\u00e1pidamente y sin esfuerzo una multitud de modificaciones y modificaciones a su extenso y diverso cat\u00e1logo de productos, abarcando, entre otros Ajuste de los niveles de inventario. La notable e incomparable flexibilidad de este complemento es realmente impresionante e asombroso, ya que le otorga la capacidad y la capacidad de filtrar meticulosamente y sistem\u00e1ticamente productos basados \u200b\u200ben una gran cantidad de criterios extensos y diversos, que abarca las categor\u00edas, etiquetas e incluso rangos de precios. Adem\u00e1s, la caracter\u00edstica inimitable e incomparable de poder obtener una vista previa de sus cambios propuestos antes de aplicarlos es una innovaci\u00f3n notable y revolucionaria que garantiza y garantiza que su tienda estimada y prestigiosa siga siendo consistentemente precisa, precisa y actualizada, engendra y, por lo tanto, engendra y, engendra, as\u00ed Fomente la confianza y la lealtad de su clientela exigente y estimada. Ya sea que usted sea el propietario de una tienda a peque\u00f1a escala con una escasa variedad de productos o una empresa colosal y gigantesca con un cat\u00e1logo de productos vasto y extenso, el PW Bulk Pro de PW indispensable e indispensable es una herramienta indispensablemente invaluable que garantiza salvar a salvarlo. Usted es una enorme cantidad de tiempo, esfuerzo y energ\u00eda, al tiempo que refuerza y \u200b\u200bamplifica y amplifica sus niveles generales de productividad y eficiencia a alturas sin precedentes y asombrosas.<\/p>\n<ul>\n<li>Editar de manera eficiente m\u00faltiples productos a la vez con la capacidad de filtrar productos basados \u200b\u200ben atributos espec\u00edficos<\/li>\n<li>Permite una edici\u00f3n r\u00e1pida y f\u00e1cil de t\u00edtulos de productos, descripciones, precios y m\u00e1s<\/li>\n<li>Proporciona la opci\u00f3n de asignar categor\u00edas y etiquetas a m\u00faltiples productos simult\u00e1neamente<\/li>\n<li>Habilita la edici\u00f3n masiva de las im\u00e1genes del producto, incluida la capacidad de agregar, eliminar o reemplazar im\u00e1genes<\/li>\n<li>Admite la edici\u00f3n de productos variables, habilitando ajustes de precios para variaciones individuales<\/li>\n<li>Ofrece la capacidad de exportar e importar datos de productos, simplificando las ediciones a gran escala en m\u00faltiples tiendas<\/li>\n<li>Proporciona una interfaz f\u00e1cil de usar una vista previa en vivo de los cambios de productos<\/li>\n<li>Compatible con WooCommerce y WordPress, asegurando una integraci\u00f3n perfecta con las tiendas en l\u00ednea existentes.<\/li>\n<\/ul>\n","protected":false},"excerpt":{"rendered":"<p>El PW WooCommerce Bulk Edit Pro, un complemento altamente eficiente y f\u00e1cil de usar, se presenta como una herramienta notable que permite a los usuarios hacer modificaciones sin esfuerzo a una multitud de productos simult\u00e1neamente. Con sus capacidades formidables, los individuos pueden alterar r\u00e1pidamente varios aspectos, como los precios de los productos, las categor\u00edas, las etiquetas, las cantidades de acciones y m\u00e1s, lo que resulta en una reducci\u00f3n significativa tanto del tiempo como del esfuerzo. Adem\u00e1s, este complemento excepcional abarca las funcionalidades avanzadas de filtrado y b\u00fasqueda, lo que permite a los usuarios que se dirigen con precisi\u00f3n a los productos espec\u00edficos que requieren enmiendas. Ya sea que uno se encuentre supervisando una tienda en l\u00ednea expansiva o simplemente busque un m\u00e9todo m\u00e1s conveniente para actualizar productos, el PW WooCommerce Bulk Edit Pro surge como la soluci\u00f3n ideal para satisfacer sus necesidades distintivas.<\/p>\n","protected":false},"featured_media":167292,"comment_status":"open","ping_status":"open","template":"","meta":[],"product_brand":[2542],"product_cat":[1208,1207,1206],"product_tag":[1574],"class_list":{"0":"post-110421","1":"product","2":"type-product","3":"status-publish","4":"has-post-thumbnail","6":"product_brand-pimwick","7":"product_cat-administracion","8":"product_cat-comercio-electronico-plugins","9":"product_cat-plugins","10":"product_tag-pimwick","11":"member-discount","12":"discount-restricted","14":"first","15":"instock","16":"sale","17":"downloadable","18":"virtual","19":"sold-individually","20":"purchasable","21":"product-type-simple"},"_links":{"self":[{"href":"https:\/\/gpl-love.com\/es\/wp-json\/wp\/v2\/product\/110421","targetHints":{"allow":["GET"]}}],"collection":[{"href":"https:\/\/gpl-love.com\/es\/wp-json\/wp\/v2\/product"}],"about":[{"href":"https:\/\/gpl-love.com\/es\/wp-json\/wp\/v2\/types\/product"}],"replies":[{"embeddable":true,"href":"https:\/\/gpl-love.com\/es\/wp-json\/wp\/v2\/comments?post=110421"}],"wp:featuredmedia":[{"embeddable":true,"href":"https:\/\/gpl-love.com\/es\/wp-json\/wp\/v2\/media\/167292"}],"wp:attachment":[{"href":"https:\/\/gpl-love.com\/es\/wp-json\/wp\/v2\/media?parent=110421"}],"wp:term":[{"taxonomy":"product_brand","embeddable":true,"href":"https:\/\/gpl-love.com\/es\/wp-json\/wp\/v2\/product_brand?post=110421"},{"taxonomy":"product_cat","embeddable":true,"href":"https:\/\/gpl-love.com\/es\/wp-json\/wp\/v2\/product_cat?post=110421"},{"taxonomy":"product_tag","embeddable":true,"href":"https:\/\/gpl-love.com\/es\/wp-json\/wp\/v2\/product_tag?post=110421"}],"curies":[{"name":"wp","href":"https:\/\/api.w.org\/{rel}","templated":true}]}}