{"id":110417,"date":"2021-02-09T00:00:00","date_gmt":"2021-02-09T05:00:00","guid":{"rendered":"http:\/\/gpl-love.com\/es\/producto\/raz-clean-minimal-woocommerce-theme\/"},"modified":"2026-04-10T11:22:50","modified_gmt":"2026-04-10T16:22:50","slug":"raz-clean-minimal-woocommerce-theme","status":"publish","type":"product","link":"https:\/\/gpl-love.com\/es\/producto\/raz-clean-minimal-woocommerce-theme\/","title":{"rendered":"Raz Clean, Minimal WooCommerce Theme 1.0.9"},"content":{"rendered":"<h3>Raz Clean, Minimal WooCommerce Theme Caracteristicas<\/h3>\n<p>Raz Clean es un tema de WooCommerce de vanguardia y vanguardista meticulosamente elaborado para empresas que aspiran a establecer una presencia en l\u00ednea pr\u00edstina y refinada. Exhibiendo un dise\u00f1o elegante y despejado, una interfaz instintiva y una gran cantidad de caracter\u00edsticas robustas, Raz Clean presenta una experiencia de usuario incomparable que aumenta efectivamente las tasas de conversi\u00f3n y impulsa las ventas. Este tema cuenta con total capacidad de respuesta y tiempos de carga r\u00e1pidos optimizados, asegurando as\u00ed un rendimiento \u00f3ptimo en diversos dispositivos y plataformas. Independientemente de si se especializa en la venta de mercanc\u00edas f\u00edsicas, descargas digitales o servicios digitales, Raz Clean abarca todos los elementos necesarios para dise\u00f1ar una tienda virtual perfecta y sofisticada. Desde dise\u00f1os personalizables hasta la funcionalidad de b\u00fasqueda de vanguardia, este tema es absolutamente esencial para cualquier comerciante cibern\u00e9tico con el objetivo de catapultar su empresa a mayores alturas.<\/p>\n<ul>\n<li>Dise\u00f1o simple, elegante y moderno<\/li>\n<li>Compatible con la \u00faltima versi\u00f3n de WooCommerce<\/li>\n<li>Totalmente personalizable con una interfaz f\u00e1cil de usar<\/li>\n<li>Codificaci\u00f3n optimizada por SEO para una mejor visibilidad del motor de b\u00fasqueda<\/li>\n<li>Dise\u00f1o receptivo para una experiencia de navegaci\u00f3n perfecta en todos los dispositivos<\/li>\n<li>Dise\u00f1o widgetizado f\u00e1cil de usar con m\u00faltiples opciones de visualizaci\u00f3n<\/li>\n<li>Caracter\u00edstica de vista r\u00e1pida de producto incorporado para navegaci\u00f3n m\u00e1s r\u00e1pida<\/li>\n<li>Integrado con las pasarelas de pago populares para un pago sin interrupciones<\/li>\n<li>Opciones de esquema de color m\u00faltiples para adaptarse al estilo de su marca<\/li>\n<li>Documentaci\u00f3n integral y atenci\u00f3n al cliente<\/li>\n<\/ul>\n","protected":false},"excerpt":{"rendered":"<p>Presentamos a Raz Clean, un tema excepcional de WooCommerce dise\u00f1ado meticulosamente para usuarios que anhelan una est\u00e9tica de dise\u00f1o exquisitamente elegante y sin esfuerzo minimalista. Exhibiendo una fusi\u00f3n perfecta de forma y funci\u00f3n, este tema exquisitamente elaborado posee una intuici\u00f3n inherente que facilita la navegaci\u00f3n sin esfuerzo, capacitando a los usuarios para forjar una tienda en l\u00ednea que incorpora inequ\u00edvocamente su identidad de marca. Con un dise\u00f1o inmaculadamente limpio y una tipograf\u00eda meticulosamente pulida, este tema otorga un aire de profesionalismo y sofisticaci\u00f3n contempor\u00e1nea, aumentando as\u00ed la experiencia general del cliente. Con una gran cantidad de opciones de personalizaci\u00f3n a su alcance, tenga la seguridad de que sus productos se exhibir\u00e1n de manera acorde con su m\u00e1ximo potencial, cortes\u00eda de este tema impresionante. No pierda el tiempo y se embarque en su viaje transformador hoy, ya que Raz Clean est\u00e1 listo para catapultar su tienda en l\u00ednea a alturas incomparables.<\/p>\n","protected":false},"featured_media":167315,"comment_status":"open","ping_status":"open","template":"","meta":[],"product_brand":[2337],"product_cat":[1263,1264,1237],"product_tag":[1391],"class_list":{"0":"post-110417","1":"product","2":"type-product","3":"status-publish","4":"has-post-thumbnail","6":"product_brand-themeforest","7":"product_cat-comercio-electronico-temas","8":"product_cat-negocio","9":"product_cat-temas","10":"product_tag-themeforest","11":"member-discount","12":"discount-restricted","14":"first","15":"instock","16":"sale","17":"downloadable","18":"virtual","19":"sold-individually","20":"purchasable","21":"product-type-simple"},"_links":{"self":[{"href":"https:\/\/gpl-love.com\/es\/wp-json\/wp\/v2\/product\/110417","targetHints":{"allow":["GET"]}}],"collection":[{"href":"https:\/\/gpl-love.com\/es\/wp-json\/wp\/v2\/product"}],"about":[{"href":"https:\/\/gpl-love.com\/es\/wp-json\/wp\/v2\/types\/product"}],"replies":[{"embeddable":true,"href":"https:\/\/gpl-love.com\/es\/wp-json\/wp\/v2\/comments?post=110417"}],"wp:featuredmedia":[{"embeddable":true,"href":"https:\/\/gpl-love.com\/es\/wp-json\/wp\/v2\/media\/167315"}],"wp:attachment":[{"href":"https:\/\/gpl-love.com\/es\/wp-json\/wp\/v2\/media?parent=110417"}],"wp:term":[{"taxonomy":"product_brand","embeddable":true,"href":"https:\/\/gpl-love.com\/es\/wp-json\/wp\/v2\/product_brand?post=110417"},{"taxonomy":"product_cat","embeddable":true,"href":"https:\/\/gpl-love.com\/es\/wp-json\/wp\/v2\/product_cat?post=110417"},{"taxonomy":"product_tag","embeddable":true,"href":"https:\/\/gpl-love.com\/es\/wp-json\/wp\/v2\/product_tag?post=110417"}],"curies":[{"name":"wp","href":"https:\/\/api.w.org\/{rel}","templated":true}]}}