{"id":110415,"date":"2021-02-09T00:00:00","date_gmt":"2021-02-09T05:00:00","guid":{"rendered":"http:\/\/gpl-love.com\/es\/producto\/lebe-multipurpose-woocommerce-theme\/"},"modified":"2026-03-13T17:23:29","modified_gmt":"2026-03-13T22:23:29","slug":"lebe-multipurpose-woocommerce-theme","status":"publish","type":"product","link":"https:\/\/gpl-love.com\/es\/producto\/lebe-multipurpose-woocommerce-theme\/","title":{"rendered":"Lebe Multipurpose WooCommerce Theme 1.5.0"},"content":{"rendered":"<h3>Lebe Multipurpose WooCommerce Theme Caracteristicas<\/h3>\n<p>El tema de Lebe Multipurpose WooCommerce es un tema de WordPress incre\u00edblemente vers\u00e1til y excepcionalmente potente que ha sido meticulosamente dise\u00f1ado para sitios web de comercio electr\u00f3nico. Cuenta con una amplia gama de caracter\u00edsticas impresionantes y una gran cantidad de opciones personalizables, asegurando que pueda adaptar su tienda en l\u00ednea para adaptarse perfectamente a sus requisitos \u00fanicos. Gracias a su constructor de p\u00e1ginas de arrastrar y soltar altamente intuitivo, incluso aquellos sin ning\u00fan conocimiento de codificaci\u00f3n pueden crear y personalizar sin esfuerzo el dise\u00f1o, el dise\u00f1o y la funcionalidad de su tienda. Adem\u00e1s, este tema notable es totalmente receptivo, asegurando que su sitio se vea impecable en todos los dispositivos, y se ha optimizado meticulosamente para la clasificaci\u00f3n de motores de b\u00fasqueda, lo que garantiza que su tienda se pueda descubrir f\u00e1cilmente en l\u00ednea. Adem\u00e1s, con su perfecta integraci\u00f3n de WooCommerce, puede supervisar y administrar sin esfuerzo sus productos, pedidos y pagos desde una ubicaci\u00f3n conveniente. Ya sea que est\u00e9 vendiendo productos f\u00edsicos o descargas digitales, el tema de WooCommerce de Lebe MultipUrpose proporciona una soluci\u00f3n ideal para construir una tienda en l\u00ednea pr\u00f3spera y pr\u00f3spera.<\/p>\n<ul>\n<li>Un tema de WooCommerce totalmente personalizable dise\u00f1ado para el uso de m\u00faltiples usos.<\/li>\n<li>Incluye 9 dise\u00f1os de p\u00e1gina de inicio \u00fanicos con contenido de demostraci\u00f3n incluido para una f\u00e1cil configuraci\u00f3n.<\/li>\n<li>El potente panel de opciones de temas permite una f\u00e1cil personalizaci\u00f3n de colores, tipograf\u00eda y dise\u00f1o.<\/li>\n<li>Dise\u00f1o totalmente receptivo optimizado para cualquier tama\u00f1o de pantalla o dispositivo.<\/li>\n<li>Admite m\u00faltiples idiomas y es compatible con complementos de traducci\u00f3n populares.<\/li>\n<li>Incluye opciones de filtrado de productos incorporadas y vista r\u00e1pida del producto.<\/li>\n<li>Integraci\u00f3n completa con extensiones populares de WooCommerce como WooCommerce Bookings, WooCommerce Subscriptions y WooCommerce Memberships.<\/li>\n<li>Incluye una integraci\u00f3n perfecta con constructores de p\u00e1ginas populares como Elementor y Visual Composer.<\/li>\n<li>Optimizado para tiempos de carga de p\u00e1gina r\u00e1pidos y optimizaci\u00f3n de motores de b\u00fasqueda (SEO).<\/li>\n<li>Incluye documentaci\u00f3n integral y soporte r\u00e1pido y eficiente.<\/li>\n<\/ul>\n","protected":false},"excerpt":{"rendered":"<p>El tema de WooCommerce de Lebe Multipurpose es una herramienta de dise\u00f1o incre\u00edblemente vers\u00e1til y f\u00e1cil de usar que est\u00e1 hecha a medida para las personas que buscan establecer una pr\u00f3spera tienda en l\u00ednea. Con una compatibilidad completa con WooCommerce, este tema proporciona a los empresarios la capacidad perfecta para curar un sitio web de comercio electr\u00f3nico que se alinea sin problemas con su identidad de marca \u00fanica. Con una extensa gama de plantillas a su disposici\u00f3n, los usuarios tienen la tremenda oportunidad de personalizar sin esfuerzo su tienda en l\u00ednea al contenido de su coraz\u00f3n. Adem\u00e1s, este tema cuenta con un dise\u00f1o altamente receptivo, que garantiza que su sitio web exude su m\u00e1xima brillantez en todos los dispositivos. Adem\u00e1s, sus capacidades de rendimiento excepcionales junto con su interfaz f\u00e1cil de usar lo convierten en la opci\u00f3n ideal para aquellos que se esfuerzan por las impresionantes tiendas en l\u00ednea.<\/p>\n","protected":false},"featured_media":166604,"comment_status":"open","ping_status":"open","template":"","meta":[],"product_brand":[2337],"product_cat":[1263,1469,1237],"product_tag":[1391],"class_list":{"0":"post-110415","1":"product","2":"type-product","3":"status-publish","4":"has-post-thumbnail","6":"product_brand-themeforest","7":"product_cat-comercio-electronico-temas","8":"product_cat-creativo-comercio-electronico-temas","9":"product_cat-temas","10":"product_tag-themeforest","11":"member-discount","12":"discount-restricted","14":"first","15":"instock","16":"sale","17":"downloadable","18":"virtual","19":"sold-individually","20":"purchasable","21":"product-type-simple"},"_links":{"self":[{"href":"https:\/\/gpl-love.com\/es\/wp-json\/wp\/v2\/product\/110415","targetHints":{"allow":["GET"]}}],"collection":[{"href":"https:\/\/gpl-love.com\/es\/wp-json\/wp\/v2\/product"}],"about":[{"href":"https:\/\/gpl-love.com\/es\/wp-json\/wp\/v2\/types\/product"}],"replies":[{"embeddable":true,"href":"https:\/\/gpl-love.com\/es\/wp-json\/wp\/v2\/comments?post=110415"}],"wp:featuredmedia":[{"embeddable":true,"href":"https:\/\/gpl-love.com\/es\/wp-json\/wp\/v2\/media\/166604"}],"wp:attachment":[{"href":"https:\/\/gpl-love.com\/es\/wp-json\/wp\/v2\/media?parent=110415"}],"wp:term":[{"taxonomy":"product_brand","embeddable":true,"href":"https:\/\/gpl-love.com\/es\/wp-json\/wp\/v2\/product_brand?post=110415"},{"taxonomy":"product_cat","embeddable":true,"href":"https:\/\/gpl-love.com\/es\/wp-json\/wp\/v2\/product_cat?post=110415"},{"taxonomy":"product_tag","embeddable":true,"href":"https:\/\/gpl-love.com\/es\/wp-json\/wp\/v2\/product_tag?post=110415"}],"curies":[{"name":"wp","href":"https:\/\/api.w.org\/{rel}","templated":true}]}}