{"id":110413,"date":"2026-02-06T00:00:00","date_gmt":"2026-02-06T05:00:00","guid":{"rendered":"http:\/\/gpl-love.com\/es\/producto\/bighearts-charity-donation-wordpress-theme\/"},"modified":"2026-03-13T17:16:35","modified_gmt":"2026-03-13T22:16:35","slug":"bighearts-charity-donation-wordpress-theme","status":"publish","type":"product","link":"https:\/\/gpl-love.com\/es\/producto\/bighearts-charity-donation-wordpress-theme\/","title":{"rendered":"BigHearts Charity y Donation WordPress Theme 3.1.13"},"content":{"rendered":"<h3>BigHearts Charity y Donation WordPress Theme Caracteristicas<\/h3>\n<p>El tema de WordPress de Bighearts Charity y Donation es un tema de WordPress excepcionalmente robusto y altamente personalizable dise\u00f1ado espec\u00edficamente para satisfacer las necesidades y objetivos \u00fanicos de las organizaciones sin fines de lucro, las bases de la caridad y las campa\u00f1as de donaci\u00f3n. Con un dise\u00f1o completamente receptivo y una amplia gama de dise\u00f1os preconstruidos, este tema extraordinario le permite elaborar sin esfuerzo un sitio web visualmente impresionante y profesionalmente pulido que se garantiza que difunde efectivamente la informaci\u00f3n, fomentar la conciencia p\u00fablica y movilizar el apoyo financiero por su noble causa por su noble causa. .<\/p>\n<p>Distinguido por su amplia gama de funcionalidades indispensables, el tema de WordPress de Baridad y donaci\u00f3n de Bighearts est\u00e1 equipado con una variedad de herramientas indispensables, incluidas, entre otros, formularios de donaci\u00f3n, un calendario de eventos, capacidades de gesti\u00f3n de equipos y voluntarios, y mucho m\u00e1s. Adem\u00e1s, este tema le otorga la libertad incomparable para personalizar cada aspecto de su sitio web para alinearse sin problemas con la identidad de marca \u00fanica de su organizaci\u00f3n, todo gracias al panel de opciones de temas incre\u00edblemente potentes.<\/p>\n<p>Independientemente de si usted es una estimada organizaci\u00f3n ben\u00e9fica que se esfuerza por tener un impacto positivo indeleble en la sociedad o una ambiciosa campa\u00f1a de recaudaci\u00f3n de fondos que se esfuerza por acumular fondos sustanciales para una causa apremiante, puede estar seguro de que la caridad de Bighearts y la donaci\u00f3n de WordPress se demostrar\u00e1n a s\u00ed misma para ser un indispensable Ally Ally. en tu noble persecuci\u00f3n.<\/p>\n<ul>\n<li>Un tema premium de WordPress dise\u00f1ado espec\u00edficamente para sitios web de caridad y donaci\u00f3n<\/li>\n<li>Incluye varias plantillas predise\u00f1adas y opciones de dise\u00f1o para ayudarlo a crear un sitio profesional y atractivo<\/li>\n<li>Soporte incorporado para aceptar donaciones directamente a trav\u00e9s de su sitio web utilizando pasarelas de pago populares como PayPal y Stripe<\/li>\n<li>Opciones de personalizaci\u00f3n f\u00e1cil de usar, incluida la capacidad de cambiar colores, fuentes y otros elementos de dise\u00f1o para que coincidan con su marca<\/li>\n<li>Integraci\u00f3n perfecta con complementos populares de WordPress, como el formulario de contacto 7 y MailChimp para ayudarlo a conectarse con los seguidores y hacer crecer su base de donantes<\/li>\n<li>El dise\u00f1o que responde a dispositivos m\u00f3viles asegura que su sitio web se vea genial en todos los dispositivos y tama\u00f1os de pantalla<\/li>\n<li>Totalmente optimizado para los motores de b\u00fasqueda para ayudar a los posibles partidarios a encontrar su organizaci\u00f3n en l\u00ednea<\/li>\n<li>Incluye documentaci\u00f3n detallada y soporte \u00fatil para garantizar que pueda poner en funcionamiento su sitio de manera r\u00e1pida y f\u00e1cil.<\/li>\n<\/ul>\n","protected":false},"excerpt":{"rendered":"<p>Experimente la alegr\u00eda de dar con Bighearts, un tema de caridad y donaci\u00f3n de WordPress. Esta plataforma innovadora le permite organizar y administrar las campa\u00f1as de recaudaci\u00f3n de fondos sin problemas, asegurando que su causa caritativa reciba la m\u00e1xima exposici\u00f3n. Con su interfaz f\u00e1cil de usar y sus opciones de personalizaci\u00f3n avanzada, puede crear una presencia en l\u00ednea convincente que realmente refleje el esp\u00edritu de su organizaci\u00f3n. Bighearts admite una variedad de pasarelas de pago, que incluyen PayPal, Stripe y m\u00e1s, proporcionando un proceso de donaci\u00f3n seguro y conveniente para sus seguidores. El tema tambi\u00e9n presenta un dise\u00f1o receptivo, asegurando que su sitio se vea impresionante en cualquier dispositivo. Adem\u00e1s, con la optimizaci\u00f3n de SEO, su organizaci\u00f3n ben\u00e9fica se clasificar\u00e1 m\u00e1s alto en los resultados de b\u00fasqueda, aumentando la visibilidad y el compromiso. Haga una diferencia con Bighearts, donde cada clic cuenta para un mundo mejor.<\/p>\n","protected":false},"featured_media":165477,"comment_status":"open","ping_status":"open","template":"","meta":[],"product_brand":[2337],"product_cat":[1267,1237,1238],"product_tag":[1391],"class_list":{"0":"post-110413","1":"product","2":"type-product","3":"status-publish","4":"has-post-thumbnail","6":"product_brand-themeforest","7":"product_cat-creativo","8":"product_cat-temas","9":"product_cat-wordpress-temas","10":"product_tag-themeforest","11":"member-discount","12":"discount-restricted","14":"first","15":"instock","16":"sale","17":"downloadable","18":"virtual","19":"sold-individually","20":"purchasable","21":"product-type-simple"},"_links":{"self":[{"href":"https:\/\/gpl-love.com\/es\/wp-json\/wp\/v2\/product\/110413","targetHints":{"allow":["GET"]}}],"collection":[{"href":"https:\/\/gpl-love.com\/es\/wp-json\/wp\/v2\/product"}],"about":[{"href":"https:\/\/gpl-love.com\/es\/wp-json\/wp\/v2\/types\/product"}],"replies":[{"embeddable":true,"href":"https:\/\/gpl-love.com\/es\/wp-json\/wp\/v2\/comments?post=110413"}],"wp:featuredmedia":[{"embeddable":true,"href":"https:\/\/gpl-love.com\/es\/wp-json\/wp\/v2\/media\/165477"}],"wp:attachment":[{"href":"https:\/\/gpl-love.com\/es\/wp-json\/wp\/v2\/media?parent=110413"}],"wp:term":[{"taxonomy":"product_brand","embeddable":true,"href":"https:\/\/gpl-love.com\/es\/wp-json\/wp\/v2\/product_brand?post=110413"},{"taxonomy":"product_cat","embeddable":true,"href":"https:\/\/gpl-love.com\/es\/wp-json\/wp\/v2\/product_cat?post=110413"},{"taxonomy":"product_tag","embeddable":true,"href":"https:\/\/gpl-love.com\/es\/wp-json\/wp\/v2\/product_tag?post=110413"}],"curies":[{"name":"wp","href":"https:\/\/api.w.org\/{rel}","templated":true}]}}