{"id":110409,"date":"2021-11-17T00:00:00","date_gmt":"2021-11-17T05:00:00","guid":{"rendered":"http:\/\/gpl-love.com\/es\/producto\/scape-multipurpose-wordpress-theme\/"},"modified":"2026-03-13T17:28:42","modified_gmt":"2026-03-13T22:28:42","slug":"scape-multipurpose-wordpress-theme","status":"publish","type":"product","link":"https:\/\/gpl-love.com\/es\/producto\/scape-multipurpose-wordpress-theme\/","title":{"rendered":"Scape Multipurpose WordPress Theme 1.5.3"},"content":{"rendered":"<h3>Scape Multipurpose WordPress Theme Caracteristicas<\/h3>\n<p>El tema de WordPress multiprop\u00f3sito Scape es un tema excepcionalmente vers\u00e1til y cargado de largometrajes que ofrece una extensa variedad de funcionalidades, todas las cuales contribuyen a la creaci\u00f3n de un sitio web impresionante. Cuenta con una multitud de demostraciones prefabricadas, cada una espec\u00edficamente adaptada a diferentes nichos, lo que lo convierte en el ep\u00edtome de la perfecci\u00f3n para cualquier sitio web concebible, ya sea un blog, una empresa comercial, una extravagancia de cartera o un emporio de comercio electr\u00f3nico. La potencia del tema se aumenta a\u00fan m\u00e1s por su robusto constructor de p\u00e1ginas, lo que permite a los usuarios personalizar sin problemas el dise\u00f1o de su sitio web, incorporar widgets y moda elementos visualmente llamativos con una facilidad sin igual. Adem\u00e1s, el tema ofrece un repertorio expansivo de opciones de personalizaci\u00f3n, que abarca esquemas de color infinitos, fuentes diversas y una plenitud de \u00edconos, facilitando as\u00ed la creaci\u00f3n de un ambiente distintivo que resuena armoniosamente con el sitio web de uno. Los atributos notables adicionales abarcan el dise\u00f1o receptivo, la optimizaci\u00f3n de SEO, la compatibilidad de WooCommerce y innumerables otras caracter\u00edsticas. En resumen, el tema de WordPress multiprop\u00f3sito de chasquilleros es una opci\u00f3n ejemplar para cualquier persona que aspire a dise\u00f1ar un sitio web que sea resplandeciente y extremadamente funcional, todo al tiempo que preserva un sentido de facilidad sin igual a lo largo del proceso.<\/p>\n<ul>\n<li>Un tema de WordPress vers\u00e1til y flexible que se puede utilizar para una variedad de fines<\/li>\n<li>Viene con dise\u00f1os predise\u00f1ados para diferentes tipos de sitios web, incluidos negocios, agencia, cartera y comercio electr\u00f3nico<\/li>\n<li>Totalmente receptivo y optimizado para dispositivos m\u00f3viles<\/li>\n<li>Personalizable a trav\u00e9s del uso del constructor de p\u00e1ginas de arrastre y suelto incorporado y numerosas opciones para colores, fuentes y dise\u00f1o<\/li>\n<li>Incluye complementos populares, como Slider Revolution y Contact Form 7<\/li>\n<li>SEO optimizado para ayudar a mejorar las clasificaciones de los motores de b\u00fasqueda<\/li>\n<li>Construido con c\u00f3digo limpio y v\u00e1lido para un rendimiento \u00f3ptimo y una f\u00e1cil personalizaci\u00f3n<\/li>\n<li>Incluye documentaci\u00f3n detallada y apoyo del equipo de desarrolladores<\/li>\n<li>Actualizado regularmente con nuevas funciones y mejoras<\/li>\n<li>Adecuado para principiantes y usuarios avanzados por igual, con una interfaz f\u00e1cil de usar y controles intuitivos.<\/li>\n<\/ul>\n","protected":false},"excerpt":{"rendered":"<p>El tema de WordPress multiprop\u00f3sito de chorreo cuenta con una notable flexibilidad y un dise\u00f1o contempor\u00e1neo, lo que permite a los usuarios generar sin esfuerzo un amplio espectro de sitios web. Con una variedad de demostraciones predise\u00f1adas a su disposici\u00f3n y un constructor de p\u00e1ginas de arrastrar y soltar f\u00e1cilmente f\u00e1cil de usar, tiene la capacidad de adaptar cada elemento de su sitio web para alinearse con su marca y estilo personal \u00fanicos. Adem\u00e1s, este tema es totalmente receptivo, garantizando una experiencia visualmente atractiva y optimizada en todos los dispositivos. Adem\u00e1s, Scape integra perfectamente complementos para la optimizaci\u00f3n de motores de b\u00fasqueda y el intercambio de redes sociales, por lo que es una soluci\u00f3n con todo incluido para establecer una presencia en l\u00ednea dominante.<\/p>\n","protected":false},"featured_media":167403,"comment_status":"open","ping_status":"open","template":"","meta":[],"product_brand":[2337],"product_cat":[1239,1237,1238],"product_tag":[1391],"class_list":{"0":"post-110409","1":"product","2":"type-product","3":"status-publish","4":"has-post-thumbnail","6":"product_brand-themeforest","7":"product_cat-de-multiples-fines","8":"product_cat-temas","9":"product_cat-wordpress-temas","10":"product_tag-themeforest","11":"member-discount","12":"discount-restricted","14":"first","15":"instock","16":"sale","17":"downloadable","18":"virtual","19":"sold-individually","20":"purchasable","21":"product-type-simple"},"_links":{"self":[{"href":"https:\/\/gpl-love.com\/es\/wp-json\/wp\/v2\/product\/110409","targetHints":{"allow":["GET"]}}],"collection":[{"href":"https:\/\/gpl-love.com\/es\/wp-json\/wp\/v2\/product"}],"about":[{"href":"https:\/\/gpl-love.com\/es\/wp-json\/wp\/v2\/types\/product"}],"replies":[{"embeddable":true,"href":"https:\/\/gpl-love.com\/es\/wp-json\/wp\/v2\/comments?post=110409"}],"wp:featuredmedia":[{"embeddable":true,"href":"https:\/\/gpl-love.com\/es\/wp-json\/wp\/v2\/media\/167403"}],"wp:attachment":[{"href":"https:\/\/gpl-love.com\/es\/wp-json\/wp\/v2\/media?parent=110409"}],"wp:term":[{"taxonomy":"product_brand","embeddable":true,"href":"https:\/\/gpl-love.com\/es\/wp-json\/wp\/v2\/product_brand?post=110409"},{"taxonomy":"product_cat","embeddable":true,"href":"https:\/\/gpl-love.com\/es\/wp-json\/wp\/v2\/product_cat?post=110409"},{"taxonomy":"product_tag","embeddable":true,"href":"https:\/\/gpl-love.com\/es\/wp-json\/wp\/v2\/product_tag?post=110409"}],"curies":[{"name":"wp","href":"https:\/\/api.w.org\/{rel}","templated":true}]}}