{"id":110407,"date":"2024-06-29T00:00:00","date_gmt":"2024-06-29T05:00:00","guid":{"rendered":"http:\/\/gpl-love.com\/es\/producto\/sewell-photography-wordpress-theme\/"},"modified":"2026-04-10T11:24:30","modified_gmt":"2026-04-10T16:24:30","slug":"sewell-photography-wordpress-theme","status":"publish","type":"product","link":"https:\/\/gpl-love.com\/es\/producto\/sewell-photography-wordpress-theme\/","title":{"rendered":"Sewell Photography WordPress Theme 1.8.1"},"content":{"rendered":"<h3>Sewell Photography WordPress Theme Caracteristicas<\/h3>\n<p>El tema de Sewell Photography WordPress es un tema absolutamente hermoso, de vanguardia y altamente receptivo que ha sido meticulosamente elaborado con el prop\u00f3sito expl\u00edcito de satisfacer las necesidades y requisitos \u00fanicos de los fot\u00f3grafos, camar\u00f3grafos y otros profesionales creativos. Orgullosamente cuenta con un dise\u00f1o notablemente elegante y elegante que est\u00e1 destinado espec\u00edficamente a exhibir y resaltar su trabajo de una manera incre\u00edblemente encantadora y cautivadora que sin duda dejar\u00e1 una impresi\u00f3n duradera en cualquiera que ponga sus ojos sobre \u00e9l. Este tema excepcional est\u00e1 equipado con una gran cantidad de caracter\u00edsticas y opciones notables que se han incorporado cuidadosamente para ofrecerle la mayor comodidad y flexibilidad. Algunas de estas caracter\u00edsticas notables incluyen una p\u00e1gina de inicio totalmente personalizable, una p\u00e1gina de galer\u00eda personalizable sin esfuerzo, as\u00ed como una p\u00e1gina de blog sin problemas que se puede personalizar sin esfuerzo para alinearse perfectamente con sus preferencias de marca y est\u00e9tica. Adem\u00e1s, este tema incre\u00edblemente vers\u00e1til tambi\u00e9n incluye una variedad de herramientas de personalizaci\u00f3n f\u00e1ciles de usar que hacen que la tarea de hacer cambios en varios elementos visuales, como colores, fuentes y otros elementos de dise\u00f1o, una brisa absoluta. Uno de los aspectos m\u00e1s encomiables del tema de Sewell Photography WordPress es su dise\u00f1o asombrosamente receptivo, que garantiza que su sitio web parezca absolutamente impecable y visualmente impresionante en todos los dispositivos y plataformas concebibles, desde computadoras de escritorio tradicionales hasta tel\u00e9fonos m\u00f3viles contempor\u00e1neos. Si usted es un fot\u00f3grafo o un profesional creativo que est\u00e1 buscando un sitio web de primer nivel y visualmente impresionante que sin duda elevar\u00e1 su marca y lo ayudar\u00e1 a destacar de su competencia, entonces simplemente no hay mejor opci\u00f3n para usted. que el tema de WordPress de Sewell Photography.<\/p>\n<ul>\n<li>Tema totalmente receptivo y personalizable dise\u00f1ado espec\u00edficamente para fot\u00f3grafos<\/li>\n<li>Dise\u00f1os y filtros de galer\u00eda ajustables para mostrar im\u00e1genes<\/li>\n<li>P\u00e1gina de blog incorporada para compartir noticias y actualizaciones<\/li>\n<li>M\u00faltiples opciones de p\u00e1gina de inicio para exhibir su trabajo<\/li>\n<li>Capacidad para integrarse con plataformas de redes sociales populares<\/li>\n<li>Compatible con complementos populares de WordPress como WooCommerce y el Formulario de contacto 7<\/li>\n<li>Builder de la p\u00e1gina de arrastrar y soltar para una f\u00e1cil personalizaci\u00f3n<\/li>\n<li>P\u00e1ginas preconstruidas para necesidades de fotograf\u00eda comunes, como precios e informaci\u00f3n de contacto<\/li>\n<li>Equipo de apoyo dedicado para ayudar con cualquier pregunta o problema.<\/li>\n<\/ul>\n","protected":false},"excerpt":{"rendered":"<p>El tema de WordPress de Sewell Photography, que posee una apariencia notable y refinada, es una opci\u00f3n ideal para fot\u00f3grafos y otras personas involucradas en el reino creativo. Su dise\u00f1o exuda simplicidad y elegancia, presentando efectivamente su fotograf\u00eda de una manera que se garantiza que dejar\u00e1 asombrado a los clientes potenciales. Este tema no solo es completamente receptivo sino tambi\u00e9n altamente personalizable, lo que le otorga la capacidad de personalizar tanto la p\u00e1gina de inicio como el dise\u00f1o de cartera a su gusto. Adem\u00e1s, cuenta con una variedad de caracter\u00edsticas impresionantes, incluida la integraci\u00f3n de las redes sociales, una secci\u00f3n de blog dedicada y una compatibilidad perfecta con complementos de renombre como Jetpack y Yoast SEO. Independientemente de si usted es un profesional establecido dentro del campo de la fotograf\u00eda o un talento floreciente que se embarca en su viaje, el tema de WordPress de Sewell Photography es una opci\u00f3n excepcional para exhibir su trabajo en un entorno en l\u00ednea.<\/p>\n","protected":false},"featured_media":167464,"comment_status":"open","ping_status":"open","template":"","meta":[],"product_brand":[2337],"product_cat":[1267,1237,1238],"product_tag":[1391],"class_list":{"0":"post-110407","1":"product","2":"type-product","3":"status-publish","4":"has-post-thumbnail","6":"product_brand-themeforest","7":"product_cat-creativo","8":"product_cat-temas","9":"product_cat-wordpress-temas","10":"product_tag-themeforest","11":"member-discount","12":"discount-restricted","14":"first","15":"instock","16":"sale","17":"downloadable","18":"virtual","19":"sold-individually","20":"purchasable","21":"product-type-simple"},"_links":{"self":[{"href":"https:\/\/gpl-love.com\/es\/wp-json\/wp\/v2\/product\/110407","targetHints":{"allow":["GET"]}}],"collection":[{"href":"https:\/\/gpl-love.com\/es\/wp-json\/wp\/v2\/product"}],"about":[{"href":"https:\/\/gpl-love.com\/es\/wp-json\/wp\/v2\/types\/product"}],"replies":[{"embeddable":true,"href":"https:\/\/gpl-love.com\/es\/wp-json\/wp\/v2\/comments?post=110407"}],"wp:featuredmedia":[{"embeddable":true,"href":"https:\/\/gpl-love.com\/es\/wp-json\/wp\/v2\/media\/167464"}],"wp:attachment":[{"href":"https:\/\/gpl-love.com\/es\/wp-json\/wp\/v2\/media?parent=110407"}],"wp:term":[{"taxonomy":"product_brand","embeddable":true,"href":"https:\/\/gpl-love.com\/es\/wp-json\/wp\/v2\/product_brand?post=110407"},{"taxonomy":"product_cat","embeddable":true,"href":"https:\/\/gpl-love.com\/es\/wp-json\/wp\/v2\/product_cat?post=110407"},{"taxonomy":"product_tag","embeddable":true,"href":"https:\/\/gpl-love.com\/es\/wp-json\/wp\/v2\/product_tag?post=110407"}],"curies":[{"name":"wp","href":"https:\/\/api.w.org\/{rel}","templated":true}]}}