{"id":110404,"date":"2021-02-09T00:00:00","date_gmt":"2021-02-09T05:00:00","guid":{"rendered":"http:\/\/gpl-love.com\/es\/producto\/cize-electronics-store-woocommerce-theme\/"},"modified":"2026-03-13T17:17:44","modified_gmt":"2026-03-13T22:17:44","slug":"cize-electronics-store-woocommerce-theme","status":"publish","type":"product","link":"https:\/\/gpl-love.com\/es\/producto\/cize-electronics-store-woocommerce-theme\/","title":{"rendered":"Cize Electronics Store WooCommerce Theme 1.1.9"},"content":{"rendered":"<h3>Cize Electronics Store WooCommerce Theme Caracteristicas<\/h3>\n<p>El tema de WooCommerce de Cize Electronics es un tema de WordPress de alta calidad y avanzado que se ha creado espec\u00edficamente para tiendas electr\u00f3nicas, tiendas de gadgets y otras empresas relacionadas con la tecnolog\u00eda. Su dise\u00f1o es limpio y moderno, asegurando que sus clientes tengan una experiencia de usuario excepcional al navegar por su sitio web. Este tema cuenta con una variedad de caracter\u00edsticas potentes, como un men\u00fa de mega, capacidad de vista r\u00e1pida del producto y una p\u00e1gina de inicio totalmente personalizable, todas las cuales contribuyen a una presentaci\u00f3n \u00f3ptima de sus productos. Adem\u00e1s, se integra perfectamente con WooCommerce, el complemento de comercio de comercio de comercio m\u00e1s utilizado para WordPress, simplificando as\u00ed el proceso de iniciar su tienda en l\u00ednea. En conclusi\u00f3n, el tema de WooCommerce de la tienda Cize Electronics es la opci\u00f3n ideal para las personas que buscan establecer una tienda en l\u00ednea visualmente atractiva y eficiente para productos electr\u00f3nicos y tecnolog\u00eda.<\/p>\n<ul>\n<li>Tema de WooCommerce totalmente personalizable dise\u00f1ado espec\u00edficamente para tiendas de electr\u00f3nica<\/li>\n<li>Dise\u00f1o moderno y elegante con un enfoque en la experiencia del usuario<\/li>\n<li>Compatible con las \u00faltimas versiones de WordPress y WooCommerce<\/li>\n<li>Viene con p\u00e1ginas predise\u00f1adas para tienda, detalle del producto, carrito, pago y mi cuenta<\/li>\n<li>Dise\u00f1o receptivo que se ve muy bien en todos los dispositivos, incluidos computadoras de escritorio, tabletas y tel\u00e9fonos inteligentes.<\/li>\n<li>Incluye un mega men\u00fa incorporado para una f\u00e1cil navegaci\u00f3n y organizaci\u00f3n de categor\u00edas de productos<\/li>\n<li>M\u00faltiples esquemas de color para elegir para que coincidan con la est\u00e9tica de su marca<\/li>\n<li>Integraci\u00f3n con plataformas de redes sociales populares para un f\u00e1cil intercambio y promoci\u00f3n<\/li>\n<li>Admite m\u00faltiples idiomas y monedas para ventas globales<\/li>\n<li>Viene con documentaci\u00f3n detallada y soporte 24\/7 de los desarrolladores.<\/li>\n<\/ul>\n","protected":false},"excerpt":{"rendered":"<p>Aumente su negocio de electr\u00f3nica en l\u00ednea con el tema de WooCommerce de Cize Electronics Store. Este tema receptivo est\u00e1 dise\u00f1ado espec\u00edficamente para tiendas electr\u00f3nicas, que ofrece un dise\u00f1o elegante y moderno que seguramente atraer\u00e1 a los clientes. La robusta integraci\u00f3n de WooCommerce permite transacciones en l\u00ednea perfectas, lo que facilita a los clientes comprar sus productos. El tema es altamente personalizable, por lo que puede personalizarlo para que se ajuste a su marca. Tambi\u00e9n cuenta con funciones avanzadas como vista r\u00e1pida del producto, listas de deseos y comparaciones de productos, para mejorar la experiencia de compra de sus clientes. Adem\u00e1s, es amigable con SEO, ayudando a su tienda a clasificarse m\u00e1s en los resultados del motor de b\u00fasqueda. Con su interfaz f\u00e1cil de usar y sus extensas caracter\u00edsticas, el tema de WooCommerce de Cize Electronics Store es la soluci\u00f3n perfecta para elevar su tienda en l\u00ednea.<\/p>\n","protected":false},"featured_media":165626,"comment_status":"open","ping_status":"open","template":"","meta":[],"product_brand":[2337],"product_cat":[1263,1264,1237],"product_tag":[1391],"class_list":{"0":"post-110404","1":"product","2":"type-product","3":"status-publish","4":"has-post-thumbnail","6":"product_brand-themeforest","7":"product_cat-comercio-electronico-temas","8":"product_cat-negocio","9":"product_cat-temas","10":"product_tag-themeforest","11":"member-discount","12":"discount-restricted","14":"first","15":"instock","16":"sale","17":"downloadable","18":"virtual","19":"sold-individually","20":"purchasable","21":"product-type-simple"},"_links":{"self":[{"href":"https:\/\/gpl-love.com\/es\/wp-json\/wp\/v2\/product\/110404","targetHints":{"allow":["GET"]}}],"collection":[{"href":"https:\/\/gpl-love.com\/es\/wp-json\/wp\/v2\/product"}],"about":[{"href":"https:\/\/gpl-love.com\/es\/wp-json\/wp\/v2\/types\/product"}],"replies":[{"embeddable":true,"href":"https:\/\/gpl-love.com\/es\/wp-json\/wp\/v2\/comments?post=110404"}],"wp:featuredmedia":[{"embeddable":true,"href":"https:\/\/gpl-love.com\/es\/wp-json\/wp\/v2\/media\/165626"}],"wp:attachment":[{"href":"https:\/\/gpl-love.com\/es\/wp-json\/wp\/v2\/media?parent=110404"}],"wp:term":[{"taxonomy":"product_brand","embeddable":true,"href":"https:\/\/gpl-love.com\/es\/wp-json\/wp\/v2\/product_brand?post=110404"},{"taxonomy":"product_cat","embeddable":true,"href":"https:\/\/gpl-love.com\/es\/wp-json\/wp\/v2\/product_cat?post=110404"},{"taxonomy":"product_tag","embeddable":true,"href":"https:\/\/gpl-love.com\/es\/wp-json\/wp\/v2\/product_tag?post=110404"}],"curies":[{"name":"wp","href":"https:\/\/api.w.org\/{rel}","templated":true}]}}