{"id":110402,"date":"2025-09-12T00:00:00","date_gmt":"2025-09-12T05:00:00","guid":{"rendered":"http:\/\/gpl-love.com\/es\/producto\/ziston-directory-listing-wordpress-theme\/"},"modified":"2026-03-13T17:35:42","modified_gmt":"2026-03-13T22:35:42","slug":"ziston-directory-listing-wordpress-theme","status":"publish","type":"product","link":"https:\/\/gpl-love.com\/es\/producto\/ziston-directory-listing-wordpress-theme\/","title":{"rendered":"Ziston Directory Listing WordPress Theme 1.4.6"},"content":{"rendered":"<h3>Ziston Directory Listing WordPress Theme Caracteristicas<\/h3>\n<p>El tema de WordPress del directorio de Ziston se presenta como un tema incre\u00edblemente funcional y rico en caracter\u00edsticas que ha sido dise\u00f1ado espec\u00edficamente para facilitar la creaci\u00f3n de listados de directorio en l\u00ednea robustos y poderosos. Este tema cuenta con una interfaz f\u00e1cil de usar que no solo es f\u00e1cilmente navegable sino tambi\u00e9n altamente personalizable, lo que lo convierte en una opci\u00f3n ideal para empresas de todas las formas y tama\u00f1os. Adem\u00e1s, el tema ha sido equipado con opciones avanzadas de b\u00fasqueda y filtro, simplificando as\u00ed el proceso de navegaci\u00f3n a trav\u00e9s del directorio y localizando r\u00e1pidamente la informaci\u00f3n deseada. Adem\u00e1s, es notable que este tema se haya desarrollado con un enfoque principal en garantizar la capacidad de respuesta y la optimizaci\u00f3n para una amplia gama de dispositivos m\u00f3viles, lo que permite a los usuarios acceder convenientemente al directorio usando sus tel\u00e9fonos inteligentes y tabletas. Al utilizar el tema de WordPress del directorio de Ziston, tiene la oportunidad de crear un sitio web de directorio extraordinariamente poderoso que sin duda contribuir\u00e1 al crecimiento y la prosperidad de su negocio.<\/p>\n<ul>\n<li>Dise\u00f1o elegante y moderno que muestra sus listados de directorio e impresiona a los visitantes<\/li>\n<li>Encabezado personalizable con m\u00faltiples opciones de dise\u00f1o para satisfacer la apariencia de su marca<\/li>\n<li>M\u00faltiples tipos de listado con opciones de b\u00fasqueda avanzada para hacer que la navegaci\u00f3n sea f\u00e1cil e intuitiva para los usuarios<\/li>\n<li>Panel de control f\u00e1cil de usar que agiliza el proceso de listado y garantiza la m\u00e1xima eficiencia<\/li>\n<li>Google Maps integrados para una f\u00e1cil navegaci\u00f3n de navegaci\u00f3n y listado basado en la ubicaci\u00f3n<\/li>\n<li>Espacio dedicado para exhibir las revisiones y calificaciones de los clientes, lo que aumenta su credibilidad y confiabilidad<\/li>\n<li>Dise\u00f1o receptivo que se adapta a todos los tama\u00f1os y dispositivos de pantalla, garantizando la funcionalidad completa y la facilidad de uso en todas las plataformas<\/li>\n<li>Paquetes de precios personalizables y opciones de monetizaci\u00f3n para iniciar su negocio de directorio sin problemas<\/li>\n<li>SEO optimizado y totalmente compatible con complementos de SEO populares, asegurando la m\u00e1xima visibilidad y clasificaci\u00f3n de motores de b\u00fasqueda<\/li>\n<li>Documentaci\u00f3n integral y atenci\u00f3n al cliente dedicada para todas sus necesidades y consultas<\/li>\n<\/ul>\n","protected":false},"excerpt":{"rendered":"<p>El tema de WordPress del directorio de Ziston, un tema muy robusto y f\u00e1cil de usar, ha sido especialmente dise\u00f1ado con la intenci\u00f3n de acelerar el proceso de construcci\u00f3n de sitios web de directorio competentes. Este tema lo equipa con la notable capacidad de exhibir sin esfuerzo listados, eventos y negocios de una manera visualmente impresionante y estructurada sistem\u00e1ticamente. Con su dise\u00f1o receptivo, p\u00e1gina de inicio personalizable y surtido de plantillas de p\u00e1gina personalizadas, Ziston se integra perfectamente con complementos bien establecidos como WooCommerce y Elementor. Al utilizar Ziston, puede establecer un sitio web de directorio que se distingue sin esfuerzo de la competencia y atraiga a una mayor afluencia de visitantes.<\/p>\n","protected":false},"featured_media":168726,"comment_status":"open","ping_status":"open","template":"","meta":[],"product_brand":[2337],"product_cat":[1267,1237,1238],"product_tag":[1391],"class_list":{"0":"post-110402","1":"product","2":"type-product","3":"status-publish","4":"has-post-thumbnail","6":"product_brand-themeforest","7":"product_cat-creativo","8":"product_cat-temas","9":"product_cat-wordpress-temas","10":"product_tag-themeforest","11":"member-discount","12":"discount-restricted","14":"first","15":"instock","16":"sale","17":"downloadable","18":"virtual","19":"sold-individually","20":"purchasable","21":"product-type-simple"},"_links":{"self":[{"href":"https:\/\/gpl-love.com\/es\/wp-json\/wp\/v2\/product\/110402","targetHints":{"allow":["GET"]}}],"collection":[{"href":"https:\/\/gpl-love.com\/es\/wp-json\/wp\/v2\/product"}],"about":[{"href":"https:\/\/gpl-love.com\/es\/wp-json\/wp\/v2\/types\/product"}],"replies":[{"embeddable":true,"href":"https:\/\/gpl-love.com\/es\/wp-json\/wp\/v2\/comments?post=110402"}],"wp:featuredmedia":[{"embeddable":true,"href":"https:\/\/gpl-love.com\/es\/wp-json\/wp\/v2\/media\/168726"}],"wp:attachment":[{"href":"https:\/\/gpl-love.com\/es\/wp-json\/wp\/v2\/media?parent=110402"}],"wp:term":[{"taxonomy":"product_brand","embeddable":true,"href":"https:\/\/gpl-love.com\/es\/wp-json\/wp\/v2\/product_brand?post=110402"},{"taxonomy":"product_cat","embeddable":true,"href":"https:\/\/gpl-love.com\/es\/wp-json\/wp\/v2\/product_cat?post=110402"},{"taxonomy":"product_tag","embeddable":true,"href":"https:\/\/gpl-love.com\/es\/wp-json\/wp\/v2\/product_tag?post=110402"}],"curies":[{"name":"wp","href":"https:\/\/api.w.org\/{rel}","templated":true}]}}