{"id":110400,"date":"2022-03-29T00:00:00","date_gmt":"2022-03-29T05:00:00","guid":{"rendered":"http:\/\/gpl-love.com\/es\/producto\/zoxpress-all-in-one-wordpress-news-theme\/"},"modified":"2026-03-13T17:35:45","modified_gmt":"2026-03-13T22:35:45","slug":"zoxpress-all-in-one-wordpress-news-theme","status":"publish","type":"product","link":"https:\/\/gpl-love.com\/es\/producto\/zoxpress-all-in-one-wordpress-news-theme\/","title":{"rendered":"ZoxPress All-In-One WordPress News Theme 2.09.0"},"content":{"rendered":"<h3>ZoxPress All-In-One WordPress News Theme Caracteristicas<\/h3>\n<p>El tema de noticias de WordPress de Zoxpress todo en uno es una soluci\u00f3n muy completa que permite a los usuarios crear sitios web de noticias de aspecto profesional sin esfuerzo. Este tema cuenta con un dise\u00f1o elegante y contempor\u00e1neo espec\u00edficamente calibrado para una velocidad y rendimiento \u00f3ptimos, lo que garantiza la carga de sitios web r\u00e1pida y perfecta. Est\u00e1 equipado con una gran cantidad de caracter\u00edsticas potentes, como un constructor de p\u00e1ginas de arrastrar y soltar f\u00e1cilmente de usar, m\u00faltiples dise\u00f1os de p\u00e1gina de inicio para elegir, una variedad de widgets personalizados y opciones de temas avanzados. Con el tema de ZoxPress, puede adaptar sin esfuerzo su sitio web a su gusto y presentar su contenido de manera visualmente cautivadora. Ya sea que se identifique como blogger, periodista o editor de noticias, este tema ofrece una gran cantidad de recursos para ayudarlo a establecer una presencia en l\u00ednea impresionante.<\/p>\n<ul>\n<li>El dise\u00f1o totalmente receptivo garantiza que su sitio web se vea muy bien en cualquier dispositivo.<\/li>\n<li>Viene con m\u00faltiples plantillas de p\u00e1gina preconstruidas, lo que hace que sea f\u00e1cil comenzar<\/li>\n<li>Incluye una variedad de widgets personalizados para agregar funcionalidad a su sitio<\/li>\n<li>Soporte incorporado para enlaces de redes sociales y opciones para compartir<\/li>\n<li>Las opciones de tipograf\u00eda avanzada le permiten personalizar completamente la apariencia de su sitio<\/li>\n<li>Soporte integrado para video, galer\u00edas de im\u00e1genes y otro contenido multimedia<\/li>\n<li>Herramientas de optimizaci\u00f3n de SEO incorporadas para asegurarse de que los motores de b\u00fasqueda sean notados<\/li>\n<li>Documentaci\u00f3n y apoyo extenso para ayudarlo a aprovechar al m\u00e1ximo su tema<\/li>\n<li>Actualizaciones regulares y correcciones de errores para garantizar que su sitio se mantenga actualizado y seguro<\/li>\n<li>Totalmente compatible con la \u00faltima versi\u00f3n de WordPress y complementos populares<\/li>\n<\/ul>\n","protected":false},"excerpt":{"rendered":"<p>Zoxpress, un tema de noticias de WordPress todo en uno que es excepcionalmente adecuado para sitios web de noticias y revistas, cuenta con una interfaz perfecta con una est\u00e9tica contempor\u00e1nea. Este tema est\u00e1 lleno de una variedad de caracter\u00edsticas impresionantes que distinguen sin esfuerzo su sitio web de la competencia. Estas caracter\u00edsticas incluyen la capacidad de personalizar dise\u00f1os de acuerdo con sus preferencias, soporte para m\u00faltiples formatos de publicaci\u00f3n y un panel de opciones de temas notablemente robustos. Adem\u00e1s, la adaptabilidad y la optimizaci\u00f3n de SEO de Zoxpress garantizan una experiencia de navegaci\u00f3n perfecta para sus usuarios, independientemente del dispositivo que est\u00e9n utilizando. Al seleccionar ZoxPress, est\u00e1 optando por un tema de noticias que no solo ofrece una gran cantidad de caracter\u00edsticas, sino que tambi\u00e9n garantiza la facilidad de uso, llevando con \u00e9xito su contenido a nuevas alturas.<\/p>\n","protected":false},"featured_media":168732,"comment_status":"open","ping_status":"open","template":"","meta":[],"product_brand":[2337],"product_cat":[1245,1237,1238],"product_tag":[1391],"class_list":{"0":"post-110400","1":"product","2":"type-product","3":"status-publish","4":"has-post-thumbnail","6":"product_brand-themeforest","7":"product_cat-blog-revista","8":"product_cat-temas","9":"product_cat-wordpress-temas","10":"product_tag-themeforest","11":"member-discount","12":"discount-restricted","14":"first","15":"instock","16":"sale","17":"downloadable","18":"virtual","19":"sold-individually","20":"purchasable","21":"product-type-simple"},"_links":{"self":[{"href":"https:\/\/gpl-love.com\/es\/wp-json\/wp\/v2\/product\/110400","targetHints":{"allow":["GET"]}}],"collection":[{"href":"https:\/\/gpl-love.com\/es\/wp-json\/wp\/v2\/product"}],"about":[{"href":"https:\/\/gpl-love.com\/es\/wp-json\/wp\/v2\/types\/product"}],"replies":[{"embeddable":true,"href":"https:\/\/gpl-love.com\/es\/wp-json\/wp\/v2\/comments?post=110400"}],"wp:featuredmedia":[{"embeddable":true,"href":"https:\/\/gpl-love.com\/es\/wp-json\/wp\/v2\/media\/168732"}],"wp:attachment":[{"href":"https:\/\/gpl-love.com\/es\/wp-json\/wp\/v2\/media?parent=110400"}],"wp:term":[{"taxonomy":"product_brand","embeddable":true,"href":"https:\/\/gpl-love.com\/es\/wp-json\/wp\/v2\/product_brand?post=110400"},{"taxonomy":"product_cat","embeddable":true,"href":"https:\/\/gpl-love.com\/es\/wp-json\/wp\/v2\/product_cat?post=110400"},{"taxonomy":"product_tag","embeddable":true,"href":"https:\/\/gpl-love.com\/es\/wp-json\/wp\/v2\/product_tag?post=110400"}],"curies":[{"name":"wp","href":"https:\/\/api.w.org\/{rel}","templated":true}]}}