{"id":110392,"date":"2026-01-10T00:00:00","date_gmt":"2026-01-10T05:00:00","guid":{"rendered":"http:\/\/gpl-love.com\/es\/producto\/wp-sheet-editor-categories-tags-prouct-attributes-and-taxonomies-pro\/"},"modified":"2026-03-09T08:29:44","modified_gmt":"2026-03-09T13:29:44","slug":"wp-sheet-editor-categories-tags-prouct-attributes-and-taxonomies-pro","status":"publish","type":"product","link":"https:\/\/gpl-love.com\/es\/producto\/wp-sheet-editor-categories-tags-prouct-attributes-and-taxonomies-pro\/","title":{"rendered":"WP Sheet Editor Categories Tags Product Attributes y Taxonomies Pro 1.7.22"},"content":{"rendered":"<h3>WP Sheet Editor Categories Tags Product Attributes y Taxonomies Pro Caracteristicas<\/h3>\n<p>Las categor\u00edas del editor de la hoja de WP etiqueta los atributos del producto y las taxonom\u00edas Pro es una herramienta inmensamente poderosa que otorga a sus usuarios la capacidad de administrar y modificar sin esfuerzo las categor\u00edas, etiquetas, atributos del producto y taxonom\u00edas de sus sitios web de WordPress a trav\u00e9s de una interfaz que imita la estructura de la estructura de la estructura de una hoja de c\u00e1lculo. Este ingenioso complemento le otorga la capacidad de realizar operaciones de edici\u00f3n a granel, as\u00ed como la opci\u00f3n de agregar o eliminar cualquiera de estos elementos mencionados, lo que le permite conservar valiosos tiempo y esfuerzo. Adem\u00e1s, la ventaja adicional de poder exportar e importar datos en el formato CSV universalmente reconocido facilita enormemente la actualizaci\u00f3n de grandes cantidades de informaci\u00f3n en un solo accidente cerebrovascular. Se hace evidente que este complemento constituye un activo indispensable para cualquier sitio web de WordPress que est\u00e9 repleto de una multitud de categor\u00edas o productos, lo que lo convierte en una herramienta altamente competente y eficaz para el prop\u00f3sito de la gesti\u00f3n de contenido.<\/p>\n<ul>\n<li>Simplifica el proceso de gesti\u00f3n de categor\u00edas, etiquetas, atributos del producto y taxonom\u00edas en WordPress.<\/li>\n<li>Ofrece una interfaz f\u00e1cil de usar para editar y organizar datos de productos.<\/li>\n<li>Permite la edici\u00f3n masiva y la actualizaci\u00f3n de la informaci\u00f3n del producto.<\/li>\n<li>Proporciona opciones avanzadas de b\u00fasqueda y filtro para encontrar productos espec\u00edficos.<\/li>\n<li>Admite taxonom\u00edas personalizadas para una categorizaci\u00f3n \u00fanica de productos.<\/li>\n<li>Ofrece la capacidad de importar\/exportar datos de productos en varios formatos.<\/li>\n<li>Permite la integraci\u00f3n con complementos de comercio electr\u00f3nico populares como WooCommerce y descargas digitales f\u00e1ciles.<\/li>\n<li>Aumenta la productividad al racionalizar las tareas de gesti\u00f3n de productos.<\/li>\n<li>Reduce el riesgo de errores o inconsistencias en los datos del producto.<\/li>\n<li>Proporciona una soluci\u00f3n rentable para la gesti\u00f3n eficiente de productos en WordPress.<\/li>\n<\/ul>\n","protected":false},"excerpt":{"rendered":"<p>Las categor\u00edas del editor de la hoja de WP etiquetas los atributos del producto y las taxonom\u00edas Pro es un complemento notablemente f\u00e1cil de usar WordPress que ofrece la conveniencia de centralizar la gesti\u00f3n de sus categor\u00edas, etiquetas, atributos de productos y taxonom\u00edas. Al aprovechar esta herramienta robusta, puede generar, modificar y eliminar sin esfuerzo categor\u00edas, etiquetas y atributos con solo unos pocos clics simples. Adem\u00e1s, este complemento presenta una interfaz est\u00e9ticamente agradable y de hoja de c\u00e1lculo, simplificando as\u00ed el proceso de administrar sus productos y taxonom\u00edas. Adem\u00e1s, el complemento permite la importaci\u00f3n y exportaci\u00f3n perfecta de datos hacia y desde archivos CSV, facilitando el mantenimiento sin esfuerzo de la precisi\u00f3n de los datos. Si se encuentra buscando una estrategia influyente y efectiva para supervisar las categor\u00edas, etiquetas, atributos del producto y taxonom\u00edas de su sitio de WordPress, no busque m\u00e1s que las categor\u00edas de editor de la hoja WP etiquetas atributos de productos y taxonom\u00edas pro.<\/p>\n","protected":false},"featured_media":168448,"comment_status":"open","ping_status":"open","template":"","meta":[],"product_brand":[2637],"product_cat":[1212,1206,1211],"product_tag":[1566],"class_list":{"0":"post-110392","1":"product","2":"type-product","3":"status-publish","4":"has-post-thumbnail","6":"product_brand-wp-sheet-editor","7":"product_cat-administracion-wordpress-plugins","8":"product_cat-plugins","9":"product_cat-wordpress-plugins","10":"product_tag-wp-sheet-editor","11":"member-discount","12":"discount-restricted","14":"first","15":"instock","16":"sale","17":"downloadable","18":"virtual","19":"sold-individually","20":"purchasable","21":"product-type-simple"},"_links":{"self":[{"href":"https:\/\/gpl-love.com\/es\/wp-json\/wp\/v2\/product\/110392","targetHints":{"allow":["GET"]}}],"collection":[{"href":"https:\/\/gpl-love.com\/es\/wp-json\/wp\/v2\/product"}],"about":[{"href":"https:\/\/gpl-love.com\/es\/wp-json\/wp\/v2\/types\/product"}],"replies":[{"embeddable":true,"href":"https:\/\/gpl-love.com\/es\/wp-json\/wp\/v2\/comments?post=110392"}],"wp:featuredmedia":[{"embeddable":true,"href":"https:\/\/gpl-love.com\/es\/wp-json\/wp\/v2\/media\/168448"}],"wp:attachment":[{"href":"https:\/\/gpl-love.com\/es\/wp-json\/wp\/v2\/media?parent=110392"}],"wp:term":[{"taxonomy":"product_brand","embeddable":true,"href":"https:\/\/gpl-love.com\/es\/wp-json\/wp\/v2\/product_brand?post=110392"},{"taxonomy":"product_cat","embeddable":true,"href":"https:\/\/gpl-love.com\/es\/wp-json\/wp\/v2\/product_cat?post=110392"},{"taxonomy":"product_tag","embeddable":true,"href":"https:\/\/gpl-love.com\/es\/wp-json\/wp\/v2\/product_tag?post=110392"}],"curies":[{"name":"wp","href":"https:\/\/api.w.org\/{rel}","templated":true}]}}