{"id":110389,"date":"2024-06-17T00:00:00","date_gmt":"2024-06-17T05:00:00","guid":{"rendered":"http:\/\/gpl-love.com\/es\/producto\/admin-2020-pro-wordpress-dashboard-theme\/"},"modified":"2026-03-13T17:15:18","modified_gmt":"2026-03-13T22:15:18","slug":"admin-2020-pro-wordpress-dashboard-theme","status":"publish","type":"product","link":"https:\/\/gpl-love.com\/es\/producto\/admin-2020-pro-wordpress-dashboard-theme\/","title":{"rendered":"UiPress Pro (Admin 2020) WordPress Dashboard Theme 3.4.02"},"content":{"rendered":"<h3>UiPress Pro (Admin 2020) WordPress Dashboard Theme Caracteristicas<\/h3>\n<p>Upress Pro (Admin 2020) es un tema del tablero de WordPress extremadamente potente y que lo abarca, meticulosamente elaborado para satisfacer las necesidades de los administradores profesionales del sitio web. Con una interfaz de usuario elegantemente optimizada y de vanguardia, este tema ofrece un nivel incomparable de intuici\u00f3n y facilidad de navegaci\u00f3n, lo que es una selecci\u00f3n ejemplar para las personas que buscan administrar sin esfuerzo sus sitios web. Gracias a Upress Pro, posee la capacidad de adaptar su tablero de WordPress para alinearse con precisi\u00f3n con sus requisitos \u00fanicos, desde la integraci\u00f3n perfecta de su propia marca hasta la personalizaci\u00f3n del dise\u00f1o, sin mencionar la extensa variedad de widgets y complementos en su desecho. Adem\u00e1s, este tema le proporciona an\u00e1lisis de vanguardia y herramientas de informes, lo que le permite monitorear el tr\u00e1fico y el comportamiento del usuario de su sitio web con precisi\u00f3n en tiempo real. En resumen, Uipress Pro (Admin 2020) reina supremamente como la soluci\u00f3n por excelencia para todos los administradores de sitios web que anhelan optimizar su tablero de WordPress y optimizar las innumerables tareas asociadas con la administraci\u00f3n de sus sitios web.<\/p>\n<ul>\n<li>Dise\u00f1o moderno y elegante para el tablero de WordPress<\/li>\n<li>Dise\u00f1ado para facilitar el uso y la navegaci\u00f3n perfecta<\/li>\n<li>Totalmente personalizable para la marca y la personalizaci\u00f3n<\/li>\n<li>Incluye una variedad de widgets y m\u00f3dulos preconstruidos para una funcionalidad adicional.<\/li>\n<li>Optimizado para la velocidad y el rendimiento para un uso eficiente<\/li>\n<li>Compatible con una variedad de complementos e integraciones de terceros<\/li>\n<li>Dise\u00f1o receptivo para la accesibilidad en los dispositivos<\/li>\n<li>Actualizaciones y soporte regulares para una mejora continua y soluci\u00f3n de problemas<\/li>\n<li>Interfaz intuitiva y f\u00e1cil de usar para principiantes y usuarios experimentados por igual<\/li>\n<li>Documentaci\u00f3n y tutoriales integrales para una f\u00e1cil instalaci\u00f3n y uso.<\/li>\n<\/ul>\n","protected":false},"excerpt":{"rendered":"<p>El tema del tablero Upress Pro WordPress, tambi\u00e9n conocido como el tema Admin 2020 WordPress, ofrece una soluci\u00f3n \u00f3ptima para mejorar la experiencia del usuario del tablero de WordPress. Su dise\u00f1o de WordPress de dise\u00f1o moderno no es solo elegante y limpio, sino que tambi\u00e9n facilita la gesti\u00f3n eficiente del tablero de WordPress.<\/p>\n<p>A trav\u00e9s de widgets de tablero personalizables y una interfaz de usuario avanzada para WordPress, Upress Pro garantiza una experiencia de navegaci\u00f3n de administrador de WordPress sin problemas. Esta caracter\u00edstica sirve para mejorar la experiencia general del usuario con Upress Pro.<\/p>\n<p>Ya sea que est\u00e9 administrando un blog personal usando Uipress Pro o que ejecute un sitio web de negocios profesional con Admin 2020, este tema surge como una herramienta poderosa. Agiliza su flujo de trabajo y ayuda a organizar efectivamente el contenido con el tema Admin 2020.<\/p>\n<p>El tablero mejorado de WordPress con UPress Pro mejora significativamente la eficiencia de gesti\u00f3n del sitio web. Como tal, el tema Admin 2020 WordPress se destaca como una herramienta de gesti\u00f3n de WordPress definitiva.<\/p>\n<p>En resumen, ya sea que necesite una gesti\u00f3n eficiente con el tema Admin 2020 WordPress o est\u00e9 buscando racionalizar su flujo de trabajo con Upress<\/p>\n","protected":false},"featured_media":165262,"comment_status":"open","ping_status":"open","template":"","meta":[],"product_brand":[2345],"product_cat":[1212,1206,1211],"product_tag":[2301],"class_list":{"0":"post-110389","1":"product","2":"type-product","3":"status-publish","4":"has-post-thumbnail","6":"product_brand-uipress","7":"product_cat-administracion-wordpress-plugins","8":"product_cat-plugins","9":"product_cat-wordpress-plugins","10":"product_tag-uipress","11":"member-discount","12":"discount-restricted","14":"first","15":"instock","16":"sale","17":"downloadable","18":"virtual","19":"sold-individually","20":"purchasable","21":"product-type-simple"},"_links":{"self":[{"href":"https:\/\/gpl-love.com\/es\/wp-json\/wp\/v2\/product\/110389","targetHints":{"allow":["GET"]}}],"collection":[{"href":"https:\/\/gpl-love.com\/es\/wp-json\/wp\/v2\/product"}],"about":[{"href":"https:\/\/gpl-love.com\/es\/wp-json\/wp\/v2\/types\/product"}],"replies":[{"embeddable":true,"href":"https:\/\/gpl-love.com\/es\/wp-json\/wp\/v2\/comments?post=110389"}],"wp:featuredmedia":[{"embeddable":true,"href":"https:\/\/gpl-love.com\/es\/wp-json\/wp\/v2\/media\/165262"}],"wp:attachment":[{"href":"https:\/\/gpl-love.com\/es\/wp-json\/wp\/v2\/media?parent=110389"}],"wp:term":[{"taxonomy":"product_brand","embeddable":true,"href":"https:\/\/gpl-love.com\/es\/wp-json\/wp\/v2\/product_brand?post=110389"},{"taxonomy":"product_cat","embeddable":true,"href":"https:\/\/gpl-love.com\/es\/wp-json\/wp\/v2\/product_cat?post=110389"},{"taxonomy":"product_tag","embeddable":true,"href":"https:\/\/gpl-love.com\/es\/wp-json\/wp\/v2\/product_tag?post=110389"}],"curies":[{"name":"wp","href":"https:\/\/api.w.org\/{rel}","templated":true}]}}