{"id":110388,"date":"2026-04-10T00:00:00","date_gmt":"2026-04-10T05:00:00","guid":{"rendered":"http:\/\/gpl-love.com\/es\/producto\/consulting-business-finance-wordpress-theme-2\/"},"modified":"2026-04-10T11:15:24","modified_gmt":"2026-04-10T16:15:24","slug":"consulting-business-finance-wordpress-theme-2","status":"publish","type":"product","link":"https:\/\/gpl-love.com\/es\/producto\/consulting-business-finance-wordpress-theme-2\/","title":{"rendered":"Consulting Business Finance WordPress Theme 6.7.8"},"content":{"rendered":"<h3>Consulting Business Finance WordPress Theme Caracteristicas<\/h3>\n<p>El tema de WordPress de Finance Business Finance de consultor\u00eda es una herramienta incre\u00edblemente poderosa e intrincadamente construida, desarrollada minuciosamente para ayudar a las empresas en su b\u00fasqueda para establecer una presencia formidable en l\u00ednea. Este notable tema muestra un dise\u00f1o exquisitamente elegante y de vanguardia, meticulosamente elaborado para atender espec\u00edficamente a las necesidades y requisitos \u00fanicos de las empresas de consultor\u00eda y finanzas. Cuenta con una impresionante variedad de caracter\u00edsticas y funcionalidades, atributos que facilitan la usabilidad perfecta y la personalizaci\u00f3n sin esfuerzo. Adem\u00e1s, este tema posee la invaluable cualidad de la capacidad de respuesta completa, garantizando que su sitio web parezca excepcionalmente cautivador y visualmente atractivo en todos los dispositivos. Adem\u00e1s, su amistad inherente de SEO mejora las posibilidades de su sitio web de lograr una clasificaci\u00f3n m\u00e1s alta dentro del \u00e1mbito ferozmente competitivo de los resultados de los motores de b\u00fasqueda. El tema de WordPress de Finance Business de consultor\u00eda le ofrece una oportunidad incomparable para mostrar profesional y de manera interesante su experiencia, servicios y productos, lo que finalmente atrae a una gran cantidad de clientes potenciales a su estimado negocio.<\/p>\n<ul>\n<li>Dise\u00f1ado espec\u00edficamente para consultar empresas en la industria financiera<\/li>\n<li>Dise\u00f1o limpio y moderno para exhibir servicios y experiencia<\/li>\n<li>Personalizaci\u00f3n f\u00e1cil con creador de p\u00e1ginas de arrastrar y soltar<\/li>\n<li>La integraci\u00f3n con WooCommerce permite un f\u00e1cil pago en l\u00ednea y al comercio electr\u00f3nico<\/li>\n<li>Incluye un dise\u00f1o receptivo para una visualizaci\u00f3n \u00f3ptima en cualquier dispositivo<\/li>\n<li>M\u00faltiples p\u00e1ginas predise\u00f1adas y plantillas personalizables para varios usos<\/li>\n<li>SEO optimizado para ayudar a aumentar la presencia en l\u00ednea y las clasificaciones de los motores de b\u00fasqueda<\/li>\n<li>La atenci\u00f3n al cliente 24\/7 y las actualizaciones regulares aseguran un rendimiento \u00f3ptimo<\/li>\n<li>Integraci\u00f3n con complementos populares como WPForms y Yoast para una funcionalidad adicional<\/li>\n<li>Incluye una secci\u00f3n de blog personalizable para ayudar a establecer un liderazgo de pensamiento y proporcionar recursos valiosos a los clientes.<\/li>\n<\/ul>\n","protected":false},"excerpt":{"rendered":"<p>Este tema de WordPress de Finance Business Finance de consultor\u00eda est\u00e1 dise\u00f1ado para satisfacer las necesidades de los profesionales que trabajan en el sector financiero. Con un dise\u00f1o elegante y elegante, este tema es perfecto para consultores, asesores financieros y otros profesionales que necesitan una poderosa presencia en l\u00ednea. El tema ofrece una alta funcionalidad, lo que le permite construir un sitio web sorprendente con facilidad. Es totalmente personalizable, lo que le permite modificar cada elemento y coincidir con la est\u00e9tica de su marca. El tema de WordPress de Finance Business de consultor\u00eda tambi\u00e9n cuenta con un dise\u00f1o receptivo, asegurando que su sitio web se ve y funcione sin problemas en todos los dispositivos. Adem\u00e1s, se optimiza SEO para ayudar a su negocio a clasificar m\u00e1s alto en los resultados de los motores de b\u00fasqueda. Con este tema de WordPress, puede mostrar sus servicios, resaltar sus habilidades y atraer a clientes potenciales de manera efectiva. Este tema es una herramienta valiosa para cualquier profesional de finanzas que busque tener un fuerte impacto digital.<\/p>\n","protected":false},"featured_media":165652,"comment_status":"open","ping_status":"open","template":"","meta":[],"product_brand":[2337],"product_cat":[1307,1237,1238],"product_tag":[1391],"class_list":{"0":"post-110388","1":"product","2":"type-product","3":"status-publish","4":"has-post-thumbnail","6":"product_brand-themeforest","7":"product_cat-negocio-wordpress-temas","8":"product_cat-temas","9":"product_cat-wordpress-temas","10":"product_tag-themeforest","11":"member-discount","12":"discount-restricted","14":"first","15":"instock","16":"sale","17":"downloadable","18":"virtual","19":"sold-individually","20":"purchasable","21":"product-type-simple"},"_links":{"self":[{"href":"https:\/\/gpl-love.com\/es\/wp-json\/wp\/v2\/product\/110388","targetHints":{"allow":["GET"]}}],"collection":[{"href":"https:\/\/gpl-love.com\/es\/wp-json\/wp\/v2\/product"}],"about":[{"href":"https:\/\/gpl-love.com\/es\/wp-json\/wp\/v2\/types\/product"}],"replies":[{"embeddable":true,"href":"https:\/\/gpl-love.com\/es\/wp-json\/wp\/v2\/comments?post=110388"}],"wp:featuredmedia":[{"embeddable":true,"href":"https:\/\/gpl-love.com\/es\/wp-json\/wp\/v2\/media\/165652"}],"wp:attachment":[{"href":"https:\/\/gpl-love.com\/es\/wp-json\/wp\/v2\/media?parent=110388"}],"wp:term":[{"taxonomy":"product_brand","embeddable":true,"href":"https:\/\/gpl-love.com\/es\/wp-json\/wp\/v2\/product_brand?post=110388"},{"taxonomy":"product_cat","embeddable":true,"href":"https:\/\/gpl-love.com\/es\/wp-json\/wp\/v2\/product_cat?post=110388"},{"taxonomy":"product_tag","embeddable":true,"href":"https:\/\/gpl-love.com\/es\/wp-json\/wp\/v2\/product_tag?post=110388"}],"curies":[{"name":"wp","href":"https:\/\/api.w.org\/{rel}","templated":true}]}}