{"id":110386,"date":"2021-02-09T00:00:00","date_gmt":"2021-02-09T05:00:00","guid":{"rendered":"http:\/\/gpl-love.com\/es\/producto\/nomos-modern-ajax-shop-designed-for-mobile-and-seo-friendly\/"},"modified":"2026-04-10T11:19:48","modified_gmt":"2026-04-10T16:19:48","slug":"nomos-modern-ajax-shop-designed-for-mobile-and-seo-friendly","status":"publish","type":"product","link":"https:\/\/gpl-love.com\/es\/producto\/nomos-modern-ajax-shop-designed-for-mobile-and-seo-friendly\/","title":{"rendered":"Nomos Modern AJAX Shop Designed For Mobile And SEO Friendly 2.4.9"},"content":{"rendered":"<h3>Nomos Modern AJAX Shop Designed For Mobile And SEO Friendly Caracteristicas<\/h3>\n<p>La tienda Ajax Nomos Modern Ajax es una plataforma de comercio electr\u00f3nico ejemplar que ha sido meticulosamente elaborada para ofrecer una experiencia de compra incomparable tanto a los clientes como a los minoristas. Este sistema de vanguardia ha sido intrincadamente optimizado para adaptarse perfectamente a los dispositivos m\u00f3viles y explotar la optimizaci\u00f3n de motores de b\u00fasqueda, facilitando as\u00ed a los clientes a localizar y adquirir productos sin esfuerzo a trav\u00e9s de cualquier dispositivo elegido. Con una interfaz elegante e instintiva, la tienda Ajax Nomos Modern Ajax demuestra ser una opci\u00f3n impecable para los minoristas que aspiran a aumentar sus ventas en l\u00ednea y expandir sus empresas. Independientemente de si uno vende mercanc\u00edas tangibles o descargas digitales, esta notable plataforma atiende a todos los requisitos necesarios para el triunfo dentro del mercado ferozmente competitivo de hoy. Entonces, \u00bfpor qu\u00e9 postergar m\u00e1s? \u00a1Inicie la utilizaci\u00f3n de la tienda Ajax Nomos Modern Ajax hoy e impulse su negocio en l\u00ednea a alturas sin precedentes!<\/p>\n<ul>\n<li>Dise\u00f1o elegante y moderno<\/li>\n<li>Dise\u00f1o receptivo optimizado para dispositivos m\u00f3viles<\/li>\n<li>Carrito de compras con AJAX para una experiencia de usuario perfecta<\/li>\n<li>Integraci\u00f3n con pasarelas de pago populares que incluyen PayPal y Stripe<\/li>\n<li>P\u00e1ginas de productos personalizables con m\u00faltiples im\u00e1genes y descripciones de productos<\/li>\n<li>Categorizaci\u00f3n y filtrado de productos f\u00e1ciles para una navegaci\u00f3n r\u00e1pida y eficiente<\/li>\n<li>C\u00f3digo amigable con SEO y metaetiquetas para mejorar las clasificaciones de los motores de b\u00fasqueda<\/li>\n<li>Panel de control de usuario para administrar productos, pedidos e inventario<\/li>\n<li>Opciones de intercambio de redes sociales para productos<\/li>\n<li>An\u00e1lisis incorporado para rastrear las ventas y el comportamiento del cliente<\/li>\n<li>Atenci\u00f3n al cliente y actualizaciones gratuitas y confiables<\/li>\n<\/ul>\n","protected":false},"excerpt":{"rendered":"<p>La tienda Ajax Nomos Modern presenta una soluci\u00f3n ideal para las empresas que buscan aumentar su presencia m\u00f3vil y mejorar sus clasificaciones de SEO, ofreciendo un dise\u00f1o pr\u00edstino y contempor\u00e1neo junto con la tecnolog\u00eda Ajax de vanguardia que asegura una experiencia de compra perfecta en varios dispositivos. Adem\u00e1s, su arquitectura, que es amigable para la optimizaci\u00f3n de motores de b\u00fasqueda, est\u00e1 listo para amplificar el tr\u00e1fico de su sitio web y reforzar su prominencia en l\u00ednea. Al aprovechar el poder de los Nomos, puede elevar su empresa de comercio electr\u00f3nico a alturas sin precedentes.<\/p>\n","protected":false},"featured_media":167059,"comment_status":"open","ping_status":"open","template":"","meta":[],"product_brand":[2337],"product_cat":[1263,1264,1237],"product_tag":[1391],"class_list":{"0":"post-110386","1":"product","2":"type-product","3":"status-publish","4":"has-post-thumbnail","6":"product_brand-themeforest","7":"product_cat-comercio-electronico-temas","8":"product_cat-negocio","9":"product_cat-temas","10":"product_tag-themeforest","11":"member-discount","12":"discount-restricted","14":"first","15":"instock","16":"sale","17":"downloadable","18":"virtual","19":"sold-individually","20":"purchasable","21":"product-type-simple"},"_links":{"self":[{"href":"https:\/\/gpl-love.com\/es\/wp-json\/wp\/v2\/product\/110386","targetHints":{"allow":["GET"]}}],"collection":[{"href":"https:\/\/gpl-love.com\/es\/wp-json\/wp\/v2\/product"}],"about":[{"href":"https:\/\/gpl-love.com\/es\/wp-json\/wp\/v2\/types\/product"}],"replies":[{"embeddable":true,"href":"https:\/\/gpl-love.com\/es\/wp-json\/wp\/v2\/comments?post=110386"}],"wp:featuredmedia":[{"embeddable":true,"href":"https:\/\/gpl-love.com\/es\/wp-json\/wp\/v2\/media\/167059"}],"wp:attachment":[{"href":"https:\/\/gpl-love.com\/es\/wp-json\/wp\/v2\/media?parent=110386"}],"wp:term":[{"taxonomy":"product_brand","embeddable":true,"href":"https:\/\/gpl-love.com\/es\/wp-json\/wp\/v2\/product_brand?post=110386"},{"taxonomy":"product_cat","embeddable":true,"href":"https:\/\/gpl-love.com\/es\/wp-json\/wp\/v2\/product_cat?post=110386"},{"taxonomy":"product_tag","embeddable":true,"href":"https:\/\/gpl-love.com\/es\/wp-json\/wp\/v2\/product_tag?post=110386"}],"curies":[{"name":"wp","href":"https:\/\/api.w.org\/{rel}","templated":true}]}}