{"id":110384,"date":"2024-02-09T00:00:00","date_gmt":"2024-02-09T05:00:00","guid":{"rendered":"http:\/\/gpl-love.com\/es\/producto\/toro-clean-minimal-woocommerce-theme\/"},"modified":"2026-04-10T11:28:55","modified_gmt":"2026-04-10T16:28:55","slug":"toro-clean-minimal-woocommerce-theme","status":"publish","type":"product","link":"https:\/\/gpl-love.com\/es\/producto\/toro-clean-minimal-woocommerce-theme\/","title":{"rendered":"Toro Clean, Minimal WooCommerce Theme 1.6.0"},"content":{"rendered":"<h3>Toro Clean, Minimal WooCommerce Theme Caracteristicas<\/h3>\n<p>El tema de WooCommerce m\u00ednimo de Toro Clean, con su dise\u00f1o profesional y moderno, sirve como una excelente soluci\u00f3n de comercio electr\u00f3nico para personas que buscan un dise\u00f1o sencillo y elegante. Al adoptar un enfoque minimalista, este tema destaca efectivamente sus productos en la p\u00e1gina web al tiempo que proporciona caracter\u00edsticas y funcionalidades esenciales necesarias para una tienda en l\u00ednea pr\u00f3spera. Adem\u00e1s, este tema totalmente receptivo permite a sus clientes comprar convenientemente cualquier dispositivo, y su velocidad optimizada garantiza la carga de la p\u00e1gina. Adem\u00e1s, con una variedad de opciones de personalizaci\u00f3n a su disposici\u00f3n, puede adaptar sin esfuerzo su tienda para alinearse perfectamente con su marca. Por lo tanto, el tema de WooCommerce m\u00ednimo de Toro Clean presenta una opci\u00f3n excepcional para aquellos que desean una tienda en l\u00ednea que exuda profesionalismo y modernidad sin ning\u00fan desorden innecesario.<\/p>\n<ul>\n<li>Dise\u00f1o limpio y moderno<\/li>\n<li>Dise\u00f1o totalmente receptivo<\/li>\n<li>Optimizado para WooCommerce<\/li>\n<li>Opciones de personalizaci\u00f3n f\u00e1ciles<\/li>\n<li>M\u00faltiples dise\u00f1os de p\u00e1gina de inicio y p\u00e1gina de taller<\/li>\n<li>Estilos flexibles de encabezado y pie de p\u00e1gina<\/li>\n<li>AJAX Funcionalidad adicional<\/li>\n<li>Integraci\u00f3n de redes sociales incorporadas<\/li>\n<li>C\u00f3digo de SEO<\/li>\n<li>Velocidad de carga r\u00e1pida<\/li>\n<li>Traducci\u00f3n<\/li>\n<li>Actualizado regularmente con nuevas funciones y correcciones de errores<\/li>\n<li>Atenci\u00f3n al cliente experta.<\/li>\n<\/ul>\n","protected":false},"excerpt":{"rendered":"<p>El tema de WooCommerce m\u00ednimo de Toro Clean, m\u00ednimo presenta una resoluci\u00f3n ideal para las personas que buscan un emporio virtual profesional pero minimalista. A trav\u00e9s de su plan limpio, este tema acent\u00faa su mercanc\u00eda y le permite exhibirlos de la manera m\u00e1s \u00f3ptima concebible. Adem\u00e1s, su funcionalidad receptiva completa garantiza que las est\u00e9ticas de su tienda se conservan independientemente del dispositivo utilizado. Adem\u00e1s, la integraci\u00f3n perfecta con WooCommerce permite la gesti\u00f3n de inventario sin esfuerzo, el procesamiento de pedidos y la aceptaci\u00f3n de pagos. Independientemente de si usted es productos tangibles o intangibles de marketing, el tema de WooCommerce m\u00ednimo de Toro limpia y m\u00ednimo le otorgar\u00e1 los recursos necesarios para alcanzar el triunfo.<\/p>\n","protected":false},"featured_media":167836,"comment_status":"open","ping_status":"open","template":"","meta":[],"product_brand":[2337],"product_cat":[1263,1264,1237],"product_tag":[1391],"class_list":{"0":"post-110384","1":"product","2":"type-product","3":"status-publish","4":"has-post-thumbnail","6":"product_brand-themeforest","7":"product_cat-comercio-electronico-temas","8":"product_cat-negocio","9":"product_cat-temas","10":"product_tag-themeforest","11":"member-discount","12":"discount-restricted","14":"first","15":"instock","16":"sale","17":"downloadable","18":"virtual","19":"sold-individually","20":"purchasable","21":"product-type-simple"},"_links":{"self":[{"href":"https:\/\/gpl-love.com\/es\/wp-json\/wp\/v2\/product\/110384","targetHints":{"allow":["GET"]}}],"collection":[{"href":"https:\/\/gpl-love.com\/es\/wp-json\/wp\/v2\/product"}],"about":[{"href":"https:\/\/gpl-love.com\/es\/wp-json\/wp\/v2\/types\/product"}],"replies":[{"embeddable":true,"href":"https:\/\/gpl-love.com\/es\/wp-json\/wp\/v2\/comments?post=110384"}],"wp:featuredmedia":[{"embeddable":true,"href":"https:\/\/gpl-love.com\/es\/wp-json\/wp\/v2\/media\/167836"}],"wp:attachment":[{"href":"https:\/\/gpl-love.com\/es\/wp-json\/wp\/v2\/media?parent=110384"}],"wp:term":[{"taxonomy":"product_brand","embeddable":true,"href":"https:\/\/gpl-love.com\/es\/wp-json\/wp\/v2\/product_brand?post=110384"},{"taxonomy":"product_cat","embeddable":true,"href":"https:\/\/gpl-love.com\/es\/wp-json\/wp\/v2\/product_cat?post=110384"},{"taxonomy":"product_tag","embeddable":true,"href":"https:\/\/gpl-love.com\/es\/wp-json\/wp\/v2\/product_tag?post=110384"}],"curies":[{"name":"wp","href":"https:\/\/api.w.org\/{rel}","templated":true}]}}