{"id":110380,"date":"2022-02-04T00:00:00","date_gmt":"2022-02-04T05:00:00","guid":{"rendered":"http:\/\/gpl-love.com\/es\/producto\/calafate-portfolio-woocommerce-creative-wordpress-theme\/"},"modified":"2026-03-13T17:17:21","modified_gmt":"2026-03-13T22:17:21","slug":"calafate-portfolio-woocommerce-creative-wordpress-theme","status":"publish","type":"product","link":"https:\/\/gpl-love.com\/es\/producto\/calafate-portfolio-woocommerce-creative-wordpress-theme\/","title":{"rendered":"Calafate Portfolio y WooCommerce Creative WordPress Theme 1.7"},"content":{"rendered":"<h3>Calafate Portfolio y WooCommerce Creative WordPress Theme Caracteristicas<\/h3>\n<p>Cuando combina los temas de WordPress Creative WordPress de Calafate Portfolio y WooCommerce, se le otorga una plataforma extraordinaria que no solo muestra sus capacidades creativas, sino que tambi\u00e9n facilita la venta de sus productos a trav\u00e9s de un medio en l\u00ednea. El tema de la cartera de Calafate se presenta con un enfoque de dise\u00f1o minimalista, lo que permite que su cartera tome el centro del escenario y realmente brille. Adem\u00e1s, el tema creativo de WooCommerce se integra perfectamente con el tema de la cartera de Calafate, lo que resulta en una tienda en l\u00ednea que no solo es visualmente llamativa sino tambi\u00e9n incre\u00edblemente f\u00e1cil de usar. Al utilizar los temas creativos de Calafate Portfolio y WooCommerce, se le proporciona la libertad de personalizar todos los aspectos de su sitio web, desde el esquema de color hasta el dise\u00f1o, garantizando que su presencia en l\u00ednea no solo sea distintiva, sino que tambi\u00e9n representa adecuadamente su marca. Independientemente de si se identifica como artista, dise\u00f1ador o fot\u00f3grafo, esta combinaci\u00f3n din\u00e1mica de temas sirve como la soluci\u00f3n ideal para construir una tienda en l\u00ednea inmersiva y altamente eficiente.<\/p>\n<ul>\n<li>Tema de WordPress de cartera premium y comercio electr\u00f3nico<\/li>\n<li>Dise\u00f1o moderno y creativo perfecto para artistas, dise\u00f1adores y fot\u00f3grafos<\/li>\n<li>Totalmente receptivo y optimizado para todos los dispositivos<\/li>\n<li>Funcionalidad de WooCommerce incorporada para una f\u00e1cil venta en l\u00ednea<\/li>\n<li>M\u00faltiples dise\u00f1os de p\u00e1gina de inicio y cartera para elegir<\/li>\n<li>Opciones personalizables para colores, fuentes y dise\u00f1o<\/li>\n<li>Builder de p\u00e1gina f\u00e1cil de usar para crear p\u00e1ginas personalizadas<\/li>\n<li>SEO optimizado para una mejor clasificaci\u00f3n de motores de b\u00fasqueda<\/li>\n<li>Compatible con todos los principales navegadores<\/li>\n<li>Documentaci\u00f3n extensa y soporte gratuito ofrecido.<\/li>\n<\/ul>\n","protected":false},"excerpt":{"rendered":"<p>Presentaci\u00f3n de la cartera de Calafate y el tema creativo de WordPress de WooCommerce: una herramienta poderosa dise\u00f1ada para profesionales creativos, tiendas en l\u00ednea y negocios. Este tema \u00fanico de WordPress combina la s\u00f3lida plataforma WooCommerce, lo que permite a los usuarios configurar y administrar eficientemente sus tiendas en l\u00ednea. El tema de Calafate es altamente personalizable, con un enfoque en las presentaciones de estilo de cartera, que proporciona una soluci\u00f3n ideal para exhibir su trabajo, productos o servicios de una manera visualmente convincente. Las caracter\u00edsticas clave incluyen un dise\u00f1o receptivo, garantizar que su sitio web se vea genial en varios dispositivos y la opci\u00f3n de personalizar su contenido con el cartera personalizado. Con su dise\u00f1o elegante y su interfaz f\u00e1cil de usar, el tema de Calafate es perfecto para aquellos que buscan mejorar su presencia en l\u00ednea y cautivar a los clientes potenciales. Experimente los beneficios y haga que su visi\u00f3n creativa cobre vida con el tema de la cartera de Calafate y WooCommerce Creative WordPress.<\/p>\n","protected":false},"featured_media":165584,"comment_status":"open","ping_status":"open","template":"","meta":[],"product_brand":[2337],"product_cat":[1307,1237,1238],"product_tag":[1391],"class_list":{"0":"post-110380","1":"product","2":"type-product","3":"status-publish","4":"has-post-thumbnail","6":"product_brand-themeforest","7":"product_cat-negocio-wordpress-temas","8":"product_cat-temas","9":"product_cat-wordpress-temas","10":"product_tag-themeforest","11":"member-discount","12":"discount-restricted","14":"first","15":"instock","16":"sale","17":"downloadable","18":"virtual","19":"sold-individually","20":"purchasable","21":"product-type-simple"},"_links":{"self":[{"href":"https:\/\/gpl-love.com\/es\/wp-json\/wp\/v2\/product\/110380","targetHints":{"allow":["GET"]}}],"collection":[{"href":"https:\/\/gpl-love.com\/es\/wp-json\/wp\/v2\/product"}],"about":[{"href":"https:\/\/gpl-love.com\/es\/wp-json\/wp\/v2\/types\/product"}],"replies":[{"embeddable":true,"href":"https:\/\/gpl-love.com\/es\/wp-json\/wp\/v2\/comments?post=110380"}],"wp:featuredmedia":[{"embeddable":true,"href":"https:\/\/gpl-love.com\/es\/wp-json\/wp\/v2\/media\/165584"}],"wp:attachment":[{"href":"https:\/\/gpl-love.com\/es\/wp-json\/wp\/v2\/media?parent=110380"}],"wp:term":[{"taxonomy":"product_brand","embeddable":true,"href":"https:\/\/gpl-love.com\/es\/wp-json\/wp\/v2\/product_brand?post=110380"},{"taxonomy":"product_cat","embeddable":true,"href":"https:\/\/gpl-love.com\/es\/wp-json\/wp\/v2\/product_cat?post=110380"},{"taxonomy":"product_tag","embeddable":true,"href":"https:\/\/gpl-love.com\/es\/wp-json\/wp\/v2\/product_tag?post=110380"}],"curies":[{"name":"wp","href":"https:\/\/api.w.org\/{rel}","templated":true}]}}