{"id":110376,"date":"2022-04-05T00:00:00","date_gmt":"2022-04-05T05:00:00","guid":{"rendered":"http:\/\/gpl-love.com\/es\/producto\/arcane-the-gaming-community-theme\/"},"modified":"2026-03-13T17:15:49","modified_gmt":"2026-03-13T22:15:49","slug":"arcane-the-gaming-community-theme","status":"publish","type":"product","link":"https:\/\/gpl-love.com\/es\/producto\/arcane-the-gaming-community-theme\/","title":{"rendered":"Arcane The Gaming Community Theme 3.6.5"},"content":{"rendered":"<h3>Arcane The Gaming Community Theme Caracteristicas<\/h3>\n<p>Arcane El tema de la comunidad de juegos surge como la mejor soluci\u00f3n para los jugadores ardientes que anhelan establecer un sitio web distintivo y cautivador completamente dedicado al \u00e1mbito de los juegos. Este tema excepcional es irritante con una variedad de caracter\u00edsticas notables que permiten a los usuarios personalizar su sitio web, lo que lo distingue de las masas. Con un dise\u00f1o impresionante junto con una interfaz navegable sin esfuerzo, Arcane, el tema de la comunidad de juegos ofrece a los usuarios la oportunidad de forjar un sitio web que exuda profesionalismo dentro de un tiempo de tiempo notablemente corto. Adem\u00e1s de sus atributos impresionantes, este tema abarca una variedad de plantillas predise\u00f1adas que atienden a diversos g\u00e9neros de sitios web de juegos, lo que hace que el proceso de iniciaci\u00f3n sea muy f\u00e1cil. Adem\u00e1s, su repertorio est\u00e1 enriquecido con una variedad de caracter\u00edsticas que facilitan la exhibici\u00f3n del contenido relacionado con el juego, que abarca tipos de publicaciones personalizadas designados para revisiones de juegos, actualizaciones de noticias y pr\u00f3ximos eventos. Adem\u00e1s, la integraci\u00f3n de los widgets de redes sociales se logra perfectamente, dotando a los usuarios con la conveniencia de compartir contenido en una variedad de plataformas de redes sociales. En particular, las potentes opciones de personalizaci\u00f3n del tema, junto con su extensa documentaci\u00f3n, culminan en la creaci\u00f3n de un sitio web de juegos inigualable, lo que hace que el tema de la comunidad de juegos sea una opci\u00f3n impecable para las personas que albergan aspiraciones para manifestar un sitio web de juegos que trasciende todas las expectativas.<\/p>\n<ul>\n<li>Proporciona un tema visualmente atractivo e inmersivo para el sitio web de su comunidad de juegos<\/li>\n<li>Presenta gr\u00e1ficos n\u00edtidos y un esquema de color oscuro que establece el ambiente para los entusiastas de los juegos<\/li>\n<li>Totalmente personalizable para satisfacer las necesidades y preferencias espec\u00edficas de su comunidad.<\/li>\n<li>F\u00e1cil de administrar y navegar, permitiendo un compromiso sin problemas con su audiencia<\/li>\n<li>Ofrece una amplia gama de caracter\u00edsticas avanzadas, que incluyen widgets personalizados, opciones de membres\u00eda y m\u00e1s<\/li>\n<li>Admite m\u00faltiples idiomas, asegurando que su sitio web sea accesible para una audiencia global<\/li>\n<li>Proporciona una excelente atenci\u00f3n al cliente, con un equipo dedicado de expertos disponibles para ayudarlo con cualquier problema o pregunta.<\/li>\n<li>Compatible con una variedad de sistemas populares de gesti\u00f3n de contenido, incluidos WordPress, Joomla!, Y Drupal<\/li>\n<li>Actualizado regularmente con nuevas funciones y mejoras para mantener su sitio web fresco y actualizado<\/li>\n<li>Ofrece una garant\u00eda de devoluci\u00f3n de dinero de 30 d\u00edas, asegurando que pueda probar el tema sin riesgos.<\/li>\n<\/ul>\n","protected":false},"excerpt":{"rendered":"<p>Sum\u00e9rgete en el \u00e1mbito de los juegos en l\u00ednea con el tema de la comunidad de juegos arcanos. Este tema est\u00e1 dise\u00f1ado para reunir a jugadores de todos los \u00e1mbitos de la vida. Con su interfaz f\u00e1cil de usar, caracter\u00edsticas personalizables y est\u00e9tica vibrante, es la plataforma perfecta para construir su comunidad de juegos. Ya sea que est\u00e9 en RPG, FPS o MMORPGS, la versatilidad de Arcane le permite adaptar su sitio a las preferencias de su comunidad. Sus caracter\u00edsticas clave incluyen un dise\u00f1o elegante, navegaci\u00f3n f\u00e1cil y herramientas incorporadas para torneos y guerras de equipo. Involucrarse y conectarse con otros jugadores, compartir consejos y estrategias, y crear un centro din\u00e1mico e interactivo para sus necesidades de juego. Con Arcane, no solo est\u00e1s jugando el juego, tambi\u00e9n eres parte de una comunidad global pr\u00f3spera.<\/p>\n","protected":false},"featured_media":165387,"comment_status":"open","ping_status":"open","template":"","meta":[],"product_brand":[2337],"product_cat":[1267,1237,1238],"product_tag":[1391],"class_list":{"0":"post-110376","1":"product","2":"type-product","3":"status-publish","4":"has-post-thumbnail","6":"product_brand-themeforest","7":"product_cat-creativo","8":"product_cat-temas","9":"product_cat-wordpress-temas","10":"product_tag-themeforest","11":"member-discount","12":"discount-restricted","14":"first","15":"instock","16":"sale","17":"downloadable","18":"virtual","19":"sold-individually","20":"purchasable","21":"product-type-simple"},"_links":{"self":[{"href":"https:\/\/gpl-love.com\/es\/wp-json\/wp\/v2\/product\/110376","targetHints":{"allow":["GET"]}}],"collection":[{"href":"https:\/\/gpl-love.com\/es\/wp-json\/wp\/v2\/product"}],"about":[{"href":"https:\/\/gpl-love.com\/es\/wp-json\/wp\/v2\/types\/product"}],"replies":[{"embeddable":true,"href":"https:\/\/gpl-love.com\/es\/wp-json\/wp\/v2\/comments?post=110376"}],"wp:featuredmedia":[{"embeddable":true,"href":"https:\/\/gpl-love.com\/es\/wp-json\/wp\/v2\/media\/165387"}],"wp:attachment":[{"href":"https:\/\/gpl-love.com\/es\/wp-json\/wp\/v2\/media?parent=110376"}],"wp:term":[{"taxonomy":"product_brand","embeddable":true,"href":"https:\/\/gpl-love.com\/es\/wp-json\/wp\/v2\/product_brand?post=110376"},{"taxonomy":"product_cat","embeddable":true,"href":"https:\/\/gpl-love.com\/es\/wp-json\/wp\/v2\/product_cat?post=110376"},{"taxonomy":"product_tag","embeddable":true,"href":"https:\/\/gpl-love.com\/es\/wp-json\/wp\/v2\/product_tag?post=110376"}],"curies":[{"name":"wp","href":"https:\/\/api.w.org\/{rel}","templated":true}]}}