{"id":110372,"date":"2021-02-09T00:00:00","date_gmt":"2021-02-09T05:00:00","guid":{"rendered":"http:\/\/gpl-love.com\/es\/producto\/uptime-responsive-elementor-wordpress-theme-for-business\/"},"modified":"2026-04-10T11:29:44","modified_gmt":"2026-04-10T16:29:44","slug":"uptime-responsive-elementor-wordpress-theme-for-business","status":"publish","type":"product","link":"https:\/\/gpl-love.com\/es\/producto\/uptime-responsive-elementor-wordpress-theme-for-business\/","title":{"rendered":"Uptime Responsive Elementor WordPress Tema para Business 1.1.1"},"content":{"rendered":"<h3>Uptime Responsive Elementor WordPress Tema para Business Caracteristicas<\/h3>\n<p>El tema de WordPress de Elemento de tiempo de actividad para los negocios es un tema extremadamente moderno y notablemente vers\u00e1til que es excepcionalmente adecuado para las empresas de todo tipo. Este notable tema se ha creado meticulosamente para ser excepcionalmente receptivo, asegurando as\u00ed que exhibir\u00e1 una apariencia exquisita en cualquier dispositivo, ya sea un escritorio, una computadora port\u00e1til, tableta o tel\u00e9fono inteligente. Con el elemento inmensamente poderoso, posee un comando absoluto sobre el dise\u00f1o de su sitio web, lo que le permite fabricar una apariencia completamente sin precedentes y personalizada que exuda la esencia de su marca. El tiempo de actividad tambi\u00e9n cuenta con una mir\u00edada de plantillas preexistentes, facilitando as\u00ed un comienzo acelerado y la personalizaci\u00f3n a medida de su sitio web para alinearse con sus requisitos espec\u00edficos. Independientemente de si usted es un propietario de una empresa diminuta o una corporaci\u00f3n colosal, el tiempo de actividad se presenta indudablemente como la soluci\u00f3n id\u00edlica para la creaci\u00f3n de un sitio web profesionalmente sofisticado y completamente cautivador que seguramente le permitir\u00e1 trascender la competencia incesante.<\/p>\n<ul>\n<li>Un dise\u00f1o profesional y moderno que proporciona un aspecto elegante y sofisticado a cualquier sitio web comercial.<\/li>\n<li>Totalmente personalizable con Elementor Page Builder, que permite un dise\u00f1o de sitio web altamente personalizado y \u00fanico.<\/li>\n<li>Construido con la capacidad de respuesta en mente, asegurando que su sitio web se vea genial en cualquier tama\u00f1o de pantalla, incluidos escritorios, tabletas y tel\u00e9fonos inteligentes.<\/li>\n<li>Incluye una variedad de plantillas y m\u00f3dulos prefabricados, lo que hace que sea f\u00e1cil crear nuevas p\u00e1ginas y contenido r\u00e1pidamente.<\/li>\n<li>Optimizado de SEO, ayudando a mejorar las clasificaciones de los motores de b\u00fasqueda y conducir m\u00e1s tr\u00e1fico a su sitio.<\/li>\n<li>Carga r\u00e1pida y optimizada para el rendimiento, asegurando que su sitio web funcione sin problemas y de manera efectiva.<\/li>\n<li>Se integra a la perfecci\u00f3n con complementos populares como WooCommerce y Contact Form 7, lo que permite una f\u00e1cil funcionalidad de comercio electr\u00f3nico y formulario de contacto.<\/li>\n<li>Incluye una gama de opciones de personalizaci\u00f3n para encabezados, pies de p\u00e1gina, fuentes, colores y m\u00e1s, lo que le brinda control total sobre la apariencia de su sitio web.<\/li>\n<li>Viene con contenido de demostraci\u00f3n e instalador de un solo clic para una f\u00e1cil configuraci\u00f3n y personalizaci\u00f3n.<\/li>\n<\/ul>\n","protected":false},"excerpt":{"rendered":"<p>El tema de WordPress de Elemento para los negocios que responde por tiempo de actividad es una soluci\u00f3n ideal para los due\u00f1os de negocios que desean un sitio web pulido y sofisticado. Al utilizar el constructor de p\u00e1ginas de Elementer de Drag-and-Drop f\u00e1cil de usar, tiene la capacidad de personalizar su sitio web para satisfacer sus requisitos \u00fanicos. Este tema es totalmente receptivo, lo que significa que se muestra maravillosamente en cualquier dispositivo, adem\u00e1s de estar lleno de una variedad de caracter\u00edsticas impresionantes, que incluyen varias opciones de encabezado, dise\u00f1os de blog personalizables y un panel de opciones de tema robusto. Independientemente de si opera una empresa a peque\u00f1a escala o una gran corporaci\u00f3n, el tema de tiempo de actividad es la mejor opci\u00f3n para establecer una presencia en l\u00ednea impresionante.<\/p>\n","protected":false},"featured_media":167905,"comment_status":"open","ping_status":"open","template":"","meta":[],"product_brand":[2337],"product_cat":[1307,1237,1238],"product_tag":[1391],"class_list":{"0":"post-110372","1":"product","2":"type-product","3":"status-publish","4":"has-post-thumbnail","6":"product_brand-themeforest","7":"product_cat-negocio-wordpress-temas","8":"product_cat-temas","9":"product_cat-wordpress-temas","10":"product_tag-themeforest","11":"member-discount","12":"discount-restricted","14":"first","15":"instock","16":"sale","17":"downloadable","18":"virtual","19":"sold-individually","20":"purchasable","21":"product-type-simple"},"_links":{"self":[{"href":"https:\/\/gpl-love.com\/es\/wp-json\/wp\/v2\/product\/110372","targetHints":{"allow":["GET"]}}],"collection":[{"href":"https:\/\/gpl-love.com\/es\/wp-json\/wp\/v2\/product"}],"about":[{"href":"https:\/\/gpl-love.com\/es\/wp-json\/wp\/v2\/types\/product"}],"replies":[{"embeddable":true,"href":"https:\/\/gpl-love.com\/es\/wp-json\/wp\/v2\/comments?post=110372"}],"wp:featuredmedia":[{"embeddable":true,"href":"https:\/\/gpl-love.com\/es\/wp-json\/wp\/v2\/media\/167905"}],"wp:attachment":[{"href":"https:\/\/gpl-love.com\/es\/wp-json\/wp\/v2\/media?parent=110372"}],"wp:term":[{"taxonomy":"product_brand","embeddable":true,"href":"https:\/\/gpl-love.com\/es\/wp-json\/wp\/v2\/product_brand?post=110372"},{"taxonomy":"product_cat","embeddable":true,"href":"https:\/\/gpl-love.com\/es\/wp-json\/wp\/v2\/product_cat?post=110372"},{"taxonomy":"product_tag","embeddable":true,"href":"https:\/\/gpl-love.com\/es\/wp-json\/wp\/v2\/product_tag?post=110372"}],"curies":[{"name":"wp","href":"https:\/\/api.w.org\/{rel}","templated":true}]}}