{"id":110370,"date":"2025-10-17T00:00:00","date_gmt":"2025-10-17T05:00:00","guid":{"rendered":"http:\/\/gpl-love.com\/es\/producto\/wp-migrate-db-pro-migrating-wordpress-databases\/"},"modified":"2026-03-09T08:29:00","modified_gmt":"2026-03-09T13:29:00","slug":"wp-migrate-db-pro-migrating-wordpress-databases","status":"publish","type":"product","link":"https:\/\/gpl-love.com\/es\/producto\/wp-migrate-db-pro-migrating-wordpress-databases\/","title":{"rendered":"WP Migrate DB Pro Migrating WordPress Databases 2.7.6"},"content":{"rendered":"<h3>WP Migrate DB Pro Migrating WordPress Databases Caracteristicas<\/h3>\n<p>WP Migrate DB Pro, una herramienta excepcional y altamente efectiva, ofrece una soluci\u00f3n incomparable para la intrincada tarea de migrar bases de datos de WordPress. Este notable complemento permite a los usuarios transferir sin esfuerzo su base de datos completa de WordPress de una ubicaci\u00f3n a otra, asegurando una transici\u00f3n perfecta e perfecta desprovista de cualquier p\u00e9rdida o corrupci\u00f3n de datos. Con su ingeniosa automatizaci\u00f3n, WP migra DB administra de manera prodigente todo el proceso de migraci\u00f3n, simplific\u00e1ndolo en el mayor grado. Simplemente ejecutando un solo pu\u00f1ado de clics, los usuarios pueden exportar de manera competente su base de datos y posteriormente importarla a un nuevo destino. Adem\u00e1s, este complemento cuenta con una interfaz instintiva, meticulosamente elaborada para acomodar incluso a los usuarios m\u00e1s t\u00e9cnicos. Sin lugar a dudas, WP migra DB Pro emerge como la soluci\u00f3n por excelencia para las personas que buscan reubicar su estimado sitio web de WordPress o salvaguardar su preciosa base de datos a trav\u00e9s de copias de seguridad meticulosas.<\/p>\n<ul>\n<li>Migrar f\u00e1cilmente las bases de datos de WordPress entre servidores o entornos<\/li>\n<li>Integraci\u00f3n perfecta con WordPress para un proceso de transferencia suave<\/li>\n<li>Incluye soporte para datos serializados, asegurando que todo el contenido se transfiera con precisi\u00f3n<\/li>\n<li>Opci\u00f3n para excluir las tablas o columnas de selecci\u00f3n de la migraci\u00f3n<\/li>\n<li>Interfaz de usuario simple que requiere un conocimiento t\u00e9cnico m\u00ednimo<\/li>\n<li>Creaci\u00f3n de copia de seguridad autom\u00e1tica antes de la migraci\u00f3n para mayor tranquilidad<\/li>\n<li>Compatibilidad con una amplia gama de entornos de alojamiento, incluidos Vagrant y Docker<\/li>\n<li>Funcionalidad s\u00f3lida de importaci\u00f3n y exportaci\u00f3n para una mayor flexibilidad en la administraci\u00f3n de su sitio de WordPress<\/li>\n<li>Actualizaciones regulares y atenci\u00f3n al cliente sobresaliente para garantizar un rendimiento y confiabilidad continuos.<\/li>\n<\/ul>\n","protected":false},"excerpt":{"rendered":"<p>WP Migrate DB Pro, una herramienta de migraci\u00f3n excepcional, se ha creado meticulosamente para agilizar la intrincada tarea de transferir bases de datos de WordPress de una fuente a un destino. Al ejecutar sin esfuerzo algunos clics simples, puede reubicar a la perfecci\u00f3n sus bases de datos, no perturbadas por cualquier apariencia de compromiso de datos, todo el tiempo asegurando la preservaci\u00f3n de su santidad a lo largo de la totalidad del viaje. Ya sea la exigencia de reubicar su sitio web a un servidor novedoso, la aspiraci\u00f3n para mejorar su plan de alojamiento o la lucidez de consolidar sus datos invaluables, WP Migrate DB Pro se manifiesta como el parag\u00f3n definitivo de la migraci\u00f3n de WordPress. Por lo tanto, \u00bfpor qu\u00e9 postergar? \u00a1Abrace la destreza de empoderamiento de WP migra DB Pro hoy y no se asombra de la fluidez sin precedentes que brinda a sus esfuerzos de migraci\u00f3n de WordPress!<\/p>\n","protected":false},"featured_media":168418,"comment_status":"open","ping_status":"open","template":"","meta":[],"product_brand":[2629],"product_cat":[1212,1206,1211],"product_tag":[1562],"class_list":{"0":"post-110370","1":"product","2":"type-product","3":"status-publish","4":"has-post-thumbnail","6":"product_brand-deliciousbrains","7":"product_cat-administracion-wordpress-plugins","8":"product_cat-plugins","9":"product_cat-wordpress-plugins","10":"product_tag-deliciousbrains","11":"member-discount","12":"discount-restricted","14":"first","15":"instock","16":"sale","17":"downloadable","18":"virtual","19":"sold-individually","20":"purchasable","21":"product-type-simple"},"_links":{"self":[{"href":"https:\/\/gpl-love.com\/es\/wp-json\/wp\/v2\/product\/110370","targetHints":{"allow":["GET"]}}],"collection":[{"href":"https:\/\/gpl-love.com\/es\/wp-json\/wp\/v2\/product"}],"about":[{"href":"https:\/\/gpl-love.com\/es\/wp-json\/wp\/v2\/types\/product"}],"replies":[{"embeddable":true,"href":"https:\/\/gpl-love.com\/es\/wp-json\/wp\/v2\/comments?post=110370"}],"wp:featuredmedia":[{"embeddable":true,"href":"https:\/\/gpl-love.com\/es\/wp-json\/wp\/v2\/media\/168418"}],"wp:attachment":[{"href":"https:\/\/gpl-love.com\/es\/wp-json\/wp\/v2\/media?parent=110370"}],"wp:term":[{"taxonomy":"product_brand","embeddable":true,"href":"https:\/\/gpl-love.com\/es\/wp-json\/wp\/v2\/product_brand?post=110370"},{"taxonomy":"product_cat","embeddable":true,"href":"https:\/\/gpl-love.com\/es\/wp-json\/wp\/v2\/product_cat?post=110370"},{"taxonomy":"product_tag","embeddable":true,"href":"https:\/\/gpl-love.com\/es\/wp-json\/wp\/v2\/product_tag?post=110370"}],"curies":[{"name":"wp","href":"https:\/\/api.w.org\/{rel}","templated":true}]}}