{"id":110367,"date":"2021-02-09T00:00:00","date_gmt":"2021-02-09T05:00:00","guid":{"rendered":"http:\/\/gpl-love.com\/es\/producto\/aabbe-digital-marketplace-wordpress-theme\/"},"modified":"2026-03-13T17:15:11","modified_gmt":"2026-03-13T22:15:11","slug":"aabbe-digital-marketplace-wordpress-theme","status":"publish","type":"product","link":"https:\/\/gpl-love.com\/es\/producto\/aabbe-digital-marketplace-wordpress-theme\/","title":{"rendered":"Aabbe Digital Marketplace WordPress Theme 3.3.0"},"content":{"rendered":"<h3>Aabbe Digital Marketplace WordPress Theme Caracteristicas<\/h3>\n<p>El tema de WordPress de Aabbe Digital Marketplace, una plantilla muy buscada y vers\u00e1til, ha sido meticulosamente elaborada para satisfacer las necesidades espec\u00edficas de los mercados digitales. Este tema excepcional atiende sin esfuerzo a los requisitos de las tiendas y empresas en l\u00ednea que participan en la venta de productos digitales, que van desde software, libros electr\u00f3nicos, m\u00fasica, hasta videos y mucho m\u00e1s. Con una interfaz f\u00e1cil de usar junto con capacidades de personalizaci\u00f3n incomparables, el tema de WordPress de Aabbe Digital Marketplace faculta a los usuarios para dise\u00f1ar un sitio web distintivo y profesional que realmente encarna su negocio. Lo que distingue a este tema es su amplia gama de caracter\u00edsticas que incluyen un dise\u00f1o receptivo, funcionalidad de b\u00fasqueda de vanguardia, revisiones integrales de productos y un carrito de compras integrado sin problemas. Adem\u00e1s, este notable tema se integra perfectamente con complementos principales como WooCommerce y descargas digitales f\u00e1ciles, facilitando as\u00ed la gesti\u00f3n sin esfuerzo de su tienda en l\u00ednea. Al aprovechar el poder del tema de WordPress del mercado digital de AABBE, puede establecer sin esfuerzo una tienda en l\u00ednea robusta y eficaz que no solo impulse su negocio a nuevas alturas, sino que tambi\u00e9n le permite expandir de manera efectiva su base de clientes.<\/p>\n<ul>\n<li>Un tema de mercado en l\u00ednea moderno y profesional para WordPress<\/li>\n<li>Dise\u00f1ado espec\u00edficamente para productos digitales, pero tambi\u00e9n adecuado para productos f\u00edsicos.<\/li>\n<li>Interfaz intuitiva y amigable para los usuarios para compradores y vendedores<\/li>\n<li>Opciones avanzadas de b\u00fasqueda y filtro para una f\u00e1cil navegaci\u00f3n de productos<\/li>\n<li>Admite m\u00faltiples pasarelas de pago, incluidos PayPal y Stripe<\/li>\n<li>Dise\u00f1o receptivo para una visualizaci\u00f3n perfecta en todos los dispositivos<\/li>\n<li>Sistema integrado de revisiones y calificaciones de clientes para generar confianza y credibilidad<\/li>\n<li>SEO optimizado para mejorar las clasificaciones de los motores de b\u00fasqueda<\/li>\n<li>P\u00e1gina de inicio personalizable y p\u00e1ginas de productos para exhibir productos de manera efectiva<\/li>\n<li>Viene con 6 meses de atenci\u00f3n al cliente incluida, con la opci\u00f3n de extenderse.<\/li>\n<\/ul>\n","protected":false},"excerpt":{"rendered":"<p>El tema de WordPress de Aabbe Digital Marketplace es un tema de WordPress personalizable para un mercado en l\u00ednea, perfecto para aquellos que aspiran a crear su propia tienda digital. Con su interfaz f\u00e1cil de usar, AABBE es m\u00e1s que un software que vende un tema de WordPress. Tambi\u00e9n es una plataforma ideal para vender m\u00fasica, gr\u00e1ficos y una amplia variedad de productos digitales.<\/p>\n<p>Esta plataforma hol\u00edstica para transacciones de productos digitales es f\u00e1cil de adaptar, asegurando un sitio web refinado y visualmente atractivo. Se destaca con sus caracter\u00edsticas \u00fanicas, como m\u00faltiples pasarelas de pago, soporte del vendedor en temas de WordPress y calificaciones de usuarios, mejorando la experiencia del usuario y fomentando intercambios digitales sin problemas.<\/p>\n<p>AABBE tiene como objetivo elevar su mercado en l\u00ednea ofreciendo distintas ventajas. No solo ayuda a vender productos digitales, sino que tambi\u00e9n brinda apoyo integral a los vendedores, facilitando transacciones sin problemas. Adem\u00e1s, la inclusi\u00f3n de las calificaciones de los usuarios contribuye a la transparencia general y la confiabilidad del mercado.<\/p>\n<p>Aproveche el potencial del tema de WordPress del mercado digital de AABBE y experimente sus distintas ventajas<\/p>\n","protected":false},"featured_media":165245,"comment_status":"open","ping_status":"open","template":"","meta":[],"product_brand":[2337],"product_cat":[1263,1264,1237],"product_tag":[1391],"class_list":{"0":"post-110367","1":"product","2":"type-product","3":"status-publish","4":"has-post-thumbnail","6":"product_brand-themeforest","7":"product_cat-comercio-electronico-temas","8":"product_cat-negocio","9":"product_cat-temas","10":"product_tag-themeforest","11":"member-discount","12":"discount-restricted","14":"first","15":"instock","16":"sale","17":"downloadable","18":"virtual","19":"sold-individually","20":"purchasable","21":"product-type-simple"},"_links":{"self":[{"href":"https:\/\/gpl-love.com\/es\/wp-json\/wp\/v2\/product\/110367","targetHints":{"allow":["GET"]}}],"collection":[{"href":"https:\/\/gpl-love.com\/es\/wp-json\/wp\/v2\/product"}],"about":[{"href":"https:\/\/gpl-love.com\/es\/wp-json\/wp\/v2\/types\/product"}],"replies":[{"embeddable":true,"href":"https:\/\/gpl-love.com\/es\/wp-json\/wp\/v2\/comments?post=110367"}],"wp:featuredmedia":[{"embeddable":true,"href":"https:\/\/gpl-love.com\/es\/wp-json\/wp\/v2\/media\/165245"}],"wp:attachment":[{"href":"https:\/\/gpl-love.com\/es\/wp-json\/wp\/v2\/media?parent=110367"}],"wp:term":[{"taxonomy":"product_brand","embeddable":true,"href":"https:\/\/gpl-love.com\/es\/wp-json\/wp\/v2\/product_brand?post=110367"},{"taxonomy":"product_cat","embeddable":true,"href":"https:\/\/gpl-love.com\/es\/wp-json\/wp\/v2\/product_cat?post=110367"},{"taxonomy":"product_tag","embeddable":true,"href":"https:\/\/gpl-love.com\/es\/wp-json\/wp\/v2\/product_tag?post=110367"}],"curies":[{"name":"wp","href":"https:\/\/api.w.org\/{rel}","templated":true}]}}