{"id":110365,"date":"2022-03-30T00:00:00","date_gmt":"2022-03-30T05:00:00","guid":{"rendered":"http:\/\/gpl-love.com\/es\/producto\/the-fox-modern-blog-magazine-wordpress-theme\/"},"modified":"2026-04-10T11:27:28","modified_gmt":"2026-04-10T16:27:28","slug":"the-fox-modern-blog-magazine-wordpress-theme","status":"publish","type":"product","link":"https:\/\/gpl-love.com\/es\/producto\/the-fox-modern-blog-magazine-wordpress-theme\/","title":{"rendered":"The Fox Modern Blog Magazine WordPress Theme 4.7.2"},"content":{"rendered":"<h3>The Fox Modern Blog Magazine WordPress Theme Caracteristicas<\/h3>\n<p>El tema de WordPress de WordPress de Fox Modern Blog es la soluci\u00f3n perfecta para bloggers y editores de revistas que buscan crear una presencia en l\u00ednea elegante y profesional. Con su dise\u00f1o elegante y moderno, este tema seguramente impresionar\u00e1 a sus lectores y los har\u00e1 regresar por m\u00e1s.<\/p>\n<p>Este tema est\u00e1 lleno de caracter\u00edsticas que facilitan mostrar su contenido de una manera visualmente atractiva. El constructor de p\u00e1ginas incorporado le permite crear dise\u00f1os impresionantes con solo unos pocos clics, lo que facilita la personalizaci\u00f3n de la apariencia de su sitio web. Ya sea que sea un principiante o un dise\u00f1ador web experimentado, este tema es f\u00e1cil de usar e intuitivo, lo que le ahorra tiempo y esfuerzo.<\/p>\n<p>Una de las caracter\u00edsticas destacadas del Fox son sus extensas opciones de personalizaci\u00f3n. Con esquemas de color ilimitados, opciones de fuentes y opciones de dise\u00f1o, puede crear un sitio web que realmente refleje su estilo y marca. Adem\u00e1s, el tema es totalmente receptivo, asegurando que su sitio se vea genial en cualquier dispositivo, desde escritorio hasta dispositivos m\u00f3viles.<\/p>\n<p>Adem\u00e1s de sus impresionantes caracter\u00edsticas de dise\u00f1o, el Fox tambi\u00e9n ofrece una funcionalidad potente. El tema est\u00e1 optimizado por SEO, por lo que su contenido se clasificar\u00e1 m\u00e1s alto en los resultados de los motores de b\u00fasqueda y atraer\u00e1 m\u00e1s tr\u00e1fico org\u00e1nico. Tambi\u00e9n incluye la integraci\u00f3n de las redes sociales, lo que permite a los lectores compartir f\u00e1cilmente su contenido en sus plataformas favoritas.<\/p>\n<p>Con el Fox, tambi\u00e9n tiene la opci\u00f3n de monetizar su sitio web. El tema es compatible con los complementos publicitarios populares, lo que facilita la exhibici\u00f3n de anuncios y genera ingresos. Adem\u00e1s, la integraci\u00f3n incorporada de WooCommerce le permite configurar una tienda en l\u00ednea y vender productos directamente desde su sitio web.<\/p>\n<p>En general, el tema de WordPress de WordPress de Fox Modern Blog es una soluci\u00f3n vers\u00e1til y rica en funciones para bloggers y editores de revistas. Con su impresionante dise\u00f1o, opciones de personalizaci\u00f3n y funcionalidad potente, este tema lo ayudar\u00e1 a crear una presencia en l\u00ednea profesional y atractiva.<\/p>\n<ul>\n<li>Un tema de WordPress totalmente personalizable dise\u00f1ado para sitios web modernos de blogs y revistas<\/li>\n<li>Viene con m\u00faltiples demostraciones preconstruidas para elegir<\/li>\n<li>Cambiar f\u00e1cilmente los colores, las fuentes y los dise\u00f1os para crear un dise\u00f1o \u00fanico para su sitio web<\/li>\n<li>Admite m\u00faltiples formatos de publicaci\u00f3n que incluyen video, audio y galer\u00eda<\/li>\n<li>Incluye una secci\u00f3n personalizable de encabezado y pie de p\u00e1gina<\/li>\n<li>El dise\u00f1o de receptivo y amigable para dispositivos m\u00f3viles asegura que su sitio web se vea muy bien en cualquier dispositivo<\/li>\n<li>SEO optimizado para una mejor clasificaci\u00f3n de motores de b\u00fasqueda<\/li>\n<li>Apoya la integraci\u00f3n de las redes sociales para compartir f\u00e1cilmente el contenido<\/li>\n<li>Construido con c\u00f3digo limpio y bien organizado para una velocidad de carga m\u00e1s r\u00e1pida<\/li>\n<li>Compatible con complementos populares de WordPress, incluidos WooCommerce y el Formulario de contacto 7<\/li>\n<li>Incluye documentaci\u00f3n detallada y atenci\u00f3n al cliente para cualquier pregunta o problema.<\/li>\n<\/ul>\n","protected":false},"excerpt":{"rendered":"<p>El tema de WordPress de WordPress de Fox Modern Blog, un tema exquisitamente dise\u00f1ado y de moda, ha sido meticulosamente desarrollado para satisfacer las necesidades de los bloggers y los sitios web de revistas en l\u00ednea. Con un dise\u00f1o pr\u00edstino y contempor\u00e1neo, este tema proporciona una gran cantidad de opciones personalizables que le permiten imbuir su sitio con un toque de singularidad, que abarca una amplia gama de estilos de encabezado, una selecci\u00f3n infinita de colores y una amplia colecci\u00f3n de ancianos y c\u00f3digos cortos . Adem\u00e1s, cuenta con un sistema de revisi\u00f3n integrado, listados de publicaciones de vanguardia y soporte integral para todos los principales navegadores web. Sin lugar a dudas, el tema de WordPress de WordPress de Blog Fox, la revista Fox, sirve como la soluci\u00f3n definitiva para las personas que buscan establecer una presencia en l\u00ednea pulida y cautivadora.<\/p>\n","protected":false},"featured_media":167708,"comment_status":"open","ping_status":"open","template":"","meta":[],"product_brand":[2337],"product_cat":[1245,1237,1238],"product_tag":[1391],"class_list":{"0":"post-110365","1":"product","2":"type-product","3":"status-publish","4":"has-post-thumbnail","6":"product_brand-themeforest","7":"product_cat-blog-revista","8":"product_cat-temas","9":"product_cat-wordpress-temas","10":"product_tag-themeforest","11":"member-discount","12":"discount-restricted","14":"first","15":"instock","16":"sale","17":"downloadable","18":"virtual","19":"sold-individually","20":"purchasable","21":"product-type-simple"},"_links":{"self":[{"href":"https:\/\/gpl-love.com\/es\/wp-json\/wp\/v2\/product\/110365","targetHints":{"allow":["GET"]}}],"collection":[{"href":"https:\/\/gpl-love.com\/es\/wp-json\/wp\/v2\/product"}],"about":[{"href":"https:\/\/gpl-love.com\/es\/wp-json\/wp\/v2\/types\/product"}],"replies":[{"embeddable":true,"href":"https:\/\/gpl-love.com\/es\/wp-json\/wp\/v2\/comments?post=110365"}],"wp:featuredmedia":[{"embeddable":true,"href":"https:\/\/gpl-love.com\/es\/wp-json\/wp\/v2\/media\/167708"}],"wp:attachment":[{"href":"https:\/\/gpl-love.com\/es\/wp-json\/wp\/v2\/media?parent=110365"}],"wp:term":[{"taxonomy":"product_brand","embeddable":true,"href":"https:\/\/gpl-love.com\/es\/wp-json\/wp\/v2\/product_brand?post=110365"},{"taxonomy":"product_cat","embeddable":true,"href":"https:\/\/gpl-love.com\/es\/wp-json\/wp\/v2\/product_cat?post=110365"},{"taxonomy":"product_tag","embeddable":true,"href":"https:\/\/gpl-love.com\/es\/wp-json\/wp\/v2\/product_tag?post=110365"}],"curies":[{"name":"wp","href":"https:\/\/api.w.org\/{rel}","templated":true}]}}