{"id":110361,"date":"2024-02-12T00:00:00","date_gmt":"2024-02-12T05:00:00","guid":{"rendered":"http:\/\/gpl-love.com\/es\/producto\/fennik-multipurpose-creative-wordpress-theme\/"},"modified":"2026-03-13T17:20:47","modified_gmt":"2026-03-13T22:20:47","slug":"fennik-multipurpose-creative-wordpress-theme","status":"publish","type":"product","link":"https:\/\/gpl-love.com\/es\/producto\/fennik-multipurpose-creative-wordpress-theme\/","title":{"rendered":"Fennik Multipurpose Creative WordPress Theme 1.2.1"},"content":{"rendered":"<h3>Fennik Multipurpose Creative WordPress Theme Caracteristicas<\/h3>\n<p>El tema creativo de WordPress creativo de Fennik MultipurSose es una soluci\u00f3n extraordinariamente vers\u00e1til y din\u00e1micamente robusta que atiende a las personas en busca de crear un sitio web visualmente llamativo y extremadamente funcional. Con su dise\u00f1o simplificado y contempor\u00e1neo, este tema acomoda sin esfuerzo una amplia gama de industrias, que abarca nuevas empresas, agencias creativas y trabajadores independientes por igual. Fennik otorga a los usuarios acceso a una extensa selecci\u00f3n de caracter\u00edsticas personalizables, incluida una gran cantidad de opciones de dise\u00f1o, numerosos esquemas de color y la capacidad de personalizar las fuentes, otorg\u00e1ndole la oportunidad de construir un sitio web que se alinee sin problemas con la est\u00e9tica de su marca. Paramount a su atractivo, el dise\u00f1o receptivo de Fennik garantiza una apariencia impecable en todos los dispositivos, enfatizando a\u00fan m\u00e1s su adaptabilidad. Adem\u00e1s, una interfaz intuitiva garantiza la navegaci\u00f3n f\u00e1cil de usar y la personalizaci\u00f3n sin esfuerzo. Con la capacidad de exhibir eficazmente su cartera, facilitar las ventas de productos en l\u00ednea o simplemente crear una presencia en l\u00ednea extraordinariamente cautivadora, el tema creativo de WordPress creativo de Fennik multipuros sirve como una herramienta que abarca todo, cumpliendo y superando todos sus requisitos para lograr el \u00e9xito en el reino digital.<\/p>\n<ul>\n<li>Tema altamente vers\u00e1til y multiprop\u00f3sito para sitios web de WordPress<\/li>\n<li>Dise\u00f1o limpio y moderno con un enfoque en la creatividad y la personalizaci\u00f3n.<\/li>\n<li>Totalmente receptivo y amigable para los dispositivos m\u00f3viles, asegurando una experiencia de usuario \u00f3ptima en todos los dispositivos<\/li>\n<li>Viene con una variedad de plantillas y dise\u00f1os predise\u00f1ados para una f\u00e1cil creaci\u00f3n de sitios web<\/li>\n<li>Constructor de p\u00e1gina de arrastrar y soltar incorporado para opciones de personalizaci\u00f3n definitiva<\/li>\n<li>Incluye la integraci\u00f3n de WooCommerce para la funcionalidad de comercio electr\u00f3nico sin problemas<\/li>\n<li>Compatible con m\u00faltiples complementos y complementos para la funcionalidad ampliada<\/li>\n<li>Proporciona una amplia documentaci\u00f3n y atenci\u00f3n al cliente para una f\u00e1cil configuraci\u00f3n y uso.<\/li>\n<li>Actualizado regularmente con nuevas funciones y mejoras para mantener su sitio web actualizado y relevante<\/li>\n<li>Ideal para profesionales creativos, agencias, trabajadores independientes, blogueros y negocios de todos los tama\u00f1os.<\/li>\n<\/ul>\n","protected":false},"excerpt":{"rendered":"<p>\u00bfEst\u00e1 en busca del mejor tema de WordPress que exhibir\u00e1 efectivamente sus habilidades art\u00edsticas y su destreza imaginativa? Si es as\u00ed, su b\u00fasqueda termina aqu\u00ed con el notable tema creativo de WordPress de Fennik Multipurpose. Debido a su dise\u00f1o elegante y contempor\u00e1neo, Fennik se destaca como la mejor opci\u00f3n para artistas, dise\u00f1adores, fot\u00f3grafos y innumerables otras personas creativas. Este tema excepcionalmente vers\u00e1til ofrece una amplia gama de opciones de personalizaci\u00f3n, lo que le permite dise\u00f1ar un sitio web que encarna su estilo distintivo y su perspectiva visionario. Independientemente de si desea hacer alarde de su cartera, establecer una tienda en l\u00ednea o simplemente construir una presencia digital visualmente cautivadora, el tema de WordPress creativo de Fennik multiprop\u00f3sito abarca todas las caracter\u00edsticas y herramientas esenciales necesarias para cumplir sus aspiraciones. Por lo tanto, perder m\u00e1s tiempo ser\u00eda una decisi\u00f3n imprudente. Emb\u00e1rcate en el viaje de la elaboraci\u00f3n del sitio web de tus sue\u00f1os hoy y aprovecha las inmensas posibilidades ofrecidas por Fennik.<\/p>\n","protected":false},"featured_media":166097,"comment_status":"open","ping_status":"open","template":"","meta":[],"product_brand":[2337],"product_cat":[1239,1237,1238],"product_tag":[1391],"class_list":{"0":"post-110361","1":"product","2":"type-product","3":"status-publish","4":"has-post-thumbnail","6":"product_brand-themeforest","7":"product_cat-de-multiples-fines","8":"product_cat-temas","9":"product_cat-wordpress-temas","10":"product_tag-themeforest","11":"member-discount","12":"discount-restricted","14":"first","15":"instock","16":"sale","17":"downloadable","18":"virtual","19":"sold-individually","20":"purchasable","21":"product-type-simple"},"_links":{"self":[{"href":"https:\/\/gpl-love.com\/es\/wp-json\/wp\/v2\/product\/110361","targetHints":{"allow":["GET"]}}],"collection":[{"href":"https:\/\/gpl-love.com\/es\/wp-json\/wp\/v2\/product"}],"about":[{"href":"https:\/\/gpl-love.com\/es\/wp-json\/wp\/v2\/types\/product"}],"replies":[{"embeddable":true,"href":"https:\/\/gpl-love.com\/es\/wp-json\/wp\/v2\/comments?post=110361"}],"wp:featuredmedia":[{"embeddable":true,"href":"https:\/\/gpl-love.com\/es\/wp-json\/wp\/v2\/media\/166097"}],"wp:attachment":[{"href":"https:\/\/gpl-love.com\/es\/wp-json\/wp\/v2\/media?parent=110361"}],"wp:term":[{"taxonomy":"product_brand","embeddable":true,"href":"https:\/\/gpl-love.com\/es\/wp-json\/wp\/v2\/product_brand?post=110361"},{"taxonomy":"product_cat","embeddable":true,"href":"https:\/\/gpl-love.com\/es\/wp-json\/wp\/v2\/product_cat?post=110361"},{"taxonomy":"product_tag","embeddable":true,"href":"https:\/\/gpl-love.com\/es\/wp-json\/wp\/v2\/product_tag?post=110361"}],"curies":[{"name":"wp","href":"https:\/\/api.w.org\/{rel}","templated":true}]}}