{"id":110359,"date":"2022-02-23T00:00:00","date_gmt":"2022-02-23T05:00:00","guid":{"rendered":"http:\/\/gpl-love.com\/es\/producto\/livecanvas-bootstrap-4-wordpress-page-builder\/"},"modified":"2026-03-09T07:47:15","modified_gmt":"2026-03-09T12:47:15","slug":"livecanvas-bootstrap-4-wordpress-page-builder","status":"publish","type":"product","link":"https:\/\/gpl-love.com\/es\/producto\/livecanvas-bootstrap-4-wordpress-page-builder\/","title":{"rendered":"LiveCanvas Bootstrap 4 WordPress Page Builder 2.1.1"},"content":{"rendered":"<h3>LiveCanvas Bootstrap 4 WordPress Page Builder Caracteristicas<\/h3>\n<p>Livecanvas Bootstrap 4 WordPress Page Builder es un instrumento excepcionalmente robusto y formidable que capacita a los usuarios para fabricar p\u00e1ginas web a medida sin esfuerzo. Esta herramienta din\u00e1mica est\u00e1 equipada con una interfaz de arrastrar y soltar incre\u00edblemente f\u00e1cil de usar, simplificando el proceso de incorporar varios elementos, como texto, im\u00e1genes, videos y m\u00e1s, en sus p\u00e1ginas web. Lo que realmente distingue a Livecanvas es su base basada en el marco Bootstrap 4 de vanguardia, garantizando que sus p\u00e1ginas no solo son visualmente llamativas, sino que tambi\u00e9n responden en todos los dispositivos. Al eliminar la necesidad de profundizar en la codificaci\u00f3n compleja, Livecanvas permite a los dise\u00f1adores web crear sitios web visualmente cautivadores con una eficiencia incomparable. Para cualquier dise\u00f1ador web m\u00e1s exigente que busque optimizar su flujo de trabajo y crear sin esfuerzo sitios web impresionantes que sean muy f\u00e1ciles de administrar, Livecanvas es un activo indispensable.<\/p>\n<ul>\n<li>WordPress Builder de WordPress potente y f\u00e1cil de usar<\/li>\n<li>Basado en el popular marco Bootstrap 4 para el dise\u00f1o receptivo<\/li>\n<li>Interfaz intuitiva de arrastrar y soltar para la construcci\u00f3n del sitio web de Lightning-Fast<\/li>\n<li>Plantillas y bloques preconstruidos para comenzar r\u00e1pidamente<\/li>\n<li>Opciones de dise\u00f1o totalmente personalizables para un control creativo completo<\/li>\n<li>Vista previa en vivo de los cambios mientras los hace<\/li>\n<li>Integraci\u00f3n perfecta con caracter\u00edsticas y complementos de WordPress<\/li>\n<li>Admite sitios web de varios idiomas<\/li>\n<li>Optimizado para la velocidad y el rendimiento<\/li>\n<li>Atenci\u00f3n al cliente y documentaci\u00f3n integral.<\/li>\n<\/ul>\n","protected":false},"excerpt":{"rendered":"<p>Livecanvas Bootstrap 4 WordPress Page Builder es una herramienta incre\u00edblemente robusta y de vanguardia que permite a los usuarios crear p\u00e1ginas web visualmente cautivadoras y receptivas. Este innovador software cuenta con una interfaz intuitiva de arrastrar y soltar, eliminando as\u00ed la necesidad de cualquier experiencia en codificaci\u00f3n y permite a las personas dise\u00f1ar y personalizar con confianza los dise\u00f1os al contenido de su coraz\u00f3n. Sum\u00e9rgete en un mundo de posibilidades ilimitadas, ya que Livecanvas ofrece una amplia gama de componentes preconstruidos, como formas, botones, iconos y numerosos otros elementos funcionales, facilitando la incorporaci\u00f3n perfecta de estas adiciones en tus p\u00e1ginas. Adem\u00e1s, Livecanvas se integra perfectamente con WordPress, una plataforma de renombre mundial, que permite a los usuarios publicar sin esfuerzo sus p\u00e1ginas meticulosamente dise\u00f1adas al tiempo que garantiza la gesti\u00f3n suave y eficiente de todo su sitio web. \u00a1Amplifique sus esfuerzos de desarrollo web y desbloquea un potencial incomparable al adoptar las notables capacidades de Livecanvas sin demora!<\/p>\n","protected":false},"featured_media":166629,"comment_status":"open","ping_status":"open","template":"","meta":[],"product_brand":[2488],"product_cat":[1214,1206,1211],"product_tag":[1560],"class_list":{"0":"post-110359","1":"product","2":"type-product","3":"status-publish","4":"has-post-thumbnail","6":"product_brand-livecanvas","7":"product_cat-personalizacion","8":"product_cat-plugins","9":"product_cat-wordpress-plugins","10":"product_tag-livecanvas","11":"member-discount","12":"discount-restricted","14":"first","15":"instock","16":"sale","17":"downloadable","18":"virtual","19":"sold-individually","20":"purchasable","21":"product-type-simple"},"_links":{"self":[{"href":"https:\/\/gpl-love.com\/es\/wp-json\/wp\/v2\/product\/110359","targetHints":{"allow":["GET"]}}],"collection":[{"href":"https:\/\/gpl-love.com\/es\/wp-json\/wp\/v2\/product"}],"about":[{"href":"https:\/\/gpl-love.com\/es\/wp-json\/wp\/v2\/types\/product"}],"replies":[{"embeddable":true,"href":"https:\/\/gpl-love.com\/es\/wp-json\/wp\/v2\/comments?post=110359"}],"wp:featuredmedia":[{"embeddable":true,"href":"https:\/\/gpl-love.com\/es\/wp-json\/wp\/v2\/media\/166629"}],"wp:attachment":[{"href":"https:\/\/gpl-love.com\/es\/wp-json\/wp\/v2\/media?parent=110359"}],"wp:term":[{"taxonomy":"product_brand","embeddable":true,"href":"https:\/\/gpl-love.com\/es\/wp-json\/wp\/v2\/product_brand?post=110359"},{"taxonomy":"product_cat","embeddable":true,"href":"https:\/\/gpl-love.com\/es\/wp-json\/wp\/v2\/product_cat?post=110359"},{"taxonomy":"product_tag","embeddable":true,"href":"https:\/\/gpl-love.com\/es\/wp-json\/wp\/v2\/product_tag?post=110359"}],"curies":[{"name":"wp","href":"https:\/\/api.w.org\/{rel}","templated":true}]}}