{"id":110357,"date":"2024-08-20T00:00:00","date_gmt":"2024-08-20T05:00:00","guid":{"rendered":"http:\/\/gpl-love.com\/es\/producto\/mydelivery-wordpress-delivery-on-whatsapp\/"},"modified":"2026-04-10T11:17:44","modified_gmt":"2026-04-10T16:17:44","slug":"mydelivery-wordpress-delivery-on-whatsapp","status":"publish","type":"product","link":"https:\/\/gpl-love.com\/es\/producto\/mydelivery-wordpress-delivery-on-whatsapp\/","title":{"rendered":"MyDelivery WordPress Delivery on WhatsApp 2.2.7"},"content":{"rendered":"<h3>MyDelivery WordPress Delivery on WhatsApp Caracteristicas<\/h3>\n<p>El complemento MyDelivery WordPress se presenta como una herramienta notable para las empresas de entrega, ofreciendo una integraci\u00f3n sin esfuerzo de WhatsApp como un canal de comunicaci\u00f3n para sus valiosos clientes. A trav\u00e9s de la utilizaci\u00f3n de este complemento, a los clientes se les brinda la capacidad de realizar sus pedidos, rastrear convenientemente sus entregas y recibir notificaciones directamente en la plataforma de mensajer\u00eda muy popular, WhatsApp. Estimado por su interfaz f\u00e1cil de usar, el complemento MyDelivery sin esfuerzo permite que las empresas, particularmente las de tama\u00f1o peque\u00f1o y mediano, establezcan sus operaciones de entrega en la plataforma en unos minutos. Adem\u00e1s, el complemento es de naturaleza excepcionalmente flexible, lo que permite a las empresas personalizar los mensajes y las notificaciones de acuerdo con su identidad de marca \u00fanica y sus requisitos espec\u00edficos. Al utilizar el complemento MyDelivery junto con WhatsApp, las empresas est\u00e1n facultadas para ofrecer a sus clientes apreciados una experiencia perfecta y excepcionalmente conveniente, invariablemente que conduce a un mayor sentido de satisfacci\u00f3n y lealtad entre su base de clientes.<\/p>\n<ul>\n<li>Un complemento robusto de WordPress dise\u00f1ado para optimizar su proceso de entrega<\/li>\n<li>La f\u00e1cil integraci\u00f3n con WhatsApp permite una comunicaci\u00f3n perfecta con los clientes<\/li>\n<li>Notificaciones instant\u00e1neas y actualizaciones enviadas directamente a las cuentas de WhatsApp de los clientes<\/li>\n<li>Las opciones de entrega personalizables le permiten adaptar cada pedido a las necesidades de sus clientes<\/li>\n<li>Proceso de configuraci\u00f3n simple sin codificaci\u00f3n requerida<\/li>\n<li>El seguimiento en tiempo real garantiza que los clientes puedan seguir f\u00e1cilmente su estado de entrega<\/li>\n<li>Informes detallados y an\u00e1lisis lo ayudan a identificar \u00e1reas para mejorar en su proceso de entrega<\/li>\n<li>El servicio confiable y r\u00e1pido asegura que sus clientes reciban sus pedidos a tiempo, cada vez.<\/li>\n<\/ul>\n","protected":false},"excerpt":{"rendered":"<p>MyDelivery, un complemento de WordPress altamente robusto y efectivo, le presenta la notable capacidad no solo de recibir \u00f3rdenes sino tambi\u00e9n manejarlos de manera eficiente directamente a trav\u00e9s de la utilizaci\u00f3n de WhatsApp. A trav\u00e9s de su interfaz intuitivamente dise\u00f1ada, este complemento facilita sin problemas la recepci\u00f3n de pedidos, facilita el procesamiento de pagos y permite el seguimiento de entregas, todo en la mayor comodidad que proporciona Whatsapp. Independientemente de la escala de su empresa, ya sea una peque\u00f1a empresa o una tienda en l\u00ednea en expansi\u00f3n, MyDelivery sirve como la soluci\u00f3n perfecta para optimizar sus operaciones de entrega, simplificando as\u00ed la gesti\u00f3n de pedidos y garantizando la mayor satisfacci\u00f3n del cliente. No dude en intentarlo hoy y presenciar de primera mano el impacto transformador que MyDelivery puede tener en su negocio.<\/p>\n","protected":false},"featured_media":166874,"comment_status":"open","ping_status":"open","template":"","meta":[],"product_brand":[2504],"product_cat":[1207,1225,1206],"product_tag":[1558],"class_list":{"0":"post-110357","1":"product","2":"type-product","3":"status-publish","4":"has-post-thumbnail","6":"product_brand-mydelivery","7":"product_cat-comercio-electronico-plugins","8":"product_cat-marketing","9":"product_cat-plugins","10":"product_tag-mydelivery","11":"member-discount","12":"discount-restricted","14":"first","15":"instock","16":"sale","17":"downloadable","18":"virtual","19":"sold-individually","20":"purchasable","21":"product-type-simple"},"_links":{"self":[{"href":"https:\/\/gpl-love.com\/es\/wp-json\/wp\/v2\/product\/110357","targetHints":{"allow":["GET"]}}],"collection":[{"href":"https:\/\/gpl-love.com\/es\/wp-json\/wp\/v2\/product"}],"about":[{"href":"https:\/\/gpl-love.com\/es\/wp-json\/wp\/v2\/types\/product"}],"replies":[{"embeddable":true,"href":"https:\/\/gpl-love.com\/es\/wp-json\/wp\/v2\/comments?post=110357"}],"wp:featuredmedia":[{"embeddable":true,"href":"https:\/\/gpl-love.com\/es\/wp-json\/wp\/v2\/media\/166874"}],"wp:attachment":[{"href":"https:\/\/gpl-love.com\/es\/wp-json\/wp\/v2\/media?parent=110357"}],"wp:term":[{"taxonomy":"product_brand","embeddable":true,"href":"https:\/\/gpl-love.com\/es\/wp-json\/wp\/v2\/product_brand?post=110357"},{"taxonomy":"product_cat","embeddable":true,"href":"https:\/\/gpl-love.com\/es\/wp-json\/wp\/v2\/product_cat?post=110357"},{"taxonomy":"product_tag","embeddable":true,"href":"https:\/\/gpl-love.com\/es\/wp-json\/wp\/v2\/product_tag?post=110357"}],"curies":[{"name":"wp","href":"https:\/\/api.w.org\/{rel}","templated":true}]}}