{"id":110355,"date":"2021-02-09T00:00:00","date_gmt":"2021-02-09T05:00:00","guid":{"rendered":"http:\/\/gpl-love.com\/es\/producto\/rion-fashion-wordpress-theme-for-woocommerce\/"},"modified":"2026-04-10T11:23:31","modified_gmt":"2026-04-10T16:23:31","slug":"rion-fashion-wordpress-theme-for-woocommerce","status":"publish","type":"product","link":"https:\/\/gpl-love.com\/es\/producto\/rion-fashion-wordpress-theme-for-woocommerce\/","title":{"rendered":"Rion Fashion WordPress Tema para WooCommerce 1.0.6"},"content":{"rendered":"<h3>Rion Fashion WordPress Tema para WooCommerce Caracteristicas<\/h3>\n<p>El tema de Rion Fashion WordPress para WooCommerce se presenta como la soluci\u00f3n ideal para las personas que buscan establecer y administrar una tienda de moda en l\u00ednea. Su dise\u00f1o elegante y moderno imparte una sensaci\u00f3n de sofisticaci\u00f3n, permitiendo efectivamente que sus productos se distinguen y cautiven a los clientes potenciales. Adem\u00e1s, este tema cuenta con plena capacidad de respuesta, lo que la hace visualmente atractiva y funcional en todos los dispositivos. Adem\u00e1s, su amplia gama de opciones de personalizaci\u00f3n le permite adaptar el tema para satisfacer sus requisitos espec\u00edficos. En virtud de su integraci\u00f3n con WooCommerce, este tema proporciona acceso a una variedad de caracter\u00edsticas indispensables esenciales para la operaci\u00f3n perfecta de una tienda en l\u00ednea pr\u00f3spera, que abarca galer\u00edas de productos, gesti\u00f3n de pedidos y procesamiento de pagos. Independientemente de si es un ambicioso emprendedor que se esfuerza por expandir su huella digital o un profesional experimentado de comercio electr\u00f3nico, el tema de Rion Fashion WordPress para WooCommerce de manera inequ\u00edvoca representa una elecci\u00f3n excepcional.<\/p>\n<ul>\n<li>Tema de WordPress elegante y moderno dise\u00f1ado espec\u00edficamente para negocios de comercio electr\u00f3nico de moda<\/li>\n<li>F\u00e1cil integraci\u00f3n con el popular complemento de WooCommerce para una venta en l\u00ednea sin interrupciones en l\u00ednea<\/li>\n<li>El dise\u00f1o totalmente receptivo garantiza que su sitio web se vea genial en los dispositivos de escritorio, tabletas y m\u00f3viles<\/li>\n<li>M\u00faltiples opciones de dise\u00f1o de blogs y blog para elegir, lo que permite la personalizaci\u00f3n completa de la apariencia de su sitio web<\/li>\n<li>Personalizar estilos de fuentes, colores y fondos para mejorar a\u00fan m\u00e1s el atractivo visual de su marca<\/li>\n<li>Incluye una variedad de widgets y c\u00f3digos cortos \u00fatiles para ayudarlo a crear f\u00e1cilmente p\u00e1ginas personalizadas y pantallas de productos.<\/li>\n<li>El widget de Instagram incorporado le permite exhibir su feed dentro de su sitio web y alentar el compromiso de las redes sociales<\/li>\n<li>Viene con documentaci\u00f3n detallada y atenci\u00f3n al cliente 24\/7, asegurando una experiencia de configuraci\u00f3n sin problemas y sin problemas<\/li>\n<li>Actualizado regularmente para garantizar la compatibilidad con las \u00faltimas versiones de WordPress y WooCommerce, as\u00ed como para agregar nuevas funciones y funcionalidad.<\/li>\n<\/ul>\n","protected":false},"excerpt":{"rendered":"<p>El tema de Rion Fashion WordPress para WooCommerce es un tema exquisito y sofisticado, hecho a medida para plataformas de comercio electr\u00f3nico especializados en mercanc\u00edas de moda. Este tema ofrece una amplia gama de opciones de personalizaci\u00f3n, que brinda a los usuarios la capacidad de dise\u00f1ar un sitio web incomparable que sea distintivo y exude profesionalismo, por lo que indudablemente lo distingue de sus competidores. Con un dise\u00f1o elegante y desenfrenado, junto con una interfaz f\u00e1cil de usar, el tema Rion Fashion WordPress para WooCommerce es inequ\u00edvocamente el ep\u00edtome de la grandeza digital. Ya sea que usted sea un blogger de moda influyente, el propietario de una boutique moderna, o simplemente un entusiasta de la moda ardiente, este notable tema es inequ\u00edvocamente la soluci\u00f3n por excelencia para mostrar efectivamente su cat\u00e1logo de productos meticulosamente seleccionado y cultivar una imagen de marca notable.<\/p>\n","protected":false},"featured_media":167377,"comment_status":"open","ping_status":"open","template":"","meta":[],"product_brand":[2337],"product_cat":[1263,1264,1237],"product_tag":[1391],"class_list":{"0":"post-110355","1":"product","2":"type-product","3":"status-publish","4":"has-post-thumbnail","6":"product_brand-themeforest","7":"product_cat-comercio-electronico-temas","8":"product_cat-negocio","9":"product_cat-temas","10":"product_tag-themeforest","11":"member-discount","12":"discount-restricted","14":"first","15":"instock","16":"sale","17":"downloadable","18":"virtual","19":"sold-individually","20":"purchasable","21":"product-type-simple"},"_links":{"self":[{"href":"https:\/\/gpl-love.com\/es\/wp-json\/wp\/v2\/product\/110355","targetHints":{"allow":["GET"]}}],"collection":[{"href":"https:\/\/gpl-love.com\/es\/wp-json\/wp\/v2\/product"}],"about":[{"href":"https:\/\/gpl-love.com\/es\/wp-json\/wp\/v2\/types\/product"}],"replies":[{"embeddable":true,"href":"https:\/\/gpl-love.com\/es\/wp-json\/wp\/v2\/comments?post=110355"}],"wp:featuredmedia":[{"embeddable":true,"href":"https:\/\/gpl-love.com\/es\/wp-json\/wp\/v2\/media\/167377"}],"wp:attachment":[{"href":"https:\/\/gpl-love.com\/es\/wp-json\/wp\/v2\/media?parent=110355"}],"wp:term":[{"taxonomy":"product_brand","embeddable":true,"href":"https:\/\/gpl-love.com\/es\/wp-json\/wp\/v2\/product_brand?post=110355"},{"taxonomy":"product_cat","embeddable":true,"href":"https:\/\/gpl-love.com\/es\/wp-json\/wp\/v2\/product_cat?post=110355"},{"taxonomy":"product_tag","embeddable":true,"href":"https:\/\/gpl-love.com\/es\/wp-json\/wp\/v2\/product_tag?post=110355"}],"curies":[{"name":"wp","href":"https:\/\/api.w.org\/{rel}","templated":true}]}}