{"id":110353,"date":"2021-02-09T00:00:00","date_gmt":"2021-02-09T05:00:00","guid":{"rendered":"http:\/\/gpl-love.com\/es\/producto\/cyberbukit-tts-text-to-speech-saas-ready\/"},"modified":"2026-03-09T07:26:37","modified_gmt":"2026-03-09T12:26:37","slug":"cyberbukit-tts-text-to-speech-saas-ready","status":"publish","type":"product","link":"https:\/\/gpl-love.com\/es\/producto\/cyberbukit-tts-text-to-speech-saas-ready\/","title":{"rendered":"CyberBukit TTS &#8211; Text to Speech \u2013 SaaS Ready 1.0.2"},"content":{"rendered":"<h3>CyberBukit TTS &#8211; Text to Speech \u2013 SaaS Ready Caracteristicas<\/h3>\n<p>Cyberbukit TTS, un texto innovador a la tecnolog\u00eda del habla, tiene la capacidad de convertir su contenido escrito en audio que suena natural. Este software, que est\u00e1 listo para SaaS, es particularmente ideal para empresas y personas que tienen como objetivo proporcionar a su audiencia una experiencia de usuario mejorada. Al utilizar TTS cyberbukit, puede transformar sin esfuerzo cualquier texto en el habla, ahorrando as\u00ed valiosos tiempo y recursos. El algoritmo avanzado del software garantiza la producci\u00f3n de audio de alta calidad que es clara y f\u00e1cilmente comprensible. Adem\u00e1s, la naturaleza f\u00e1cil de usar del software garantiza que cualquiera pueda comenzar f\u00e1cilmente a usarlo. En general, Cyberbukit TTS demuestra ser una inversi\u00f3n excepcional para aquellos que buscan mejorar su entrega de contenido y cautivar a su audiencia de manera novedosa.<\/p>\n<ul>\n<li>Texto avanzado a la tecnolog\u00eda del habla<\/li>\n<li>Plataforma SaaS basada en la nube<\/li>\n<li>Admite m\u00faltiples idiomas y acentos<\/li>\n<li>Voces y estilos personalizables<\/li>\n<li>F\u00e1cil integraci\u00f3n con otras plataformas y aplicaciones<\/li>\n<li>Salida de audio de alta calidad<\/li>\n<li>Soluci\u00f3n que ahorra tiempo para voz en off, podcasts y videos<\/li>\n<li>Precios competitivos con planes de precios flexibles<\/li>\n<li>Servicios confiables de atenci\u00f3n al cliente y mantenimiento<\/li>\n<li>Interfaz f\u00e1cil de usar para una experiencia sin problemas<\/li>\n<\/ul>\n","protected":false},"excerpt":{"rendered":"<p>Experimente el poder de la s\u00edntesis del habla humana con el software TTS de texto a voz de Cyberbukit. Este producto listo para SaaS puede transformar sin esfuerzo cualquier texto en un discurso claro y realista, ofreciendo una soluci\u00f3n perfecta para empresas e individuos por igual. Con TTS, puede convertir los libros electr\u00f3nicos en audiolibros, mejorar las interacciones del servicio al cliente con respuestas de voz y proporcionar a los usuarios visuales contenido legible. Sus capacidades superiores de texto a voz lo convierten en una herramienta ideal para una variedad de aplicaciones, que incluyen educaci\u00f3n, servicio al cliente y entretenimiento. Cyberbukit TTS da vida a su texto, haci\u00e9ndolo m\u00e1s atractivo y accesible para todos.<\/p>\n","protected":false},"featured_media":165747,"comment_status":"open","ping_status":"open","template":"","meta":[],"product_brand":[2339],"product_cat":[1214,1206,1211],"product_tag":[1256],"class_list":{"0":"post-110353","1":"product","2":"type-product","3":"status-publish","4":"has-post-thumbnail","6":"product_brand-codecanyon","7":"product_cat-personalizacion","8":"product_cat-plugins","9":"product_cat-wordpress-plugins","10":"product_tag-codecanyon","11":"member-discount","12":"discount-restricted","14":"first","15":"instock","16":"sale","17":"downloadable","18":"virtual","19":"sold-individually","20":"purchasable","21":"product-type-simple"},"_links":{"self":[{"href":"https:\/\/gpl-love.com\/es\/wp-json\/wp\/v2\/product\/110353","targetHints":{"allow":["GET"]}}],"collection":[{"href":"https:\/\/gpl-love.com\/es\/wp-json\/wp\/v2\/product"}],"about":[{"href":"https:\/\/gpl-love.com\/es\/wp-json\/wp\/v2\/types\/product"}],"replies":[{"embeddable":true,"href":"https:\/\/gpl-love.com\/es\/wp-json\/wp\/v2\/comments?post=110353"}],"wp:featuredmedia":[{"embeddable":true,"href":"https:\/\/gpl-love.com\/es\/wp-json\/wp\/v2\/media\/165747"}],"wp:attachment":[{"href":"https:\/\/gpl-love.com\/es\/wp-json\/wp\/v2\/media?parent=110353"}],"wp:term":[{"taxonomy":"product_brand","embeddable":true,"href":"https:\/\/gpl-love.com\/es\/wp-json\/wp\/v2\/product_brand?post=110353"},{"taxonomy":"product_cat","embeddable":true,"href":"https:\/\/gpl-love.com\/es\/wp-json\/wp\/v2\/product_cat?post=110353"},{"taxonomy":"product_tag","embeddable":true,"href":"https:\/\/gpl-love.com\/es\/wp-json\/wp\/v2\/product_tag?post=110353"}],"curies":[{"name":"wp","href":"https:\/\/api.w.org\/{rel}","templated":true}]}}