{"id":110351,"date":"2023-05-17T00:00:00","date_gmt":"2023-05-17T05:00:00","guid":{"rendered":"http:\/\/gpl-love.com\/es\/producto\/ewebot-marketing-seo-digital-agency\/"},"modified":"2026-03-13T17:20:39","modified_gmt":"2026-03-13T22:20:39","slug":"ewebot-marketing-seo-digital-agency","status":"publish","type":"product","link":"https:\/\/gpl-love.com\/es\/producto\/ewebot-marketing-seo-digital-agency\/","title":{"rendered":"Ewebot Marketing SEO Digital Agency 2.9.6"},"content":{"rendered":"<h3>Ewebot Marketing SEO Digital Agency Caracteristicas<\/h3>\n<p>Ewebot Marketing SEO Digital Agency, una plataforma altamente vers\u00e1til y confiable, se dedica a proporcionar a las empresas soluciones de marketing digital de vanguardia. Esta plataforma en l\u00ednea excepcional extiende una extensa gama de servicios que abarca la optimizaci\u00f3n del sitio web, la investigaci\u00f3n de palabras clave, el marketing de contenido, la gesti\u00f3n de redes sociales y una variedad de otras ofertas invaluables. El equipo de expertos brillantes de Ewebot aprovecha h\u00e1bilmente herramientas innovadoras e implementa estrategias sofisticadas para ayudar a las empresas a aumentar su presencia en l\u00ednea, acumular una mayor afluencia de tr\u00e1fico e aumentar sustancialmente las tasas de conversi\u00f3n. Al adherirse a una meticulosa metodolog\u00eda basada en datos, Ewebot asegura que cada campa\u00f1a de marketing est\u00e9 meticulosamente adaptada a alinearse sin problemas con las necesidades y aspiraciones \u00fanicas de su clientela. En \u00faltima instancia, la agencia digital de SEO de marketing de Ewebot surge como una soluci\u00f3n que lo abarca todo y altamente eficaz que permite a las empresas elevar sus esfuerzos de marketing en l\u00ednea a alturas sin precedentes.<\/p>\n<ul>\n<li>Ewebot es una agencia integral de marketing digital que se especializa en la optimizaci\u00f3n de motores de b\u00fasqueda (SEO)<\/li>\n<li>Nuestro equipo de profesionales experimentados trabajar\u00e1 con usted para optimizar su sitio web y mejorar sus clasificaciones de motores de b\u00fasqueda.<\/li>\n<li>Ofrecemos una variedad de servicios de SEO, incluida la investigaci\u00f3n de palabras clave, la optimizaci\u00f3n en la p\u00e1gina, la creaci\u00f3n de contenido y la construcci\u00f3n de enlaces<\/li>\n<li>Ewebot utiliza la \u00faltima tecnolog\u00eda y las mejores pr\u00e1cticas para garantizar que obtenga los mejores resultados posibles<\/li>\n<li>Nuestro equipo crear\u00e1 una estrategia de SEO personalizada que se adapta a sus objetivos comerciales y necesidades \u00fanicas.<\/li>\n<li>Proporcionaremos informes y actualizaciones de progreso regulares para garantizar que siempre est\u00e9 informado sobre su campa\u00f1a de SEO.<\/li>\n<li>Ewebot tambi\u00e9n ofrece una gama de otros servicios de marketing digital, que incluyen marketing en redes sociales, publicidad de PPC y marketing de contenido<\/li>\n<li>Nuestro objetivo es ayudar a su negocio a tener \u00e9xito en l\u00ednea impulsando m\u00e1s tr\u00e1fico a su sitio web y mejorando su visibilidad en l\u00ednea.<\/li>\n<li>Cont\u00e1ctenos hoy para aprender c\u00f3mo podemos ayudarlo a alcanzar sus objetivos de marketing digital con nuestros servicios integrales de SEO.<\/li>\n<\/ul>\n","protected":false},"excerpt":{"rendered":"<p>\u00bfEst\u00e1 buscando las mejores soluciones de marketing digital para su negocio? Si es as\u00ed, no necesita mirar m\u00e1s all\u00e1 de la agencia digital de marketing de Ewebot SEO. Compuesto por un equipo de expertos altamente calificados, utilizamos la tecnolog\u00eda de marketing m\u00e1s de vanguardia para ayudarlo a lograr sus objetivos comerciales mejorando su visibilidad en l\u00ednea, conduciendo m\u00e1s tr\u00e1fico a su sitio web y mucho m\u00e1s. Con un historial de \u00e9xito comprobado y un enfoque individualizado adaptado a cada cliente, la agencia digital de SEO de marketing de Ewebot es el \u00faltimo destino para todas sus necesidades digitales. Ya sea que necesite servicios de SEO de primer nivel, estrategias de marketing en redes sociales, campa\u00f1as publicitarias de PPC o un dise\u00f1o y desarrollo excepcionales de sitios web, poseemos las herramientas y la experiencia necesarias para ofrecer los resultados deseados. \u00a1No pierda tiempo y p\u00f3ngase en contacto con nosotros hoy para obtener una comprensi\u00f3n m\u00e1s profunda de nuestras ofertas!<\/p>\n","protected":false},"featured_media":166061,"comment_status":"open","ping_status":"open","template":"","meta":[],"product_brand":[2337],"product_cat":[1307,1237,1238],"product_tag":[1391],"class_list":{"0":"post-110351","1":"product","2":"type-product","3":"status-publish","4":"has-post-thumbnail","6":"product_brand-themeforest","7":"product_cat-negocio-wordpress-temas","8":"product_cat-temas","9":"product_cat-wordpress-temas","10":"product_tag-themeforest","11":"member-discount","12":"discount-restricted","14":"first","15":"instock","16":"sale","17":"downloadable","18":"virtual","19":"sold-individually","20":"purchasable","21":"product-type-simple"},"_links":{"self":[{"href":"https:\/\/gpl-love.com\/es\/wp-json\/wp\/v2\/product\/110351","targetHints":{"allow":["GET"]}}],"collection":[{"href":"https:\/\/gpl-love.com\/es\/wp-json\/wp\/v2\/product"}],"about":[{"href":"https:\/\/gpl-love.com\/es\/wp-json\/wp\/v2\/types\/product"}],"replies":[{"embeddable":true,"href":"https:\/\/gpl-love.com\/es\/wp-json\/wp\/v2\/comments?post=110351"}],"wp:featuredmedia":[{"embeddable":true,"href":"https:\/\/gpl-love.com\/es\/wp-json\/wp\/v2\/media\/166061"}],"wp:attachment":[{"href":"https:\/\/gpl-love.com\/es\/wp-json\/wp\/v2\/media?parent=110351"}],"wp:term":[{"taxonomy":"product_brand","embeddable":true,"href":"https:\/\/gpl-love.com\/es\/wp-json\/wp\/v2\/product_brand?post=110351"},{"taxonomy":"product_cat","embeddable":true,"href":"https:\/\/gpl-love.com\/es\/wp-json\/wp\/v2\/product_cat?post=110351"},{"taxonomy":"product_tag","embeddable":true,"href":"https:\/\/gpl-love.com\/es\/wp-json\/wp\/v2\/product_tag?post=110351"}],"curies":[{"name":"wp","href":"https:\/\/api.w.org\/{rel}","templated":true}]}}