{"id":110347,"date":"2021-02-09T00:00:00","date_gmt":"2021-02-09T05:00:00","guid":{"rendered":"http:\/\/gpl-love.com\/es\/producto\/coi-fashion-woocommerce-theme\/"},"modified":"2026-03-13T17:17:53","modified_gmt":"2026-03-13T22:17:53","slug":"coi-fashion-woocommerce-theme","status":"publish","type":"product","link":"https:\/\/gpl-love.com\/es\/producto\/coi-fashion-woocommerce-theme\/","title":{"rendered":"Coi Fashion WooCommerce Theme 1.0.9"},"content":{"rendered":"<h3>Coi Fashion WooCommerce Theme Caracteristicas<\/h3>\n<p>COI Fashion WooCommerce, un tema impecablemente elegante y contempor\u00e1neo meticulosamente elaborado exclusivamente para el \u00e1mbito de la moda y la ropa emporiums, manifiesta un dise\u00f1o exquisitamente refinado y una variedad de atributos personalizables, lo que es una opci\u00f3n sin faltas para cualquier boutique virtual que anhele su mercader\u00eda en una manera pulida y visualmente cautivadora. La interfaz f\u00e1cil de usar de este tema armoniza sin problemas con la plataforma WooCommerce, lo que empodera a los propietarios de la tienda con la capacidad de supervisar sin esfuerzo su inventario, cifras de ventas y datos de consumidores. Adem\u00e1s, COI Fashion abarca una variedad de opciones para exhibir productos, incluida la funcionalidad de vista r\u00e1pida conveniente y la capacidad de magnificar productos, al tiempo que cuenta con caracter\u00edsticas que refuerzan efectivamente las ventas y facilitan los descuentos promocionales. En resumen, el tema de WooCommerce de la moda de COI es una alternativa ejemplar que sin duda catapultar\u00e1 la presencia en l\u00ednea y reforzar\u00e1 los m\u00e1rgenes de beneficio de cualquier estimado proveedor de moda o ropa.<\/p>\n<ul>\n<li>Dise\u00f1o receptivo optimizado para dispositivos m\u00f3viles<\/li>\n<li>Personalizaci\u00f3n f\u00e1cil a trav\u00e9s del personalizador de WordPress<\/li>\n<li>M\u00faltiples opciones de dise\u00f1o de p\u00e1gina de inicio y encabezado<\/li>\n<li>Soporte incorporado para el complemento WooCommerce<\/li>\n<li>Plantillas de p\u00e1gina de taller y productos preconstruidas<\/li>\n<li>Tipograf\u00eda personalizable con la integraci\u00f3n de Google Fonts<\/li>\n<li>Compatible con complementos populares como MailChimp y el Formulario de contacto 7<\/li>\n<li>Gr\u00e1ficos listos para retina y optimizado para velocidades de carga r\u00e1pidas<\/li>\n<li>C\u00f3digo eficiente y bien escrito para un rendimiento \u00f3ptimo<\/li>\n<li>Documentaci\u00f3n detallada y soporte del desarrollador de temas.<\/li>\n<\/ul>\n","protected":false},"excerpt":{"rendered":"<p>COI es un tema de WooCommerce de moda de alta gama dise\u00f1ado para elevar su tienda en l\u00ednea. Este tema altamente personalizable presenta un dise\u00f1o limpio y moderno que es perfecto para boutiques de moda, tiendas de ropa o cualquier otro negocio de comercio electr\u00f3nico que busque tener un impacto en l\u00ednea. La capacidad de respuesta de COI garantiza que su sitio web se vea impresionante en todos los dispositivos, mientras que su codificaci\u00f3n amigable con SEO aumenta su visibilidad en los motores de b\u00fasqueda. El tema incluye una variedad de dise\u00f1os preconstruidos y complementos potentes como Elementor, Slider Revolution y WooCommerce, que le ofrece la flexibilidad de dise\u00f1ar un sitio web \u00fanico y profesional. Con COI, puede administrar f\u00e1cilmente su inventario, rastrear pedidos y conectarse con sus clientes. Experimente los beneficios de un tema de WooCommerce de alta calidad y f\u00e1cil de usar con COI.<\/p>\n","protected":false},"featured_media":165641,"comment_status":"open","ping_status":"open","template":"","meta":[],"product_brand":[2337],"product_cat":[1263,1264,1237],"product_tag":[1391],"class_list":{"0":"post-110347","1":"product","2":"type-product","3":"status-publish","4":"has-post-thumbnail","6":"product_brand-themeforest","7":"product_cat-comercio-electronico-temas","8":"product_cat-negocio","9":"product_cat-temas","10":"product_tag-themeforest","11":"member-discount","12":"discount-restricted","14":"first","15":"instock","16":"sale","17":"downloadable","18":"virtual","19":"sold-individually","20":"purchasable","21":"product-type-simple"},"_links":{"self":[{"href":"https:\/\/gpl-love.com\/es\/wp-json\/wp\/v2\/product\/110347","targetHints":{"allow":["GET"]}}],"collection":[{"href":"https:\/\/gpl-love.com\/es\/wp-json\/wp\/v2\/product"}],"about":[{"href":"https:\/\/gpl-love.com\/es\/wp-json\/wp\/v2\/types\/product"}],"replies":[{"embeddable":true,"href":"https:\/\/gpl-love.com\/es\/wp-json\/wp\/v2\/comments?post=110347"}],"wp:featuredmedia":[{"embeddable":true,"href":"https:\/\/gpl-love.com\/es\/wp-json\/wp\/v2\/media\/165641"}],"wp:attachment":[{"href":"https:\/\/gpl-love.com\/es\/wp-json\/wp\/v2\/media?parent=110347"}],"wp:term":[{"taxonomy":"product_brand","embeddable":true,"href":"https:\/\/gpl-love.com\/es\/wp-json\/wp\/v2\/product_brand?post=110347"},{"taxonomy":"product_cat","embeddable":true,"href":"https:\/\/gpl-love.com\/es\/wp-json\/wp\/v2\/product_cat?post=110347"},{"taxonomy":"product_tag","embeddable":true,"href":"https:\/\/gpl-love.com\/es\/wp-json\/wp\/v2\/product_tag?post=110347"}],"curies":[{"name":"wp","href":"https:\/\/api.w.org\/{rel}","templated":true}]}}