{"id":110325,"date":"2021-12-11T00:00:00","date_gmt":"2021-12-11T05:00:00","guid":{"rendered":"http:\/\/gpl-love.com\/es\/producto\/woocommerce-review-for-discount\/"},"modified":"2026-03-09T08:24:59","modified_gmt":"2026-03-09T13:24:59","slug":"woocommerce-review-for-discount","status":"publish","type":"product","link":"https:\/\/gpl-love.com\/es\/producto\/woocommerce-review-for-discount\/","title":{"rendered":"WooCommerce Review para Discount 1.6.22"},"content":{"rendered":"<h3>WooCommerce Review para Discount Caracteristicas<\/h3>\n<p>WooCommerce Review for Descuint es un complemento extremadamente robusto e influyente que incentiva efectivamente a los clientes a enviar revisiones valiosas en su estimada tienda en l\u00ednea. A trav\u00e9s de la provisi\u00f3n de descuentos irresistibles y promociones atractivas, este complemento sirve como un catalizador eficaz para aumentar la participaci\u00f3n del cliente y impulsar las ventas a alturas sin precedentes. Adem\u00e1s, este complemento cuenta con una interfaz incre\u00edblemente f\u00e1cil de usar, facilitando la configuraci\u00f3n sin esfuerzo de regulaciones de descuento, la orientaci\u00f3n precisa de productos o categor\u00edas espec\u00edficas, as\u00ed como el establecimiento de una longitud m\u00ednima de revisi\u00f3n. Adem\u00e1s, le otorga la invaluable oportunidad para personalizar el correo electr\u00f3nico de solicitud de revisi\u00f3n, al tiempo que le otorga la autonom\u00eda para seleccionar las plataformas de revisi\u00f3n con las que desea integrarse sin problemas. Para encapsular, la revisi\u00f3n de WooCommerce por descuento indudablemente se destaca como una herramienta indispensable para todos los propietarios de la tienda de WooCommerce exigentes, ya que fortalece la lealtad del cliente y amplifica la eminencia de la posici\u00f3n en l\u00ednea de uno.<\/p>\n<ul>\n<li>Alienta a los clientes a dejar rese\u00f1as ofreciendo c\u00f3digos de descuento a cambio<\/li>\n<li>Se integra a la perfecci\u00f3n con WooCommerce, una popular plataforma de comercio electr\u00f3nico<\/li>\n<li>Permite a los propietarios de tiendas establecer reglas y condiciones espec\u00edficas para c\u00f3digos de descuento emitidos a trav\u00e9s de revisiones<\/li>\n<li>Proporciona una forma f\u00e1cil y automatizada de rastrear y administrar el uso del c\u00f3digo de descuento<\/li>\n<li>Aumenta la participaci\u00f3n y la lealtad del cliente a trav\u00e9s de comentarios incentivados<\/li>\n<li>Aumenta las ventas y los ingresos ofreciendo incentivos para revisiones y compras<\/li>\n<li>Mejora la visibilidad y la credibilidad del producto a trav\u00e9s de mayores revisiones y calificaciones.<\/li>\n<\/ul>\n","protected":false},"excerpt":{"rendered":"<p>La revisi\u00f3n de WooCommerce para el complemento de descuento es una herramienta incre\u00edblemente robusta que motiva efectivamente a sus valiosos clientes a dejar revisiones perspicaces sobre sus asombrosos productos, todo a cambio de un c\u00f3digo de descuento exclusivo. Este complemento excepcional se integra sin esfuerzo con la popular plataforma WooCommerce, que le otorga la notable capacidad de incorporar sin esfuerzo una revisi\u00f3n para una oportunidad de descuento en las p\u00e1ginas de productos, en toda su tienda o incluso dentro de una categor\u00eda designada. Adem\u00e1s, sus estimados clientes experimentar\u00e1n la mayor comodidad, ya que felizmente comparten sus valiosos comentarios y, al mismo tiempo, reciben un c\u00f3digo de cup\u00f3n \u00fanico que pueden utilizar con entusiasmo para su pr\u00f3xima compra. Al adoptar de todo coraz\u00f3n las notables capacidades de la revisi\u00f3n de WooCommerce para el complemento de descuento, impulsar\u00e1 sin esfuerzo su negocio hacia niveles sin precedentes de participaci\u00f3n activa, cifras de ventas exorbitantes y un sentido incomparable de lealtad y devoci\u00f3n del cliente.<\/p>\n","protected":false},"featured_media":168247,"comment_status":"open","ping_status":"open","template":"","meta":[],"product_brand":[2344],"product_cat":[1207,1225,1206],"product_tag":[1423],"class_list":{"0":"post-110325","1":"product","2":"type-product","3":"status-publish","4":"has-post-thumbnail","6":"product_brand-woocommerce","7":"product_cat-comercio-electronico-plugins","8":"product_cat-marketing","9":"product_cat-plugins","10":"product_tag-woocommerce","11":"member-discount","12":"discount-restricted","14":"first","15":"instock","16":"sale","17":"downloadable","18":"virtual","19":"sold-individually","20":"purchasable","21":"product-type-simple"},"_links":{"self":[{"href":"https:\/\/gpl-love.com\/es\/wp-json\/wp\/v2\/product\/110325","targetHints":{"allow":["GET"]}}],"collection":[{"href":"https:\/\/gpl-love.com\/es\/wp-json\/wp\/v2\/product"}],"about":[{"href":"https:\/\/gpl-love.com\/es\/wp-json\/wp\/v2\/types\/product"}],"replies":[{"embeddable":true,"href":"https:\/\/gpl-love.com\/es\/wp-json\/wp\/v2\/comments?post=110325"}],"wp:featuredmedia":[{"embeddable":true,"href":"https:\/\/gpl-love.com\/es\/wp-json\/wp\/v2\/media\/168247"}],"wp:attachment":[{"href":"https:\/\/gpl-love.com\/es\/wp-json\/wp\/v2\/media?parent=110325"}],"wp:term":[{"taxonomy":"product_brand","embeddable":true,"href":"https:\/\/gpl-love.com\/es\/wp-json\/wp\/v2\/product_brand?post=110325"},{"taxonomy":"product_cat","embeddable":true,"href":"https:\/\/gpl-love.com\/es\/wp-json\/wp\/v2\/product_cat?post=110325"},{"taxonomy":"product_tag","embeddable":true,"href":"https:\/\/gpl-love.com\/es\/wp-json\/wp\/v2\/product_tag?post=110325"}],"curies":[{"name":"wp","href":"https:\/\/api.w.org\/{rel}","templated":true}]}}