{"id":110323,"date":"2022-06-08T00:00:00","date_gmt":"2022-06-08T05:00:00","guid":{"rendered":"http:\/\/gpl-love.com\/es\/producto\/woocommerce-product-enquiry-form\/"},"modified":"2026-04-10T11:33:18","modified_gmt":"2026-04-10T16:33:18","slug":"woocommerce-product-enquiry-form","status":"publish","type":"product","link":"https:\/\/gpl-love.com\/es\/producto\/woocommerce-product-enquiry-form\/","title":{"rendered":"WooCommerce Product Enquiry Form 1.2.24"},"content":{"rendered":"<h3>WooCommerce Product Enquiry Form Caracteristicas<\/h3>\n<p>El formulario de consulta de productos de WooCommerce demuestra ser una herramienta incre\u00edblemente robusta y efectiva que le otorga la capacidad de acumular informaci\u00f3n significativa y pertinente sobre los deseos y preferencias de sus clientes. Este formulario posee una simplicidad inherente en su proceso de integraci\u00f3n en su tienda en l\u00ednea, y adem\u00e1s ofrece una interfaz f\u00e1cil de usar que facilita la presentaci\u00f3n sin esfuerzo de consultas relacionadas con el producto por su estimada clientela. La forma en s\u00ed posee un inmenso nivel de personalizaci\u00f3n, lo que le permite adaptar sus elementos a sus especificaciones precisas, lo que permite la adici\u00f3n de una extensa gama de campos para garantizar la adquisici\u00f3n de toda la informaci\u00f3n necesaria del cliente. A trav\u00e9s de la utilizaci\u00f3n del formulario de consulta de productos de WooCommerce, adquirir\u00e1 una comprensi\u00f3n invaluable de los requisitos de sus clientes y, en \u00faltima instancia, les proporcionar\u00e1 la asistencia necesaria para garantizar que tomen decisiones de compra bien informadas.<\/p>\n<ul>\n<li>Integre perfectamente un formulario de consulta de productos en su tienda WooCommerce<\/li>\n<li>Permitir a los clientes consultar sobre productos espec\u00edficos sin comprometerse con una compra<\/li>\n<li>Personalice el formulario para incluir campos para detalles espec\u00edficos del producto, como opciones de color o tama\u00f1o<\/li>\n<li>Reciba notificaciones de nuevas consultas y responda directamente desde su tablero de WordPress<\/li>\n<li>Mejorar la satisfacci\u00f3n del cliente al proporcionar una l\u00ednea directa de comunicaci\u00f3n para las preguntas previas.<\/li>\n<li>Mejorar las tasas de conversi\u00f3n abordando preocupaciones y objeciones antes de realizar una compra<\/li>\n<li>Aumentar la lealtad del cliente demostrando un compromiso con el servicio y el apoyo personalizados<\/li>\n<li>F\u00e1cil de instalar y usar, sin requeridos habilidades de codificaci\u00f3n o desarrollo.<\/li>\n<li>Compatible con todos los temas y complementos de WooCommerce<\/li>\n<li>Ideal para tiendas en l\u00ednea que venden productos personalizables o complejos donde los clientes pueden tener preguntas o inquietudes espec\u00edficas.<\/li>\n<\/ul>\n","protected":false},"excerpt":{"rendered":"<p>El formulario de consulta de productos de WooCommerce es una herramienta de consulta de productos extremadamente robusta y efectiva que ha sido dise\u00f1ada meticulosamente con el objetivo principal no solo de mejorar la satisfacci\u00f3n del cliente, sino tambi\u00e9n aumentar significativamente las ventas. Esta herramienta excepcional faculta a los clientes para enviar consultas sin esfuerzo relacionadas con productos particulares directamente desde la p\u00e1gina de producto designada, que posteriormente facilitan la gesti\u00f3n conveniente y eficiente para los propietarios de tiendas. A trav\u00e9s de su ingeniosa implementaci\u00f3n, este complemento amplifica notablemente la experiencia de compra general al fomentar un mayor compromiso y mitigar efectivamente cualquier posible barrera que pueda obstaculizar las interacciones de los clientes con los productos. Adem\u00e1s, esta notable soluci\u00f3n cuenta con una amplia gama de campos de forma altamente personalizables, junto con notificaciones de correo electr\u00f3nico invaluables y un impresionante mecanismo de protecci\u00f3n contra el spam, todo lo cual contribuye colectivamente a garantizar una comunicaci\u00f3n sin interrupciones e ininterrumpidas entre usted, como propietario de la tienda y su Clientes estimados. Por lo tanto, se recomienda muy de inmediato adquirir el formulario de consulta de productos de WooCommerce hoy para optimizar sin esfuerzo sus operaciones de servicio al cliente y, en \u00faltima instancia, disparan sus cifras de ventas a alturas sin precedentes.<\/p>\n","protected":false},"featured_media":168223,"comment_status":"open","ping_status":"open","template":"","meta":[],"product_brand":[2344],"product_cat":[1207,1248,1206],"product_tag":[1423],"class_list":{"0":"post-110323","1":"product","2":"type-product","3":"status-publish","4":"has-post-thumbnail","6":"product_brand-woocommerce","7":"product_cat-comercio-electronico-plugins","8":"product_cat-personalizacion-comercio-electronico-plugins","9":"product_cat-plugins","10":"product_tag-woocommerce","11":"member-discount","12":"discount-restricted","14":"first","15":"instock","16":"sale","17":"downloadable","18":"virtual","19":"sold-individually","20":"purchasable","21":"product-type-simple"},"_links":{"self":[{"href":"https:\/\/gpl-love.com\/es\/wp-json\/wp\/v2\/product\/110323","targetHints":{"allow":["GET"]}}],"collection":[{"href":"https:\/\/gpl-love.com\/es\/wp-json\/wp\/v2\/product"}],"about":[{"href":"https:\/\/gpl-love.com\/es\/wp-json\/wp\/v2\/types\/product"}],"replies":[{"embeddable":true,"href":"https:\/\/gpl-love.com\/es\/wp-json\/wp\/v2\/comments?post=110323"}],"wp:featuredmedia":[{"embeddable":true,"href":"https:\/\/gpl-love.com\/es\/wp-json\/wp\/v2\/media\/168223"}],"wp:attachment":[{"href":"https:\/\/gpl-love.com\/es\/wp-json\/wp\/v2\/media?parent=110323"}],"wp:term":[{"taxonomy":"product_brand","embeddable":true,"href":"https:\/\/gpl-love.com\/es\/wp-json\/wp\/v2\/product_brand?post=110323"},{"taxonomy":"product_cat","embeddable":true,"href":"https:\/\/gpl-love.com\/es\/wp-json\/wp\/v2\/product_cat?post=110323"},{"taxonomy":"product_tag","embeddable":true,"href":"https:\/\/gpl-love.com\/es\/wp-json\/wp\/v2\/product_tag?post=110323"}],"curies":[{"name":"wp","href":"https:\/\/api.w.org\/{rel}","templated":true}]}}