{"id":110308,"date":"2026-03-16T00:00:00","date_gmt":"2026-03-16T05:00:00","guid":{"rendered":"http:\/\/gpl-love.com\/es\/producto\/bridge-creative-multipurpose-wordpress-theme\/"},"modified":"2026-03-16T11:15:15","modified_gmt":"2026-03-16T16:15:15","slug":"bridge-creative-multipurpose-wordpress-theme","status":"publish","type":"product","link":"https:\/\/gpl-love.com\/es\/producto\/bridge-creative-multipurpose-wordpress-theme\/","title":{"rendered":"Bridge Creative Multipurpose WordPress Theme 30.8.8.7"},"content":{"rendered":"<h3>Bridge Creative Multipurpose WordPress Theme Caracteristicas<\/h3>\n<p>El tema de WordPress multiprop\u00f3sito creativo de Bridge se destaca por su naturaleza innovadora y versatilidad, lo que lo hace adecuado para una amplia gama de prop\u00f3sitos. Cuenta con un dise\u00f1o elegante y moderno, que se puede adaptar f\u00e1cilmente para que coincida con sus requisitos de marca. Este tema est\u00e1 equipado con una gran cantidad de caracter\u00edsticas y herramientas potentes, como un conveniente constructor de p\u00e1ginas de arrastrar y soltar, numerosas demostraciones preconstruidas para elegir, una amplia selecci\u00f3n de opciones de fuentes y color, y una interfaz de usuario dise\u00f1ada intuitivamente. En particular, Bridge est\u00e1 completamente optimizado para SEO y garantiza una experiencia de usuario perfecta en todos los dispositivos, ya que es totalmente receptivo. Ya sea que sea un blogger, propietario de un negocio o una agencia creativa, el tema de WordPress multiprop\u00f3sito creativo de Bridge se presenta como una opci\u00f3n excepcional para elaborar un sitio web visualmente llamativo y altamente funcional.<\/p>\n<ul>\n<li>Dise\u00f1o totalmente receptivo y amigable para m\u00f3viles<\/li>\n<li>Importar demostraci\u00f3n de un solo clic para una f\u00e1cil configuraci\u00f3n del sitio web<\/li>\n<li>Panel de opciones de temas avanzados para la personalizaci\u00f3n<\/li>\n<li>M\u00faltiples dise\u00f1os de encabezado y pie de p\u00e1gina<\/li>\n<li>Opciones de tipograf\u00eda y personalizaci\u00f3n excepcionales<\/li>\n<li>M\u00e1s de 500 opciones de fuentes con integraci\u00f3n de fuentes de Google<\/li>\n<li>Compatibilidad de WooCommerce para una f\u00e1cil creaci\u00f3n de tiendas en l\u00ednea<\/li>\n<li>Opciones de dise\u00f1o de blog m\u00faltiples<\/li>\n<li>Formatos de publicaci\u00f3n avanzados para tipos de contenido variados<\/li>\n<li>Plantillas previas a la construcci\u00f3n de p\u00e1ginas de contacto y contactos<\/li>\n<li>SEO optimizado para clasificaciones de motores de b\u00fasqueda m\u00e1s altos<\/li>\n<li>Integraci\u00f3n de las redes sociales con los botones para compartir y seguir<\/li>\n<li>Apoyo r\u00e1pido y confiable de desarrolladores experimentados<\/li>\n<li>Actualizaciones de temas regulares con nuevas caracter\u00edsticas y correcciones de errores.<\/li>\n<\/ul>\n","protected":false},"excerpt":{"rendered":"<p>Presentando el tema de WordPress multiprop\u00f3sito creativo de Bridge, la soluci\u00f3n perfecta para todas las necesidades de su sitio web. Este tema vers\u00e1til y f\u00e1cil de usar viene con una amplia gama de caracter\u00edsticas personalizables, ideales tanto para principiantes como para dise\u00f1adores web experimentados.<\/p>\n<p>Ya sea que sea un artista creativo, un negocio corporativo o una tienda de comercio electr\u00f3nico, el tema del puente ofrece una gama de plantillas y dise\u00f1os para adaptarse a todos los estilos y requisitos. Su dise\u00f1o suave y receptivo garantiza una experiencia perfecta en todos los dispositivos, proporcionando una apariencia profesional y pulida para su sitio.<\/p>\n<p>Elabore sitios web hermosos y \u00fanicos con el compositor visual f\u00e1cil de usar y muestre su trabajo con impresionantes opciones de cartera. El tema del puente admite la integraci\u00f3n de WooCommerce para tiendas en l\u00ednea e incluye opciones de tipograf\u00eda avanzada para la personalizaci\u00f3n de la marca definitiva.<\/p>\n<p>Con una estructura amigable con el SEO, su sitio se clasificar\u00e1 m\u00e1s alto en los motores de b\u00fasqueda, asegurando la m\u00e1xima visibilidad. Beneficiarse de actualizaciones regulares para mantener su sitio web funcionando de manera \u00f3ptima. Elija el tema de WordPress multipuros creativo de Bridge para una soluci\u00f3n integral de dise\u00f1o web de alta calidad.<\/p>\n","protected":false},"featured_media":165556,"comment_status":"open","ping_status":"open","template":"","meta":[],"product_brand":[2337],"product_cat":[1239,1237,1238],"product_tag":[1391],"class_list":{"0":"post-110308","1":"product","2":"type-product","3":"status-publish","4":"has-post-thumbnail","6":"product_brand-themeforest","7":"product_cat-de-multiples-fines","8":"product_cat-temas","9":"product_cat-wordpress-temas","10":"product_tag-themeforest","11":"member-discount","12":"discount-restricted","14":"first","15":"instock","16":"sale","17":"downloadable","18":"virtual","19":"sold-individually","20":"purchasable","21":"product-type-simple"},"_links":{"self":[{"href":"https:\/\/gpl-love.com\/es\/wp-json\/wp\/v2\/product\/110308","targetHints":{"allow":["GET"]}}],"collection":[{"href":"https:\/\/gpl-love.com\/es\/wp-json\/wp\/v2\/product"}],"about":[{"href":"https:\/\/gpl-love.com\/es\/wp-json\/wp\/v2\/types\/product"}],"replies":[{"embeddable":true,"href":"https:\/\/gpl-love.com\/es\/wp-json\/wp\/v2\/comments?post=110308"}],"wp:featuredmedia":[{"embeddable":true,"href":"https:\/\/gpl-love.com\/es\/wp-json\/wp\/v2\/media\/165556"}],"wp:attachment":[{"href":"https:\/\/gpl-love.com\/es\/wp-json\/wp\/v2\/media?parent=110308"}],"wp:term":[{"taxonomy":"product_brand","embeddable":true,"href":"https:\/\/gpl-love.com\/es\/wp-json\/wp\/v2\/product_brand?post=110308"},{"taxonomy":"product_cat","embeddable":true,"href":"https:\/\/gpl-love.com\/es\/wp-json\/wp\/v2\/product_cat?post=110308"},{"taxonomy":"product_tag","embeddable":true,"href":"https:\/\/gpl-love.com\/es\/wp-json\/wp\/v2\/product_tag?post=110308"}],"curies":[{"name":"wp","href":"https:\/\/api.w.org\/{rel}","templated":true}]}}