{"id":110305,"date":"2025-09-12T00:00:00","date_gmt":"2025-09-12T05:00:00","guid":{"rendered":"http:\/\/gpl-love.com\/es\/producto\/gravity-forms-user-registration-addon\/"},"modified":"2026-03-09T07:40:26","modified_gmt":"2026-03-09T12:40:26","slug":"gravity-forms-user-registration-addon","status":"publish","type":"product","link":"https:\/\/gpl-love.com\/es\/producto\/gravity-forms-user-registration-addon\/","title":{"rendered":"Gravity Forms User Registration Addon 5.4.1"},"content":{"rendered":"<h3>Gravity Forms User Registration Addon Caracteristicas<\/h3>\n<p>El complemento de registro de usuarios de formularios de gravedad sirve como una herramienta indispensable para las personas que poseen sitios web y buscan mejorar la eficiencia de su proceso de registro. Al utilizar este complemento, los usuarios pueden generar sin esfuerzo formularios de registro personalizados que sean capaces de recopilar y almacenar datos de usuario. La integraci\u00f3n de este complemento con formularios de gravedad asegura que los usuarios tengan acceso a la amplia gama de caracter\u00edsticas potentes que son inherentes al complemento de Formularios de Gravedad. Si el objetivo de uno es establecer un formulario de registro directo o un formulario multifac\u00e9tico con m\u00faltiples pasos, el complemento de registro de usuarios de formularios de gravedad ofrece una adaptabilidad incomparable. Con una interfaz f\u00e1cil de usar y una configuraci\u00f3n instintiva, este complemento representa la soluci\u00f3n ideal para las personas que buscan optimizar su proceso de registro. En esencia, este complemento es un activo imperativo para cualquier propietario del sitio web que desee maximizar la experiencia general de sus usuarios.<\/p>\n<ul>\n<li>Crear formularios de registro de usuario personalizados con formularios de gravedad<\/li>\n<li>Integre el registro de usuarios con plataformas populares de marketing por correo electr\u00f3nico como MailChimp y Constant Contact<\/li>\n<li>Permitir a los usuarios elegir su propia contrase\u00f1a durante el registro<\/li>\n<li>Configurar mensajes de confirmaci\u00f3n personalizados y redireccionamientos despu\u00e9s del registro<\/li>\n<li>Recopilar meta datos de usuario personalizados durante el registro<\/li>\n<li>Asignar usuarios a roles o grupos de usuarios espec\u00edficos al registrarse<\/li>\n<li>Habilitar la aprobaci\u00f3n del administrador o la notificaci\u00f3n por correo electr\u00f3nico para registros de nuevos usuarios<\/li>\n<li>Personalizar plantillas de correo electr\u00f3nico de notificaci\u00f3n para nuevos registros<\/li>\n<\/ul>\n","protected":false},"excerpt":{"rendered":"<p>El complemento de registro de usuarios de Gravity Forms, que es una herramienta indispensable para los propietarios de sitios web de WordPress con el objetivo de optimizar el proceso de registro del usuario, permite a los usuarios registrarse sin esfuerzo en sus sitios web completando un formulario directo. Adem\u00e1s, este complemento permite a los propietarios de sitios web recopilar datos significativos sobre sus usuarios autom\u00e1ticamente, facilitando la recopilaci\u00f3n de informaci\u00f3n valiosa. Adem\u00e1s, el complemento ofrece la capacidad de entregar mensajes de bienvenida a medida, redirigir a los usuarios a p\u00e1ginas designadas e integrarse sin problemas con las conocidas plataformas de marketing por correo electr\u00f3nico. Debido a su naturaleza f\u00e1cil de usar y sus amplias opciones de personalizaci\u00f3n, este complemento es muy recomendable para las personas que buscan mejorar la experiencia del usuario en sus sitios web.<\/p>\n","protected":false},"featured_media":166337,"comment_status":"open","ping_status":"open","template":"","meta":[],"product_brand":[2469],"product_cat":[1216,1206,1211],"product_tag":[1300],"class_list":{"0":"post-110305","1":"product","2":"type-product","3":"status-publish","4":"has-post-thumbnail","6":"product_brand-gravityforms","7":"product_cat-formas","8":"product_cat-plugins","9":"product_cat-wordpress-plugins","10":"product_tag-gravityforms","11":"member-discount","12":"discount-restricted","14":"first","15":"instock","16":"sale","17":"downloadable","18":"virtual","19":"sold-individually","20":"purchasable","21":"product-type-simple"},"_links":{"self":[{"href":"https:\/\/gpl-love.com\/es\/wp-json\/wp\/v2\/product\/110305","targetHints":{"allow":["GET"]}}],"collection":[{"href":"https:\/\/gpl-love.com\/es\/wp-json\/wp\/v2\/product"}],"about":[{"href":"https:\/\/gpl-love.com\/es\/wp-json\/wp\/v2\/types\/product"}],"replies":[{"embeddable":true,"href":"https:\/\/gpl-love.com\/es\/wp-json\/wp\/v2\/comments?post=110305"}],"wp:featuredmedia":[{"embeddable":true,"href":"https:\/\/gpl-love.com\/es\/wp-json\/wp\/v2\/media\/166337"}],"wp:attachment":[{"href":"https:\/\/gpl-love.com\/es\/wp-json\/wp\/v2\/media?parent=110305"}],"wp:term":[{"taxonomy":"product_brand","embeddable":true,"href":"https:\/\/gpl-love.com\/es\/wp-json\/wp\/v2\/product_brand?post=110305"},{"taxonomy":"product_cat","embeddable":true,"href":"https:\/\/gpl-love.com\/es\/wp-json\/wp\/v2\/product_cat?post=110305"},{"taxonomy":"product_tag","embeddable":true,"href":"https:\/\/gpl-love.com\/es\/wp-json\/wp\/v2\/product_tag?post=110305"}],"curies":[{"name":"wp","href":"https:\/\/api.w.org\/{rel}","templated":true}]}}