{"id":110302,"date":"2021-02-14T00:00:00","date_gmt":"2021-02-14T05:00:00","guid":{"rendered":"http:\/\/gpl-love.com\/es\/producto\/gravity-forms-authorize-net-addon\/"},"modified":"2026-03-09T07:39:27","modified_gmt":"2026-03-09T12:39:27","slug":"gravity-forms-authorize-net-addon","status":"publish","type":"product","link":"https:\/\/gpl-love.com\/es\/producto\/gravity-forms-authorize-net-addon\/","title":{"rendered":"Gravity Forms Authorize.net Addon 2.9.2"},"content":{"rendered":"<h3>Gravity Forms Authorize.net Addon Caracteristicas<\/h3>\n<p>La utilizaci\u00f3n de los formularios de gravedad autorize.net Addon demuestra ser una herramienta indispensable en el \u00e1mbito de la gesti\u00f3n de transacciones de pago realizadas a trav\u00e9s de su sitio web. Al integrar sin problemas la estimaci\u00f3n de la pasarela de pago, Authorize.net, con el complemento de formularios de gravedad robusto, este complemento garantiza la ejecuci\u00f3n de transacciones de pago seguras y seguras. Le faculta la capacidad de engendrar sin esfuerzo los formularios de pago, autorizar y capturar pagos, as\u00ed como gobernar los reembolsos y cancelaciones, todo dentro de la interfaz de gravedad f\u00e1cil de usar. En esencia, este complemento optimiza la totalidad del proceso de pago, dotando as\u00ed a usted y a sus clientes una experiencia sin problemas. Tenga la seguridad de que con el empleo de los formularios de gravedad autorize.net complement, debe disfrutar de la confianza de las transacciones de pago perfectas que no solo priorizan la seguridad sino que tambi\u00e9n ejemplifican la eficiencia.<\/p>\n<ul>\n<li>Integra formularios de gravedad con la pasarela de pago Authorize.net<\/li>\n<li>Permite a los usuarios procesar de forma segura los pagos con tarjeta de cr\u00e9dito directamente en su sitio web.<\/li>\n<li>F\u00e1cil de configurar y configurar, con configuraciones y opciones intuitivas<\/li>\n<li>Admite m\u00faltiples tipos de pago, incluidos pagos \u00fanicos, recurrentes y de suscripci\u00f3n<\/li>\n<li>Proporciona datos de pago y transacciones personalizados que se pueden integrar con herramientas de terceros<\/li>\n<li>Ayuda a optimizar el procesamiento de pagos y reducir los errores de pago<\/li>\n<li>Toma de forma segura informaci\u00f3n de pago del cliente para futuras compras<\/li>\n<li>Compatible con complementos de formularios de gravedad populares.<\/li>\n<li>Viene con documentaci\u00f3n y soporte \u00fatil actualizado y \u00fatil.<\/li>\n<\/ul>\n","protected":false},"excerpt":{"rendered":"<p>El complemento de Authorize.net de Gravity Forms es una herramienta muy robusta y eficiente que presenta a los usuarios la capacidad excepcional de integrar sin problemas y de forma segura el procesamiento de pagos Authorize.net en sus formularios de gravedad. Este complemento notablemente f\u00e1cil de usar cuenta con un proceso de configuraci\u00f3n sin interrupciones y ofrece una amplia gama de opciones avanzadas, que abarca la provisi\u00f3n de pagos recurrentes transparentes, la capacidad de personalizar las descripciones de transacciones y el soporte integral para m\u00faltiples cuentas de autorizaci\u00f3n.net. En virtud de este complemento ejemplar, los usuarios est\u00e1n facultados para dise\u00f1ar h\u00e1bilmente formularios personalizados y ejecutar sin esfuerzo pagos seguros a trav\u00e9s de su sitio web, lo que lo convierte en una herramienta indispensable para cumplir con los requisitos de procesamiento de pagos en l\u00ednea de cualquier negocio.<\/p>\n","protected":false},"featured_media":166292,"comment_status":"open","ping_status":"open","template":"","meta":[],"product_brand":[2469],"product_cat":[1278,1206,1211],"product_tag":[1300],"class_list":{"0":"post-110302","1":"product","2":"type-product","3":"status-publish","4":"has-post-thumbnail","6":"product_brand-gravityforms","7":"product_cat-pago","8":"product_cat-plugins","9":"product_cat-wordpress-plugins","10":"product_tag-gravityforms","11":"member-discount","12":"discount-restricted","14":"first","15":"instock","16":"sale","17":"downloadable","18":"virtual","19":"sold-individually","20":"purchasable","21":"product-type-simple"},"_links":{"self":[{"href":"https:\/\/gpl-love.com\/es\/wp-json\/wp\/v2\/product\/110302","targetHints":{"allow":["GET"]}}],"collection":[{"href":"https:\/\/gpl-love.com\/es\/wp-json\/wp\/v2\/product"}],"about":[{"href":"https:\/\/gpl-love.com\/es\/wp-json\/wp\/v2\/types\/product"}],"replies":[{"embeddable":true,"href":"https:\/\/gpl-love.com\/es\/wp-json\/wp\/v2\/comments?post=110302"}],"wp:featuredmedia":[{"embeddable":true,"href":"https:\/\/gpl-love.com\/es\/wp-json\/wp\/v2\/media\/166292"}],"wp:attachment":[{"href":"https:\/\/gpl-love.com\/es\/wp-json\/wp\/v2\/media?parent=110302"}],"wp:term":[{"taxonomy":"product_brand","embeddable":true,"href":"https:\/\/gpl-love.com\/es\/wp-json\/wp\/v2\/product_brand?post=110302"},{"taxonomy":"product_cat","embeddable":true,"href":"https:\/\/gpl-love.com\/es\/wp-json\/wp\/v2\/product_cat?post=110302"},{"taxonomy":"product_tag","embeddable":true,"href":"https:\/\/gpl-love.com\/es\/wp-json\/wp\/v2\/product_tag?post=110302"}],"curies":[{"name":"wp","href":"https:\/\/api.w.org\/{rel}","templated":true}]}}