{"id":110298,"date":"2021-05-15T00:00:00","date_gmt":"2021-05-15T05:00:00","guid":{"rendered":"http:\/\/gpl-love.com\/es\/producto\/bazar-shop-multipurpose-ecommerce-theme\/"},"modified":"2026-03-13T17:16:24","modified_gmt":"2026-03-13T22:16:24","slug":"bazar-shop-multipurpose-ecommerce-theme","status":"publish","type":"product","link":"https:\/\/gpl-love.com\/es\/producto\/bazar-shop-multipurpose-ecommerce-theme\/","title":{"rendered":"Bazar Shop MultiPurpose eCommerce Theme 3.21.0"},"content":{"rendered":"<h3>Bazar Shop MultiPurpose eCommerce Theme Caracteristicas<\/h3>\n<p>El tema de comercio electr\u00f3nico multiprop\u00f3sito de Bazar Shop, que cuenta con una mir\u00edada de caracter\u00edsticas vers\u00e1tiles y personalizables, sirve como una opci\u00f3n impecable para tiendas en l\u00ednea y mercados por igual. Con su dise\u00f1o elegante y moderno, este tema proporciona a los usuarios una amplia gama de funcionalidades, incluidos m\u00faltiples dise\u00f1os de p\u00e1ginas de inicio, p\u00e1ginas de productos personalizables y una opci\u00f3n de vista r\u00e1pida del producto. Adem\u00e1s, se integra perfectamente con complementos de comercio electr\u00f3nico populares como WooCommerce y WPML, simplificando los procesos de configuraci\u00f3n y gesti\u00f3n para su tienda. Adem\u00e1s, el tema de comercio electr\u00f3nico multiprop\u00f3sito Bazar Shop es totalmente receptivo y optimizado para SEO, garantizando que su tienda en l\u00ednea exude excelencia en todos los dispositivos y asegurar\u00e1 una clasificaci\u00f3n encomiable en los motores de b\u00fasqueda. En general, este tema sirve como una opci\u00f3n \u00f3ptima para las personas en busca de una experiencia de creaci\u00f3n de tiendas en l\u00ednea profesional y eficiente.<\/p>\n<ul>\n<li>Totalmente personalizable con varias opciones para el dise\u00f1o del sitio, fuentes, esquemas de color y m\u00e1s<\/li>\n<li>Compatible con complementos de comercio electr\u00f3nico populares como WooCommerce e Yith<\/li>\n<li>Incluye plantillas predise\u00f1adas para varios tipos de tiendas en l\u00ednea, desde la moda hasta la electr\u00f3nica<\/li>\n<li>Funcionalidad de blog incorporada para marketing de contenidos y SEO<\/li>\n<li>El dise\u00f1o que responde a dispositivos m\u00f3viles garantiza una experiencia de visualizaci\u00f3n \u00f3ptima en todos los dispositivos<\/li>\n<li>Constructor de p\u00e1gina de arrastrar y soltar f\u00e1ciles de usar para una mayor personalizaci\u00f3n<\/li>\n<li>Viene con una variedad de widgets y c\u00f3digos cortos \u00fatiles para mejorar la funcionalidad e interactividad del sitio<\/li>\n<li>Soporte y documentaci\u00f3n robustos disponibles para obtener ayuda con la configuraci\u00f3n y la personalizaci\u00f3n<\/li>\n<\/ul>\n","protected":false},"excerpt":{"rendered":"<p>Desatara todo el potencial de su negocio de comercio electr\u00f3nico con el tema de comercio electr\u00f3nico multiprop\u00f3sito Bazar Shop. Este tema premium est\u00e1 dise\u00f1ado con una interfaz moderna y f\u00e1cil de usar y caracter\u00edsticas avanzadas para ofrecer una experiencia de compra en l\u00ednea perfecta. Con su dise\u00f1o multiprop\u00f3sito, puede personalizarlo y adaptarlo f\u00e1cilmente a cualquier tipo de negocio de comercio electr\u00f3nico, desde moda y electr\u00f3nica hasta muebles y productos digitales. El tema es muy receptivo, asegurando que su tienda en l\u00ednea se vea impresionante y funciona sin problemas en cualquier dispositivo o tama\u00f1o de pantalla. Adem\u00e1s, es amigable con SEO, ayudando a su negocio a obtener una mejor visibilidad en la clasificaci\u00f3n de motores de b\u00fasqueda. Con Bazar Shop, disfrute de una navegaci\u00f3n f\u00e1cil, velocidad de carga r\u00e1pida y transacciones seguras en l\u00ednea. Este tema est\u00e1 garantizado para atraer a un p\u00fablico amplio y aumentar sus ventas en l\u00ednea. \u00a1Actualice su plataforma de comercio electr\u00f3nico con el tema de comercio electr\u00f3nico multiprop\u00f3sito Bazar Shop hoy!<\/p>\n","protected":false},"featured_media":165458,"comment_status":"open","ping_status":"open","template":"","meta":[],"product_brand":[2337],"product_cat":[1263,1264,1237],"product_tag":[1391],"class_list":{"0":"post-110298","1":"product","2":"type-product","3":"status-publish","4":"has-post-thumbnail","6":"product_brand-themeforest","7":"product_cat-comercio-electronico-temas","8":"product_cat-negocio","9":"product_cat-temas","10":"product_tag-themeforest","11":"member-discount","12":"discount-restricted","14":"first","15":"instock","16":"sale","17":"downloadable","18":"virtual","19":"sold-individually","20":"purchasable","21":"product-type-simple"},"_links":{"self":[{"href":"https:\/\/gpl-love.com\/es\/wp-json\/wp\/v2\/product\/110298","targetHints":{"allow":["GET"]}}],"collection":[{"href":"https:\/\/gpl-love.com\/es\/wp-json\/wp\/v2\/product"}],"about":[{"href":"https:\/\/gpl-love.com\/es\/wp-json\/wp\/v2\/types\/product"}],"replies":[{"embeddable":true,"href":"https:\/\/gpl-love.com\/es\/wp-json\/wp\/v2\/comments?post=110298"}],"wp:featuredmedia":[{"embeddable":true,"href":"https:\/\/gpl-love.com\/es\/wp-json\/wp\/v2\/media\/165458"}],"wp:attachment":[{"href":"https:\/\/gpl-love.com\/es\/wp-json\/wp\/v2\/media?parent=110298"}],"wp:term":[{"taxonomy":"product_brand","embeddable":true,"href":"https:\/\/gpl-love.com\/es\/wp-json\/wp\/v2\/product_brand?post=110298"},{"taxonomy":"product_cat","embeddable":true,"href":"https:\/\/gpl-love.com\/es\/wp-json\/wp\/v2\/product_cat?post=110298"},{"taxonomy":"product_tag","embeddable":true,"href":"https:\/\/gpl-love.com\/es\/wp-json\/wp\/v2\/product_tag?post=110298"}],"curies":[{"name":"wp","href":"https:\/\/api.w.org\/{rel}","templated":true}]}}