{"id":110297,"date":"2022-03-04T00:00:00","date_gmt":"2022-03-04T05:00:00","guid":{"rendered":"http:\/\/gpl-love.com\/es\/producto\/adventure-tours-wordpress-tour-travel-theme\/"},"modified":"2026-03-13T17:15:23","modified_gmt":"2026-03-13T22:15:23","slug":"adventure-tours-wordpress-tour-travel-theme","status":"publish","type":"product","link":"https:\/\/gpl-love.com\/es\/producto\/adventure-tours-wordpress-tour-travel-theme\/","title":{"rendered":"Adventure Tours WordPress Tour y Travel Theme 4.2.2"},"content":{"rendered":"<h3>Adventure Tours WordPress Tour y Travel Theme Caracteristicas<\/h3>\n<p>Adventure Tours es un tema de WordPress muy aclamado que se ha desarrollado espec\u00edficamente para satisfacer las necesidades de las compa\u00f1\u00edas de gira y viajes que tienen como objetivo exhibir su gama de servicios en l\u00ednea. Este tema est\u00e1 totalmente equipado con un dise\u00f1o receptivo, asegurando que su sitio web se vea impecable en todos los dispositivos, y cuenta con un dise\u00f1o elegante y sofisticado que es ideal para los sitios web de turismo. Al aprovechar el innovador constructor de p\u00e1ginas de arrastrar y soltar proporcionado por Adventure Tours, puede crear p\u00e1ginas visualmente impresionantes sin esfuerzo dedicadas a mostrar sus diversos tours, destinos y eventos. Adem\u00e1s, este tema ofrece una gran cantidad de caracter\u00edsticas invaluables que est\u00e1n garantizadas para mejorar las tasas de participaci\u00f3n y conversi\u00f3n de su sitio web. Estas caracter\u00edsticas abarcan formularios de reserva f\u00e1ciles de usar, widgets personalizables, integraci\u00f3n perfecta con Google Maps y botones de intercambio de redes sociales de f\u00e1cil acceso. Independientemente de si usted es un operador tur\u00edstico compacto o una agencia de viajes prominente, optar por Adventure Tours es una decisi\u00f3n que indudablemente producir\u00e1 resultados notables, ya que le permite construir un sitio web est\u00e9ticamente agradable y dise\u00f1ado profesionalmente que aclarar\u00e1 efectivamente a una clientela m\u00e1s grande, impulsando as\u00ed la expansi\u00f3n de su negocio.<\/p>\n<ul>\n<li>Tema de WordPress dise\u00f1ado profesionalmente para tours de aventuras y negocios de viajes<\/li>\n<li>El dise\u00f1o receptivo garantiza que el sitio web se vea muy bien en todos los dispositivos<\/li>\n<li>Demostraciones y dise\u00f1os preconstruidos para una f\u00e1cil personalizaci\u00f3n y configuraci\u00f3n r\u00e1pida<\/li>\n<li>Opciones personalizables de encabezado y pie de p\u00e1gina<\/li>\n<li>Sistema de reserva integrado para una f\u00e1cil reserva en l\u00ednea de tours<\/li>\n<li>Tablas de precios personalizables para mostrar paquetes tur\u00edsticos<\/li>\n<li>P\u00e1gina de detalles de tour personalizable con mapas, galer\u00edas y rese\u00f1as<\/li>\n<li>Integraci\u00f3n con complementos populares como WooCommerce, Formulario de contacto 7 y WPML<\/li>\n<li>Panel de opciones de temas avanzados para la personalizaci\u00f3n sin codificaci\u00f3n de conocimiento<\/li>\n<li>Actualizaciones y soporte regulares de los desarrolladores de temas.<\/li>\n<\/ul>\n","protected":false},"excerpt":{"rendered":"<p>El tema de WordPress de Adventure Tours es una soluci\u00f3n perfecta para los propietarios de sitios web de viajes. Como uno de los mejores temas de WordPress para sitios web de viajes, le permite mostrar su amplia gama de recorridos y paquetes de viajes de una manera visualmente impresionante. Este tema de WordPress en el sitio web de viajes incluye caracter\u00edsticas notables como un sistema de reserva en l\u00ednea, que lo posiciona entre los principales temas de WordPress con un sistema de reservas.<\/p>\n<p>Adem\u00e1s, cuenta con un dise\u00f1o receptivo, coloc\u00e1ndolo entre los mejores temas de viaje de dise\u00f1o receptivos disponibles. Su kit de herramientas de creador de p\u00e1ginas de arrastrar y soltar es parte de lo que lo convierte en uno de los temas de creador de p\u00e1ginas de arrastre m\u00e1s f\u00e1ciles de usar.<\/p>\n<p>Este tema de viaje y viaje de WordPress es totalmente personalizable, lo que lo convierte en uno de los mejores temas de WordPress personalizables para tours. Su dise\u00f1o moderno y dise\u00f1o limpio lo convierten en un destacado entre los temas modernos de WordPress. Este tema de WordPress de visualizaci\u00f3n de paquete de viajes est\u00e1 dise\u00f1ado para ayudarlo a mejorar sus servicios y atraer un p\u00fablico m\u00e1s amplio, lo que lo convierte en uno de los temas de WordPress m\u00e1s captiventes de clientes.<\/p>\n<p>Si est\u00e1 buscando viajar y<\/p>\n","protected":false},"featured_media":165306,"comment_status":"open","ping_status":"open","template":"","meta":[],"product_brand":[2337],"product_cat":[1548,1237,1238],"product_tag":[1391],"class_list":{"0":"post-110297","1":"product","2":"type-product","3":"status-publish","4":"has-post-thumbnail","6":"product_brand-themeforest","7":"product_cat-resort-hotel","8":"product_cat-temas","9":"product_cat-wordpress-temas","10":"product_tag-themeforest","11":"member-discount","12":"discount-restricted","14":"first","15":"instock","16":"sale","17":"downloadable","18":"virtual","19":"sold-individually","20":"purchasable","21":"product-type-simple"},"_links":{"self":[{"href":"https:\/\/gpl-love.com\/es\/wp-json\/wp\/v2\/product\/110297","targetHints":{"allow":["GET"]}}],"collection":[{"href":"https:\/\/gpl-love.com\/es\/wp-json\/wp\/v2\/product"}],"about":[{"href":"https:\/\/gpl-love.com\/es\/wp-json\/wp\/v2\/types\/product"}],"replies":[{"embeddable":true,"href":"https:\/\/gpl-love.com\/es\/wp-json\/wp\/v2\/comments?post=110297"}],"wp:featuredmedia":[{"embeddable":true,"href":"https:\/\/gpl-love.com\/es\/wp-json\/wp\/v2\/media\/165306"}],"wp:attachment":[{"href":"https:\/\/gpl-love.com\/es\/wp-json\/wp\/v2\/media?parent=110297"}],"wp:term":[{"taxonomy":"product_brand","embeddable":true,"href":"https:\/\/gpl-love.com\/es\/wp-json\/wp\/v2\/product_brand?post=110297"},{"taxonomy":"product_cat","embeddable":true,"href":"https:\/\/gpl-love.com\/es\/wp-json\/wp\/v2\/product_cat?post=110297"},{"taxonomy":"product_tag","embeddable":true,"href":"https:\/\/gpl-love.com\/es\/wp-json\/wp\/v2\/product_tag?post=110297"}],"curies":[{"name":"wp","href":"https:\/\/api.w.org\/{rel}","templated":true}]}}