{"id":110295,"date":"2026-03-13T00:00:00","date_gmt":"2026-03-13T05:00:00","guid":{"rendered":"http:\/\/gpl-love.com\/es\/producto\/checkoutwc-checkout-for-woocommerce\/"},"modified":"2026-03-30T11:15:16","modified_gmt":"2026-03-30T16:15:16","slug":"checkoutwc-checkout-for-woocommerce","status":"publish","type":"product","link":"https:\/\/gpl-love.com\/es\/producto\/checkoutwc-checkout-for-woocommerce\/","title":{"rendered":"CheckoutWC Pro 11.0.7"},"content":{"rendered":"<h3>CheckoutWC Pro Caracteristicas<\/h3>\n<p>El complemento de pago WC Pro es notablemente robusto, que sirve como una herramienta notable para simplificar el proceso de pago en su sitio web de WooCommerce. La uso de este complemento faculta a los usuarios personalizar sin esfuerzo los campos de pago, integrando nuevos campos mientras se elimina simult\u00e1neamente los superfluos, cultivando as\u00ed una experiencia de pago optimizada y optimizada. Este poderoso complemento tambi\u00e9n ofrece a los clientes la capacidad de examinar convenientemente el contenido de su carrito, aplicar sin problemas c\u00f3digos de cup\u00f3n y seleccionar sus m\u00e9todos de pago y env\u00edo preferidos. Adem\u00e1s, abarca una amplia gama de pasarelas de pago y opciones de env\u00edo, acomodando efectivamente a una multitud de preferencias del cliente. El proceso de instalaci\u00f3n y configuraci\u00f3n de este complemento es notablemente f\u00e1cil de usar, asegurando una experiencia de pago sin esfuerzo y fluida en todos los dispositivos debido a su dise\u00f1o receptivo. Al utilizar el checkout WC Pro, su negocio puede anticipar con confianza un aumento en las ventas al tiempo que mejora los niveles de satisfacci\u00f3n del cliente a trav\u00e9s de la provisi\u00f3n de un proceso de pago r\u00e1pido y sin problemas sin problemas.<\/p>\n<ul>\n<li>Alegar su proceso de pago con una interfaz f\u00e1cil de usar<\/li>\n<li>Acepte pagos a trav\u00e9s de m\u00faltiples puertas de enlace, incluidos PayPal y Stripe<\/li>\n<li>Personalice su p\u00e1gina de pago con el logotipo de su marca y los colores<\/li>\n<li>Reduzca el abandono del carrito con ventajas de un solo clic y ventajas posteriores a la compra<\/li>\n<li>Rastree y analice sus datos de ventas para optimizar su flujo de pago<\/li>\n<li>Aumentar la confianza y la seguridad del cliente con medidas de prevenci\u00f3n de fraude incorporadas<\/li>\n<li>Ofrecer c\u00f3digos y cupones de descuento para incentivar las compras<\/li>\n<li>Administrar y ver f\u00e1cilmente sus pedidos y estados de env\u00edo desde un tablero<\/li>\n<li>Obtenga acceso a atenci\u00f3n al cliente de primer nivel y documentaci\u00f3n.<\/li>\n<\/ul>\n","protected":false},"excerpt":{"rendered":"<p>GestoutWC Pro es una herramienta poderosa y eficiente dise\u00f1ada para mejorar el proceso de pago de su negocio. Con su interfaz f\u00e1cil de usar y sus caracter\u00edsticas de vanguardia, transforma la experiencia de pago a menudo complicada en una simple y sin esfuerzo. Este complemento optimiza sus p\u00e1ginas de pago de WooCommerce, mejorando significativamente la experiencia del cliente y reduciendo el abandono del carrito, lo que aumenta sus ventas en l\u00ednea. Adem\u00e1s, es totalmente personalizable para satisfacer sus necesidades comerciales. Un punto destacado clave de CheckoutWC Pro es su compatibilidad con la mayor\u00eda de los temas y complementos de WordPress, que ofrece una integraci\u00f3n perfecta para un sitio de comercio electr\u00f3nico que ejecuta suave. Con GestOutWC Pro, puede optimizar f\u00e1cilmente su proceso de pago y mejorar su rendimiento de comercio electr\u00f3nico.<\/p>\n","protected":false},"featured_media":165618,"comment_status":"open","ping_status":"open","template":"","meta":[],"product_brand":[2396],"product_cat":[1207,1426,1206],"product_tag":[1547],"class_list":{"0":"post-110295","1":"product","2":"type-product","3":"status-publish","4":"has-post-thumbnail","6":"product_brand-checkoutwc","7":"product_cat-comercio-electronico-plugins","8":"product_cat-pago-comercio-electronico-plugins","9":"product_cat-plugins","10":"product_tag-checkoutwc","11":"member-discount","12":"discount-restricted","14":"first","15":"instock","16":"sale","17":"downloadable","18":"virtual","19":"sold-individually","20":"purchasable","21":"product-type-simple"},"_links":{"self":[{"href":"https:\/\/gpl-love.com\/es\/wp-json\/wp\/v2\/product\/110295","targetHints":{"allow":["GET"]}}],"collection":[{"href":"https:\/\/gpl-love.com\/es\/wp-json\/wp\/v2\/product"}],"about":[{"href":"https:\/\/gpl-love.com\/es\/wp-json\/wp\/v2\/types\/product"}],"replies":[{"embeddable":true,"href":"https:\/\/gpl-love.com\/es\/wp-json\/wp\/v2\/comments?post=110295"}],"wp:featuredmedia":[{"embeddable":true,"href":"https:\/\/gpl-love.com\/es\/wp-json\/wp\/v2\/media\/165618"}],"wp:attachment":[{"href":"https:\/\/gpl-love.com\/es\/wp-json\/wp\/v2\/media?parent=110295"}],"wp:term":[{"taxonomy":"product_brand","embeddable":true,"href":"https:\/\/gpl-love.com\/es\/wp-json\/wp\/v2\/product_brand?post=110295"},{"taxonomy":"product_cat","embeddable":true,"href":"https:\/\/gpl-love.com\/es\/wp-json\/wp\/v2\/product_cat?post=110295"},{"taxonomy":"product_tag","embeddable":true,"href":"https:\/\/gpl-love.com\/es\/wp-json\/wp\/v2\/product_tag?post=110295"}],"curies":[{"name":"wp","href":"https:\/\/api.w.org\/{rel}","templated":true}]}}