{"id":110250,"date":"2026-04-21T00:00:00","date_gmt":"2026-04-21T05:00:00","guid":{"rendered":"http:\/\/gpl-love.com\/es\/producto\/latepoint-appointment-booking-reservation-plugin-addons-for-wordpress\/"},"modified":"2026-04-21T11:15:43","modified_gmt":"2026-04-21T16:15:43","slug":"latepoint-appointment-booking-reservation-plugin-addons-for-wordpress","status":"publish","type":"product","link":"https:\/\/gpl-love.com\/es\/producto\/latepoint-appointment-booking-reservation-plugin-addons-for-wordpress\/","title":{"rendered":"LatePoint Appointment Booking y Reservation plugin y Add-ons para WordPress 5.4.1"},"content":{"rendered":"<h3>LatePoint Appointment Booking y Reservation plugin y Add-ons para WordPress Caracteristicas<\/h3>\n<p>LatePoint es un complemento de reserva y reserva de citas muy robusto y avanzado que se ha desarrollado meticulosamente para la plataforma WordPress ampliamente utilizada. Con una interfaz notablemente intuitiva combinada con una variedad de caracter\u00edsticas incre\u00edblemente potentes, LatePoint permite a las empresas de todas las escalas administrar sin problemas sus citas y reservas con la mayor facilidad y eficiencia. Independientemente de si posee y opera un sal\u00f3n opulento, un spa tranquilo, una pr\u00e1ctica m\u00e9dica bulliciosa o cualquier otro establecimiento que requiera la implementaci\u00f3n de un sistema de programaci\u00f3n de citas altamente funcional, tenga la seguridad de que LatePoint est\u00e1 perfectamente adaptado a sus requisitos \u00fanicos y sus requisitos \u00fanicos y sus requisitos \u00fanicos. preferencias. Adem\u00e1s, LatePoint ofrece una amplia gama de complementos suplementarios que le permiten adaptar y personalizar su sistema de reserva para adaptarse a sus especificaciones y preferencias exactas. Desde la integraci\u00f3n de los campos a medida, la facilitaci\u00f3n de los pagos en l\u00ednea, hasta la provisi\u00f3n de recordatorios automatizados, LatePoint realmente abarca todo lo esencial para la operaci\u00f3n suave y simplificada de su negocio. \u00a1No dude m\u00e1s, embarque en el notable viaje de la reserva de citas simplificada y la gesti\u00f3n de reservas al abrazar a LatePoint hoy! Eleve su negocio a alturas incomparables de eficiencia y efectividad, y experimente el poder transformador de este complemento excepcional de primera mano.<\/p>\n<ul>\n<li>Sistema de reserva y reserva de citas eficientes<\/li>\n<li>Interfaz f\u00e1cil de usar tanto para clientes como para proveedores de servicios<\/li>\n<li>Admite m\u00faltiples pasarelas de pago<\/li>\n<li>Categor\u00edas de servicio personalizables y tiempos de disponibilidad<\/li>\n<li>Recordatorios de correo electr\u00f3nico automatizados y confirmaciones de citas<\/li>\n<li>Opci\u00f3n para requerir un pago anticipado para las citas<\/li>\n<li>Se integra con aplicaciones calendario populares<\/li>\n<li>Admite m\u00faltiples idiomas<\/li>\n<li>Atenci\u00f3n al cliente dedicada y actualizaciones regulares<\/li>\n<li>Complementos disponibles para caracter\u00edsticas adicionales, como la gesti\u00f3n del personal y el marketing por correo electr\u00f3nico.<\/li>\n<\/ul>\n","protected":false},"excerpt":{"rendered":"<p>LatePoint es un complemento de reserva y reserva de cita extremadamente s\u00f3lido dise\u00f1ado espec\u00edficamente para WordPress, proporcionando una facilidad incomparable en el proceso de programaci\u00f3n de citas para su negocio. Ofreciendo una interfaz f\u00e1cil de usar, este notable complemento le otorga la capacidad de adaptar sin esfuerzo su disponibilidad, configurar los formularios de reserva y supervisar efectivamente su horario, todo integrado sin problemas dentro de su tablero de WordPress. Adem\u00e1s, su marco intuitivamente dise\u00f1ado permite a los clientes reservar citas sin esfuerzo y administrar con competencia sus reservas. Adem\u00e1s, LatePoint cuenta con una extensa gama de complementos ventajosos, que van desde notificaciones de SMS hasta pasarelas de pago, solidificando as\u00ed su estado como la herramienta final para la gesti\u00f3n de citas y el catalizador para aumentar sustancialmente la productividad de su negocio.<\/p>\n","protected":false},"featured_media":166570,"comment_status":"open","ping_status":"open","template":"","meta":[],"product_brand":[2339],"product_cat":[1214,1206,1211],"product_tag":[1256],"class_list":{"0":"post-110250","1":"product","2":"type-product","3":"status-publish","4":"has-post-thumbnail","6":"product_brand-codecanyon","7":"product_cat-personalizacion","8":"product_cat-plugins","9":"product_cat-wordpress-plugins","10":"product_tag-codecanyon","11":"member-discount","12":"discount-restricted","14":"first","15":"instock","16":"sale","17":"downloadable","18":"virtual","19":"sold-individually","20":"purchasable","21":"product-type-simple"},"_links":{"self":[{"href":"https:\/\/gpl-love.com\/es\/wp-json\/wp\/v2\/product\/110250","targetHints":{"allow":["GET"]}}],"collection":[{"href":"https:\/\/gpl-love.com\/es\/wp-json\/wp\/v2\/product"}],"about":[{"href":"https:\/\/gpl-love.com\/es\/wp-json\/wp\/v2\/types\/product"}],"replies":[{"embeddable":true,"href":"https:\/\/gpl-love.com\/es\/wp-json\/wp\/v2\/comments?post=110250"}],"wp:featuredmedia":[{"embeddable":true,"href":"https:\/\/gpl-love.com\/es\/wp-json\/wp\/v2\/media\/166570"}],"wp:attachment":[{"href":"https:\/\/gpl-love.com\/es\/wp-json\/wp\/v2\/media?parent=110250"}],"wp:term":[{"taxonomy":"product_brand","embeddable":true,"href":"https:\/\/gpl-love.com\/es\/wp-json\/wp\/v2\/product_brand?post=110250"},{"taxonomy":"product_cat","embeddable":true,"href":"https:\/\/gpl-love.com\/es\/wp-json\/wp\/v2\/product_cat?post=110250"},{"taxonomy":"product_tag","embeddable":true,"href":"https:\/\/gpl-love.com\/es\/wp-json\/wp\/v2\/product_tag?post=110250"}],"curies":[{"name":"wp","href":"https:\/\/api.w.org\/{rel}","templated":true}]}}