{"id":110248,"date":"2026-01-10T00:00:00","date_gmt":"2026-01-10T05:00:00","guid":{"rendered":"http:\/\/gpl-love.com\/es\/producto\/jupiter-x-multipurpose-responsive-theme\/"},"modified":"2026-03-13T17:23:02","modified_gmt":"2026-03-13T22:23:02","slug":"jupiter-x-multipurpose-responsive-theme","status":"publish","type":"product","link":"https:\/\/gpl-love.com\/es\/producto\/jupiter-x-multipurpose-responsive-theme\/","title":{"rendered":"Jupiter X Multi Purpose Theme 4.14.1"},"content":{"rendered":"<h3>Jupiter X Multi Purpose Theme Caracteristicas<\/h3>\n<p>J\u00fapiter X, un tema de WordPress altamente vers\u00e1til y multifac\u00e9tico, ha sido meticulosamente elaborado para satisfacer las diversas necesidades de todos los g\u00e9neros del sitio web. Con una variedad de atributos excepcionales, este tema est\u00e1 listo para dejar una impresi\u00f3n duradera en los usuarios. Equipado con un constructor de p\u00e1ginas de arrastrar y soltar intuitivo, la capacidad de personalizar encabezados y pies de p\u00e1gina, una colecci\u00f3n de plantillas preconstruidas y una amplia gama de potentes opciones de personalizaci\u00f3n, J\u00fapiter X empodera inequ\u00edvocamente a los usuarios para crear sitios web impresionantes. Con su dise\u00f1o contempor\u00e1neo y elegante, este tema surge como la elecci\u00f3n por excelencia para las personas que buscan crear plataformas en l\u00ednea visualmente llamativas para diversos fines, como empresas, agencias, tiendas en l\u00ednea, carteras y m\u00e1s. Sorprendentemente, independientemente de si uno es un ne\u00f3fito o un desarrollador experimentado, J\u00fapiter X brilla indudablemente como una selecci\u00f3n ejemplar que constantemente ofrece resultados notables.<\/p>\n<ul>\n<li>Un tema de WordPress vers\u00e1til y personalizable adecuado para una amplia gama de sitios web<\/li>\n<li>F\u00e1cil de usar con una interfaz f\u00e1cil de usar y controles intuitivos<\/li>\n<li>Incluye una variedad de plantillas preconstruidas y sitios de demostraci\u00f3n para impulsar su dise\u00f1o<\/li>\n<li>Opciones personalizables de encabezado y pie de p\u00e1gina para que coincidan con la est\u00e9tica de su marca<\/li>\n<li>Construido con Elementor Page Builder para crear dise\u00f1os visuales impresionantes sin codificar<\/li>\n<li>Incluye una variedad de complementos premium, que incluyen lutagine y jetpopup, para una funcionalidad mejorada<\/li>\n<li>Optimizado para SEO y velocidad de carga de p\u00e1gina r\u00e1pida para una mejor experiencia de usuario y clasificaci\u00f3n de motores de b\u00fasqueda<\/li>\n<li>Dise\u00f1o totalmente receptivo que se ve muy bien en cualquier dispositivo, incluidos escritorios, tabletas y tel\u00e9fonos m\u00f3viles<\/li>\n<li>Actualizaciones regulares y soporte dedicado para mantener su sitio web funcionando sin problemas y actualizados con las \u00faltimas funciones<\/li>\n<\/ul>\n","protected":false},"excerpt":{"rendered":"<p>El tema Jupiter X Multi Prop\u00f3sito, que es una herramienta incre\u00edblemente vers\u00e1til y poderosa, sirve como un medio excepcional para elaborar sitios web visualmente cautivadores. Con una vasta colecci\u00f3n de m\u00e1s de 150 plantillas preconstruidas y una extensa gama de opciones de personalizaci\u00f3n, este tema permite a los usuarios construir sin esfuerzo un sitio web que se alinee inmaculadamente con su marca y visi\u00f3n art\u00edstica. Adem\u00e1s, este tema es totalmente receptivo y meticulosamente optimizado para garantizar velocidades de carga expeditos, garantizando as\u00ed una experiencia de usuario perfecta y gratificante en varios dispositivos. Adem\u00e1s de estos atributos notables, el tema multiprop\u00f3sito J\u00fapiter X ofrece una gran cantidad de caracter\u00edsticas avanzadas, que incluyen animaciones din\u00e1micas, la capacidad de personalizar los encabezados y los pies de pie, e integraci\u00f3n perfecta con complementos eminentes como WooCommerce y Elementor. Independientemente de si uno tiene la intenci\u00f3n de establecer un blog personal, una plataforma de comercio electr\u00f3nico o un sitio web corporativo, el tema multiprop\u00f3sito J\u00fapiter X sin duda se erige como la soluci\u00f3n por excelencia para transformar las aspiraciones creativas en realidad tangible.<\/p>\n","protected":false},"featured_media":166533,"comment_status":"open","ping_status":"open","template":"","meta":[],"product_brand":[2337],"product_cat":[1239,1237,1238],"product_tag":[1391],"class_list":{"0":"post-110248","1":"product","2":"type-product","3":"status-publish","4":"has-post-thumbnail","6":"product_brand-themeforest","7":"product_cat-de-multiples-fines","8":"product_cat-temas","9":"product_cat-wordpress-temas","10":"product_tag-themeforest","11":"member-discount","12":"discount-restricted","14":"first","15":"instock","16":"sale","17":"downloadable","18":"virtual","19":"sold-individually","20":"purchasable","21":"product-type-simple"},"_links":{"self":[{"href":"https:\/\/gpl-love.com\/es\/wp-json\/wp\/v2\/product\/110248","targetHints":{"allow":["GET"]}}],"collection":[{"href":"https:\/\/gpl-love.com\/es\/wp-json\/wp\/v2\/product"}],"about":[{"href":"https:\/\/gpl-love.com\/es\/wp-json\/wp\/v2\/types\/product"}],"replies":[{"embeddable":true,"href":"https:\/\/gpl-love.com\/es\/wp-json\/wp\/v2\/comments?post=110248"}],"wp:featuredmedia":[{"embeddable":true,"href":"https:\/\/gpl-love.com\/es\/wp-json\/wp\/v2\/media\/166533"}],"wp:attachment":[{"href":"https:\/\/gpl-love.com\/es\/wp-json\/wp\/v2\/media?parent=110248"}],"wp:term":[{"taxonomy":"product_brand","embeddable":true,"href":"https:\/\/gpl-love.com\/es\/wp-json\/wp\/v2\/product_brand?post=110248"},{"taxonomy":"product_cat","embeddable":true,"href":"https:\/\/gpl-love.com\/es\/wp-json\/wp\/v2\/product_cat?post=110248"},{"taxonomy":"product_tag","embeddable":true,"href":"https:\/\/gpl-love.com\/es\/wp-json\/wp\/v2\/product_tag?post=110248"}],"curies":[{"name":"wp","href":"https:\/\/api.w.org\/{rel}","templated":true}]}}