{"id":110246,"date":"2022-03-04T00:00:00","date_gmt":"2022-03-04T05:00:00","guid":{"rendered":"http:\/\/gpl-love.com\/es\/producto\/gappointments-appointment-booking-addon-for-gravity-forms\/"},"modified":"2026-03-09T07:37:10","modified_gmt":"2026-03-09T12:37:10","slug":"gappointments-appointment-booking-addon-for-gravity-forms","status":"publish","type":"product","link":"https:\/\/gpl-love.com\/es\/producto\/gappointments-appointment-booking-addon-for-gravity-forms\/","title":{"rendered":"gAppointments Appointment booking addon para Gravity Forms 1.9.7"},"content":{"rendered":"<h3>gAppointments Appointment booking addon para Gravity Forms Caracteristicas<\/h3>\n<p>Gaplaintments, un complemento de reserva de citas ingeniosas espec\u00edficamente dise\u00f1adas para formularios de gravedad, presenta una soluci\u00f3n perfecta para empresas y profesionales que buscan manejar sin esfuerzo citas y reservas en su sitio web de WordPress. Con las capacidades incomparables de las gelateros, los usuarios tienen el poder de inventar meticulosamente los formularios a medida para sus estimados servicios, establecer una disponibilidad y duraci\u00f3n de citas precisas, y sincronizar sin problemas su calendario con el ubicuo calendario de Google. Adem\u00e1s, este complemento fenomenal cuenta con una variedad de caracter\u00edsticas avanzadas, que incluyen, entre otros, notificaciones de correo electr\u00f3nico, recordatorios y la capacidad de convertir sin esfuerzo las zonas horarias. Al optimizar y racionalizar el laborioso proceso de reserva de citas, los gelatos surgen como una herramienta poderosa capaz de emancipar no solo un tiempo valioso para las empresas, sino tambi\u00e9n aumentar su eficiencia operativa general, en consecuencia reforzar su prosperidad financiera.<\/p>\n<ul>\n<li>Integre perfectamente la reserva de citas en formularios de gravedad<\/li>\n<li>Personalizar la apariencia y la funcionalidad de su formulario de reserva de citas<\/li>\n<li>Cree m\u00faltiples tipos de citas con su propia disponibilidad y precios<\/li>\n<li>Administrar citas a trav\u00e9s de un tablero intuitivo<\/li>\n<li>Enviar autom\u00e1ticamente los correos electr\u00f3nicos de confirmaci\u00f3n y recordatorio a los clientes<\/li>\n<li>Citas de sincronizaci\u00f3n con Google Calendar o Outlook<\/li>\n<li>Acepte los pagos a trav\u00e9s de PayPal o Stripe<\/li>\n<li>Instalaci\u00f3n y configuraci\u00f3n f\u00e1ciles sin codificaci\u00f3n requerida<\/li>\n<li>Atenci\u00f3n al cliente 24\/7 para la resoluci\u00f3n de problemas y asistencia<\/li>\n<\/ul>\n","protected":false},"excerpt":{"rendered":"<p>Los gelatos, un complemento de reserva de citas muy robusto y eficiente creado espec\u00edficamente para formularios de gravedad, empodera a las empresas al permitirles organizar citas sin esfuerzo con sus valiosos clientes. Al utilizar los descongelaci\u00f3n, a los clientes se les otorga la comodidad de seleccionar la fecha y la hora deseados, mientras que las empresas pueden administrar de manera efectiva y eficiente sus horarios, todo mientras env\u00edan correos electr\u00f3nicos de confirmaci\u00f3n sin esfuerzo. Adem\u00e1s, la integraci\u00f3n de los gelatos con formas de gravedad simplifica la personalizaci\u00f3n de los formularios de citas, facilitando la adici\u00f3n de campos novedosos e integraci\u00f3n perfecta con una gran cantidad de servicios de terceros. Este complemento excepcional y superior ha sido dise\u00f1ado meticulosamente para empresas con visi\u00f3n de futuro que buscan optimizar y optimizar su proceso de reserva de citas, ofreciendo as\u00ed una experiencia de cliente incomparable e impecable.<\/p>\n","protected":false},"featured_media":166190,"comment_status":"open","ping_status":"open","template":"","meta":[],"product_brand":[2339],"product_cat":[1216,1206,1211],"product_tag":[1256],"class_list":{"0":"post-110246","1":"product","2":"type-product","3":"status-publish","4":"has-post-thumbnail","6":"product_brand-codecanyon","7":"product_cat-formas","8":"product_cat-plugins","9":"product_cat-wordpress-plugins","10":"product_tag-codecanyon","11":"member-discount","12":"discount-restricted","14":"first","15":"instock","16":"sale","17":"downloadable","18":"virtual","19":"sold-individually","20":"purchasable","21":"product-type-simple"},"_links":{"self":[{"href":"https:\/\/gpl-love.com\/es\/wp-json\/wp\/v2\/product\/110246","targetHints":{"allow":["GET"]}}],"collection":[{"href":"https:\/\/gpl-love.com\/es\/wp-json\/wp\/v2\/product"}],"about":[{"href":"https:\/\/gpl-love.com\/es\/wp-json\/wp\/v2\/types\/product"}],"replies":[{"embeddable":true,"href":"https:\/\/gpl-love.com\/es\/wp-json\/wp\/v2\/comments?post=110246"}],"wp:featuredmedia":[{"embeddable":true,"href":"https:\/\/gpl-love.com\/es\/wp-json\/wp\/v2\/media\/166190"}],"wp:attachment":[{"href":"https:\/\/gpl-love.com\/es\/wp-json\/wp\/v2\/media?parent=110246"}],"wp:term":[{"taxonomy":"product_brand","embeddable":true,"href":"https:\/\/gpl-love.com\/es\/wp-json\/wp\/v2\/product_brand?post=110246"},{"taxonomy":"product_cat","embeddable":true,"href":"https:\/\/gpl-love.com\/es\/wp-json\/wp\/v2\/product_cat?post=110246"},{"taxonomy":"product_tag","embeddable":true,"href":"https:\/\/gpl-love.com\/es\/wp-json\/wp\/v2\/product_tag?post=110246"}],"curies":[{"name":"wp","href":"https:\/\/api.w.org\/{rel}","templated":true}]}}