{"id":110142,"date":"2026-04-08T00:00:00","date_gmt":"2026-04-08T05:00:00","guid":{"rendered":"http:\/\/gpl-love.com\/es\/producto\/jet-appointment-for-elementor\/"},"modified":"2026-04-08T17:15:39","modified_gmt":"2026-04-08T22:15:39","slug":"jet-appointment-for-elementor","status":"publish","type":"product","link":"https:\/\/gpl-love.com\/es\/producto\/jet-appointment-for-elementor\/","title":{"rendered":"Jet Appointment 2.4.1"},"content":{"rendered":"<h3>Jet Appointment Caracteristicas<\/h3>\n<p>Jet Cita para Elementor es un complemento incre\u00edblemente robusto que ha sido dise\u00f1ado espec\u00edficamente para proporcionar a las empresas y a las personas un medio sin esfuerzo para administrar citas y reservas directamente en su sitio web. Al aprovechar el poder de este complemento, los usuarios pueden generar formularios de citas personalizados e integrarlos sin problemas en su sitio web impulsado por el elemento. Lo que distingue a la cita de jet aparte de sus competidores es su amplia gama de caracter\u00edsticas, que incluye la capacidad de establecer opciones de programaci\u00f3n y disponibilidad flexibles, la personalizaci\u00f3n de campos y etiquetas, el env\u00edo autom\u00e1tico de notificaciones por correo electr\u00f3nico e integraci\u00f3n con varias pasarelas de pago populares. Independientemente de si usted es el propietario de un sal\u00f3n, una pr\u00e1ctica m\u00e9dica o cualquier otro tipo de negocio que requiera la utilizaci\u00f3n de la programaci\u00f3n de citas, la cita de jet para Elementor se presenta inequ\u00edvocamente como la soluci\u00f3n ideal para optimizar y refinar su proceso de reserva mientras aumenta simult\u00e1neamente Niveles de satisfacci\u00f3n del cliente.<\/p>\n<ul>\n<li>Permite una programaci\u00f3n f\u00e1cil de las citas a trav\u00e9s de su sitio web impulsado por elementos<\/li>\n<li>Viene con una interfaz f\u00e1cil de usar que es f\u00e1cil de navegar<\/li>\n<li>Ofrece una gama de opciones de personalizaci\u00f3n para ayudarlo a colocar la funci\u00f3n de programaci\u00f3n de citas sin problemas en su sitio web<\/li>\n<li>Admite m\u00faltiples tipos de citas y categor\u00edas para ayudarlo a administrar diferentes tipos de reservas<\/li>\n<li>Se integra con Google Calendar, proporcionando f\u00e1cil acceso a su horario y mejorando la accesibilidad del sistema de programaci\u00f3n para sus clientes<\/li>\n<li>Permite el procesamiento de pago directo para las citas, por lo que es una herramienta conveniente para monetizar sus servicios<\/li>\n<li>Ofrece notificaciones por correo electr\u00f3nico para citas, por lo que sus clientes siempre est\u00e1n al d\u00eda con sus citas<\/li>\n<li>Viene con una amplia documentaci\u00f3n para ayudarlo a comenzar r\u00e1pidamente, incluso si no est\u00e1 familiarizado con Elementor.<\/li>\n<\/ul>\n","protected":false},"excerpt":{"rendered":"<p>Jet Cita para Elementor es un complemento de WordPress extremadamente robusto e incre\u00edblemente f\u00e1cil de usar que le otorga la capacidad de generar sin esfuerzo formularios de reserva de citas en su sitio web. Esta herramienta excepcionalmente \u00fatil le permite adaptar la apariencia y la funcionalidad de sus formularios de citas para alinearse sin problemas con su imagen de marca y satisfacer sus requisitos distintos. Alineando sin problemas con Elementor, este complemento supera las expectativas con una gran cantidad de caracter\u00edsticas avanzadas, como notificaciones por correo electr\u00f3nico, la capacidad de personalizar las ranuras de tiempo, la integraci\u00f3n sin esfuerzo con el calendario de Google y una mir\u00edada de otros atributos notables. Independientemente de si opera una peque\u00f1a empresa, trabaja como profesional independiente o representa una gran empresa, el cita de jet para Elementor es inequ\u00edvocamente el recurso final para optimizar su proceso de reserva de citas y mejorar la experiencia general del cliente.<\/p>\n","protected":false},"featured_media":166497,"comment_status":"open","ping_status":"closed","template":"","meta":[],"product_brand":[2480],"product_cat":[1214,1206,1211],"product_tag":[2276],"class_list":{"0":"post-110142","1":"product","2":"type-product","3":"status-publish","4":"has-post-thumbnail","6":"product_brand-crocoblock","7":"product_cat-personalizacion","8":"product_cat-plugins","9":"product_cat-wordpress-plugins","10":"product_tag-crocoblock","11":"member-discount","12":"discount-restricted","14":"first","15":"instock","16":"sale","17":"downloadable","18":"virtual","19":"sold-individually","20":"purchasable","21":"product-type-simple"},"_links":{"self":[{"href":"https:\/\/gpl-love.com\/es\/wp-json\/wp\/v2\/product\/110142","targetHints":{"allow":["GET"]}}],"collection":[{"href":"https:\/\/gpl-love.com\/es\/wp-json\/wp\/v2\/product"}],"about":[{"href":"https:\/\/gpl-love.com\/es\/wp-json\/wp\/v2\/types\/product"}],"replies":[{"embeddable":true,"href":"https:\/\/gpl-love.com\/es\/wp-json\/wp\/v2\/comments?post=110142"}],"wp:featuredmedia":[{"embeddable":true,"href":"https:\/\/gpl-love.com\/es\/wp-json\/wp\/v2\/media\/166497"}],"wp:attachment":[{"href":"https:\/\/gpl-love.com\/es\/wp-json\/wp\/v2\/media?parent=110142"}],"wp:term":[{"taxonomy":"product_brand","embeddable":true,"href":"https:\/\/gpl-love.com\/es\/wp-json\/wp\/v2\/product_brand?post=110142"},{"taxonomy":"product_cat","embeddable":true,"href":"https:\/\/gpl-love.com\/es\/wp-json\/wp\/v2\/product_cat?post=110142"},{"taxonomy":"product_tag","embeddable":true,"href":"https:\/\/gpl-love.com\/es\/wp-json\/wp\/v2\/product_tag?post=110142"}],"curies":[{"name":"wp","href":"https:\/\/api.w.org\/{rel}","templated":true}]}}