{"id":110138,"date":"2026-03-02T00:00:00","date_gmt":"2026-03-02T05:00:00","guid":{"rendered":"http:\/\/gpl-love.com\/es\/producto\/bookly-appointment-booking-and-scheduling-software-system-pro-addon\/"},"modified":"2026-03-09T07:21:32","modified_gmt":"2026-03-09T12:21:32","slug":"bookly-appointment-booking-and-scheduling-software-system-pro-addon","status":"publish","type":"product","link":"https:\/\/gpl-love.com\/es\/producto\/bookly-appointment-booking-and-scheduling-software-system-pro-addon\/","title":{"rendered":"Bookly Pro Appointment Booking y Scheduling Software System 9.8"},"content":{"rendered":"<h3>Bookly Pro Appointment Booking y Scheduling Software System Caracteristicas<\/h3>\n<p>El sistema de software de reserva y programaci\u00f3n de citas Bookly Pro presenta una soluci\u00f3n integral y abarcadora que tiene como objetivo optimizar y optimizar sus procesos de reserva y programaci\u00f3n de citas. Este sistema de software notablemente robusto le capacita la capacidad de administrar sin esfuerzo y eficientemente sus citas y servicios, al tiempo que le permite establecer y coordinar los horarios del personal con la mayor facilidad. Adem\u00e1s, Bookly Pro facilita la automatizaci\u00f3n de notificaciones de recordatorio a sus valiosos clientes, asegurando que sigan siendo informados y actualizados. Con una interfaz f\u00e1cil de usar y una variedad de opciones personalizables, Bookly Pro permite efectivamente la creaci\u00f3n de una experiencia de reserva cohesiva sin problemas para sus estimados clientes. Adem\u00e1s, el sistema de software se integra sin esfuerzo con su sitio web preexistente o varios canales de redes sociales, amplificando as\u00ed su accesibilidad y flexibilidad a niveles sin precedentes. Independientemente de si usted es el supervisor de un negocio a peque\u00f1a escala o una empresa en expansi\u00f3n, Bookly Pro emerge como la soluci\u00f3n por excelencia que simplifica y mejora de manera efectiva las necesidades de reserva y programaci\u00f3n de sus citas.<\/p>\n<ul>\n<li>Proceso de reserva de citas simplificado para empresas<\/li>\n<li>Formulario de reserva personalizable para clientes<\/li>\n<li>Capacidad para sincronizar citas con Google Calendar e Icical<\/li>\n<li>Opci\u00f3n para que los clientes reserven citas recurrentes<\/li>\n<li>Recordatorios automatizados por correo electr\u00f3nico y SMS para citas<\/li>\n<li>Opci\u00f3n de aceptar pagos en l\u00ednea para citas<\/li>\n<li>Admite m\u00faltiples personal y ubicaciones para empresas<\/li>\n<li>Informes detallados y an\u00e1lisis sobre datos de citas<\/li>\n<li>Cumplimiento de GDPR para la privacidad de datos del cliente<\/li>\n<li>Integraci\u00f3n con WooCommerce y MailChimp para una funcionalidad ampliada.<\/li>\n<\/ul>\n","protected":false},"excerpt":{"rendered":"<p>Experimente la eficiencia y la flexibilidad en su m\u00e1xima expresi\u00f3n con el sistema de software de reserva y programaci\u00f3n de citas Bookly Pro. Esta herramienta est\u00e1 dise\u00f1ada para optimizar sus operaciones comerciales con su funci\u00f3n de programaci\u00f3n automatizada, reducir el trabajo manual y ahorrarle un tiempo precioso. Nunca vuelva a perder una cita, ya que ofrece un sistema de reserva confiable, lo que permite a sus clientes programar citas directamente desde su sitio web. El software es f\u00e1cil de usar y personalizable, lo que le permite alinearlo con la imagen de su marca sin problemas. Adem\u00e1s, con sus s\u00f3lidas caracter\u00edsticas de informes y an\u00e1lisis, puede rastrear y optimizar sus operaciones para obtener la m\u00e1xima productividad. El sistema Bookly Pro tambi\u00e9n admite m\u00faltiples idiomas y monedas, lo que lo hace perfecto para las empresas globales. Actualice sus operaciones comerciales hoy con el sistema de software de reserva y programaci\u00f3n de citas Bookly Pro.<\/p>\n","protected":false},"featured_media":165526,"comment_status":"open","ping_status":"closed","template":"","meta":[],"product_brand":[2339],"product_cat":[1214,1206,1211],"product_tag":[1256],"class_list":{"0":"post-110138","1":"product","2":"type-product","3":"status-publish","4":"has-post-thumbnail","6":"product_brand-codecanyon","7":"product_cat-personalizacion","8":"product_cat-plugins","9":"product_cat-wordpress-plugins","10":"product_tag-codecanyon","11":"member-discount","12":"discount-restricted","14":"first","15":"instock","16":"sale","17":"downloadable","18":"virtual","19":"sold-individually","20":"purchasable","21":"product-type-simple"},"_links":{"self":[{"href":"https:\/\/gpl-love.com\/es\/wp-json\/wp\/v2\/product\/110138","targetHints":{"allow":["GET"]}}],"collection":[{"href":"https:\/\/gpl-love.com\/es\/wp-json\/wp\/v2\/product"}],"about":[{"href":"https:\/\/gpl-love.com\/es\/wp-json\/wp\/v2\/types\/product"}],"replies":[{"embeddable":true,"href":"https:\/\/gpl-love.com\/es\/wp-json\/wp\/v2\/comments?post=110138"}],"wp:featuredmedia":[{"embeddable":true,"href":"https:\/\/gpl-love.com\/es\/wp-json\/wp\/v2\/media\/165526"}],"wp:attachment":[{"href":"https:\/\/gpl-love.com\/es\/wp-json\/wp\/v2\/media?parent=110138"}],"wp:term":[{"taxonomy":"product_brand","embeddable":true,"href":"https:\/\/gpl-love.com\/es\/wp-json\/wp\/v2\/product_brand?post=110138"},{"taxonomy":"product_cat","embeddable":true,"href":"https:\/\/gpl-love.com\/es\/wp-json\/wp\/v2\/product_cat?post=110138"},{"taxonomy":"product_tag","embeddable":true,"href":"https:\/\/gpl-love.com\/es\/wp-json\/wp\/v2\/product_tag?post=110138"}],"curies":[{"name":"wp","href":"https:\/\/api.w.org\/{rel}","templated":true}]}}