{"id":110110,"date":"2026-03-02T00:00:00","date_gmt":"2026-03-02T05:00:00","guid":{"rendered":"http:\/\/gpl-love.com\/es\/producto\/layerslider-responsive-wordpress-slider-plugin\/"},"modified":"2026-03-09T07:45:53","modified_gmt":"2026-03-09T12:45:53","slug":"layerslider-responsive-wordpress-slider-plugin","status":"publish","type":"product","link":"https:\/\/gpl-love.com\/es\/producto\/layerslider-responsive-wordpress-slider-plugin\/","title":{"rendered":"LayerSlider Responsive WordPress Slider Plugin 8.2.0"},"content":{"rendered":"<h3>LayerSlider Responsive WordPress Slider Plugin Caracteristicas<\/h3>\n<p>El complemento Slider de WordPress receptivo de capas es una herramienta incre\u00edblemente robusta y poderosa que le permite dise\u00f1ar y construir sin esfuerzo deslizadores visualmente impresionantes y din\u00e1micos para su sitio web de WordPress. Equipado con una amplia gama de caracter\u00edsticas y una gran cantidad de opciones de personalizaci\u00f3n, este notable complemento le otorga la capacidad de fabricar sin esfuerzo presentaci\u00f3n y cautivadoras presentaciones de diapositivas que incorporan una amalgamaci\u00f3n de texto, im\u00e1genes, videos y animaciones. Adem\u00e1s, este complemento excepcional cuenta con una multitud de plantillas y transiciones predise\u00f1adas que se pueden adaptar para cumplir con sus requisitos \u00fanicos. CapeSlider tambi\u00e9n facilita la integraci\u00f3n perfecta con innumerables complementos estimados de WordPress y funciona sin problemas en todos los navegadores y dispositivos de uso com\u00fan. Independientemente de si est\u00e1 en el proceso de desarrollar un blog personal, una plataforma de comercio electr\u00f3nico o un sitio web corporativo, puede estar seguro de que CapeSlider es la soluci\u00f3n perfecta para ayudarlo a generar una experiencia visual excepcionalmente profesional e impresionante que cautivar\u00e1 y cautivar a su estimada audiencia.<\/p>\n<ul>\n<li>Crea deslizadores impresionantes, animados y receptivos para su sitio web de WordPress<\/li>\n<li>Ofrece m\u00e1s de 200 plantillas de diapositivas predise\u00f1adas y animaciones<\/li>\n<li>Interfaz de arrastrar y soltar para una creaci\u00f3n de control deslizante f\u00e1cil y r\u00e1pido<\/li>\n<li>Capacidad para agregar contenido multimedia como im\u00e1genes, videos y archivos de audio al control deslizante<\/li>\n<li>Opciones de animaci\u00f3n avanzada que incluyen control total de la duraci\u00f3n de la diapositiva, el retraso y los efectos de transici\u00f3n<\/li>\n<li>SEO amigable y compatible con navegadores populares y dispositivos m\u00f3viles<\/li>\n<li>Proporciona documentaci\u00f3n detallada y atenci\u00f3n al cliente 24\/7<\/li>\n<li>Actualizaciones regulares y correcciones de errores para garantizar un rendimiento \u00f3ptimo<\/li>\n<li>Admite la integraci\u00f3n con complementos de terceros como WooCommerce y WPML.<\/li>\n<\/ul>\n","protected":false},"excerpt":{"rendered":"<p>El complemento Slider de WordPress receptivo de capas es una herramienta extremadamente poderosa que permite la creaci\u00f3n de controles deslizantes visualmente llamativos que han sido optimizados para una multitud de dispositivos, variables tama\u00f1os de pantalla y diferentes tipos de navegadores. Su interfaz f\u00e1cil de usar permite la adici\u00f3n sin esfuerzo de im\u00e1genes, videos y varios otros elementos multimedia para estos controles deslizantes. Adem\u00e1s, las opciones de personalizaci\u00f3n son abundantes, desde una selecci\u00f3n diversa de efectos hasta animaciones cautivadoras y transiciones perfectas. Independientemente de si uno est\u00e1 construyendo una cartera, exhibiendo sus \u00faltimos productos o desarrollando una presentaci\u00f3n de diapositivas de la p\u00e1gina de inicio, CapeerSlider ofrece una gama integral de caracter\u00edsticas que est\u00e1n garantizadas para elevar la calidad del contenido y cautivar su audiencia prevista. Adem\u00e1s, el dise\u00f1o receptivo del complemento asegura que estos controles deslizantes parezcan visualmente atractivos en una amplia gama de dispositivos, que abarcan tanto las computadoras de escritorio como los dispositivos port\u00e1tiles, como tel\u00e9fonos inteligentes y tabletas.<\/p>\n","protected":false},"featured_media":166572,"comment_status":"open","ping_status":"closed","template":"","meta":[],"product_brand":[2482],"product_cat":[1214,1206,1211],"product_tag":[1516],"class_list":{"0":"post-110110","1":"product","2":"type-product","3":"status-publish","4":"has-post-thumbnail","6":"product_brand-kreatura","7":"product_cat-personalizacion","8":"product_cat-plugins","9":"product_cat-wordpress-plugins","10":"product_tag-kreatura","11":"member-discount","12":"discount-restricted","14":"first","15":"instock","16":"sale","17":"downloadable","18":"virtual","19":"sold-individually","20":"purchasable","21":"product-type-simple"},"_links":{"self":[{"href":"https:\/\/gpl-love.com\/es\/wp-json\/wp\/v2\/product\/110110","targetHints":{"allow":["GET"]}}],"collection":[{"href":"https:\/\/gpl-love.com\/es\/wp-json\/wp\/v2\/product"}],"about":[{"href":"https:\/\/gpl-love.com\/es\/wp-json\/wp\/v2\/types\/product"}],"replies":[{"embeddable":true,"href":"https:\/\/gpl-love.com\/es\/wp-json\/wp\/v2\/comments?post=110110"}],"wp:featuredmedia":[{"embeddable":true,"href":"https:\/\/gpl-love.com\/es\/wp-json\/wp\/v2\/media\/166572"}],"wp:attachment":[{"href":"https:\/\/gpl-love.com\/es\/wp-json\/wp\/v2\/media?parent=110110"}],"wp:term":[{"taxonomy":"product_brand","embeddable":true,"href":"https:\/\/gpl-love.com\/es\/wp-json\/wp\/v2\/product_brand?post=110110"},{"taxonomy":"product_cat","embeddable":true,"href":"https:\/\/gpl-love.com\/es\/wp-json\/wp\/v2\/product_cat?post=110110"},{"taxonomy":"product_tag","embeddable":true,"href":"https:\/\/gpl-love.com\/es\/wp-json\/wp\/v2\/product_tag?post=110110"}],"curies":[{"name":"wp","href":"https:\/\/api.w.org\/{rel}","templated":true}]}}