{"id":110108,"date":"2026-03-13T00:00:00","date_gmt":"2026-03-13T05:00:00","guid":{"rendered":"http:\/\/gpl-love.com\/es\/producto\/divilife-divi-mega-pro\/"},"modified":"2026-03-13T11:15:30","modified_gmt":"2026-03-13T16:15:30","slug":"divilife-divi-mega-pro","status":"publish","type":"product","link":"https:\/\/gpl-love.com\/es\/producto\/divilife-divi-mega-pro\/","title":{"rendered":"DiviLife Divi Mega Pro 1.9.8.9"},"content":{"rendered":"<h3>DiviLife Divi Mega Pro Caracteristicas<\/h3>\n<p>Divilife&#8217;s Divi Mega Pro es un complemento extremadamente robusto y multifac\u00e9tico que mejora significativamente la funcionalidad del tema Divi ampliamente aclamado para WordPress. Con un extenso repertorio de m\u00e1s de 50 m\u00f3dulos y una asombrosa cantidad de 200 plantillas predeterminadas meticulosamente elaboradas, esta notable herramienta faculta a los usuarios a los sitios web impresionantes sin esfuerzo repletos de caracter\u00edsticas de van galer\u00edas. La interfaz de arrastrar y soltar notablemente f\u00e1cil de usar facilita la personalizaci\u00f3n perfecta, mientras que el dise\u00f1o receptivo meticulosamente dise\u00f1ado garantiza un atractivo visual \u00f3ptimo en todo tipo de dispositivos. Independientemente de si eres un ne\u00f3fito o un desarrollador experimentado, Divi Mega Pro simplemente se ubica entre el arsenal por excelencia para crear sitios web de grado profesional sin esfuerzo.<\/p>\n<ul>\n<li>M\u00f3dulo Divi todo en uno y biblioteca de widgets<\/li>\n<li>M\u00e1s de 50 m\u00f3dulos y widgets dise\u00f1ados a medida para el tema Divi<\/li>\n<li>Dise\u00f1o modular que permite interminables opciones de personalizaci\u00f3n<\/li>\n<li>F\u00e1cil de instalar y usar<\/li>\n<li>Actualizado regularmente con nuevos m\u00f3dulos y widgets<\/li>\n<li>Se integra a la perfecci\u00f3n con Divi Builder<\/li>\n<li>Optimizado para la velocidad y el rendimiento<\/li>\n<li>Incluye una variedad de dise\u00f1os y demostraciones preconstruidas<\/li>\n<li>Documentaci\u00f3n y apoyo integrales incluidos<\/li>\n<li>Pago \u00fanico con actualizaciones y soporte de por vida<\/li>\n<li>No se requiere codificaci\u00f3n, adecuada para principiantes y usuarios avanzados.<\/li>\n<\/ul>\n","protected":false},"excerpt":{"rendered":"<p>\u00a1Experimente el siguiente nivel de dise\u00f1o de sitios web con DiviLife&#8217;s Divi Mega Pro! Esta notable herramienta le permite crear, dise\u00f1ar y personalizar mega men\u00fas y ventanas emergentes directamente dentro del Builder Divi. Maximice el potencial de su sitio web con nuestra amplia gama de caracter\u00edsticas. Divi Mega Pro ofrece una interfaz f\u00e1cil de usar, lo que lo facilita incluso para principiantes. Puede elegir entre nuestra amplia selecci\u00f3n de plantillas prefabricadas o crear su propio dise\u00f1o \u00fanico. Con Divi Mega Pro, puede incorporar im\u00e1genes, texto, video, m\u00f3dulos e incluso c\u00f3digos cortos. Adem\u00e1s, puede administrar f\u00e1cilmente sus desencadenantes en funci\u00f3n de las interacciones de los usuarios, como flotar, hacer clic o desplazar. Divi Mega Pro es totalmente receptivo, asegurando que su sitio web se vea perfecto en cualquier dispositivo. \u00a1Aumente su UX, aumente la participaci\u00f3n del usuario y transforme su sitio web con Divi Mega Pro!<\/p>\n","protected":false},"featured_media":165791,"comment_status":"open","ping_status":"open","template":"","meta":[],"product_brand":[2421],"product_cat":[1214,1206,1211],"product_tag":[2295],"class_list":{"0":"post-110108","1":"product","2":"type-product","3":"status-publish","4":"has-post-thumbnail","6":"product_brand-divi-life","7":"product_cat-personalizacion","8":"product_cat-plugins","9":"product_cat-wordpress-plugins","10":"product_tag-divi-life","11":"member-discount","12":"discount-restricted","14":"first","15":"instock","16":"sale","17":"downloadable","18":"virtual","19":"sold-individually","20":"purchasable","21":"product-type-simple"},"_links":{"self":[{"href":"https:\/\/gpl-love.com\/es\/wp-json\/wp\/v2\/product\/110108","targetHints":{"allow":["GET"]}}],"collection":[{"href":"https:\/\/gpl-love.com\/es\/wp-json\/wp\/v2\/product"}],"about":[{"href":"https:\/\/gpl-love.com\/es\/wp-json\/wp\/v2\/types\/product"}],"replies":[{"embeddable":true,"href":"https:\/\/gpl-love.com\/es\/wp-json\/wp\/v2\/comments?post=110108"}],"wp:featuredmedia":[{"embeddable":true,"href":"https:\/\/gpl-love.com\/es\/wp-json\/wp\/v2\/media\/165791"}],"wp:attachment":[{"href":"https:\/\/gpl-love.com\/es\/wp-json\/wp\/v2\/media?parent=110108"}],"wp:term":[{"taxonomy":"product_brand","embeddable":true,"href":"https:\/\/gpl-love.com\/es\/wp-json\/wp\/v2\/product_brand?post=110108"},{"taxonomy":"product_cat","embeddable":true,"href":"https:\/\/gpl-love.com\/es\/wp-json\/wp\/v2\/product_cat?post=110108"},{"taxonomy":"product_tag","embeddable":true,"href":"https:\/\/gpl-love.com\/es\/wp-json\/wp\/v2\/product_tag?post=110108"}],"curies":[{"name":"wp","href":"https:\/\/api.w.org\/{rel}","templated":true}]}}