{"id":110093,"date":"2026-04-18T00:00:00","date_gmt":"2026-04-18T05:00:00","guid":{"rendered":"http:\/\/gpl-love.com\/es\/producto\/formidable-forms-pro-wordpress-form-builder-plugin\/"},"modified":"2026-04-18T17:15:37","modified_gmt":"2026-04-18T22:15:37","slug":"formidable-forms-pro-wordpress-form-builder-plugin","status":"publish","type":"product","link":"https:\/\/gpl-love.com\/es\/producto\/formidable-forms-pro-wordpress-form-builder-plugin\/","title":{"rendered":"Formidable Forms Pro 6.3"},"content":{"rendered":"<h3>Formidable Forms Pro Caracteristicas<\/h3>\n<p>Formidable Forms Pro es un complemento de constructor de formulario altamente sofisticado y avanzado que brinda a los usuarios la oportunidad de crear formas personalizadas y personalizables sin esfuerzo para satisfacer las necesidades \u00fanicas de sus sitios web. Este complemento excepcional cuenta con una interfaz de arrastrar y soltar f\u00e1cilmente f\u00e1cilmente, lo que permite a los usuarios incorporar a la perfecci\u00f3n varios campos, implementar una l\u00f3gica condicional e incluso realizar c\u00e1lculos complejos dentro de sus formularios. Adem\u00e1s de estas caracter\u00edsticas excepcionales, Formidable Forms Pro ofrece una amplia gama de plantillas de formulario predise\u00f1adas que sirven como un excelente punto de partida para los usuarios, proporcion\u00e1ndoles la conveniencia de una base preparada. Alternativamente, los usuarios tambi\u00e9n tienen la opci\u00f3n de construir sus propios formularios desde cero, permitiendo el m\u00e1ximo control y personalizaci\u00f3n. Adem\u00e1s, los formularios formidables Pro se integra perfectamente con una extensa gama de servicios de terceros, lo que permite una colecci\u00f3n de pagos sin esfuerzo y una gesti\u00f3n eficiente de la correspondencia por correo electr\u00f3nico, entre otras funcionalidades esenciales. Es importante tener en cuenta que este complemento notable es totalmente receptivo y armoniosamente compatible con WordPress, estableci\u00e9ndose as\u00ed como una herramienta indispensable para las personas que buscan desarrollar formas de alta calidad y de nivel profesional para sus sitios web.<\/p>\n<ul>\n<li>Permite a los usuarios crear formularios complejos y personalizados r\u00e1pida y f\u00e1cilmente<\/li>\n<li>Ofrece opciones avanzadas de personalizaci\u00f3n de formularios que incluyen l\u00f3gica condicional, c\u00e1lculos e integraciones<\/li>\n<li>Incluye un generador de formularios de arrastrar y soltar con una interfaz f\u00e1cil de usar<\/li>\n<li>Proporciona m\u00e1s de 30 campos de formulario diferentes para elegir, incluidas las cargas de archivos, los botones de radio y los recolectores de fecha.<\/li>\n<li>Permite formularios de varias p\u00e1ginas con indicadores de barra de progreso<\/li>\n<li>Ofrece notificaciones de correo electr\u00f3nico personalizables y autorespondedores a usuarios y administradores<\/li>\n<li>Se integra con plataformas populares de marketing por correo electr\u00f3nico como MailChimp, Constant Contact y Aweber<\/li>\n<li>Proporciona env\u00edo de formulario seguro con protecci\u00f3n contra spam y cifrado SSL<\/li>\n<li>Ofrece plantillas preconstruidas para ayudar a los usuarios a comenzar con sus formularios r\u00e1pidamente<\/li>\n<li>Incluye caracter\u00edsticas s\u00f3lidas de informes y an\u00e1lisis para rastrear los datos de env\u00edo de formularios y medir el \u00e9xito<\/li>\n<\/ul>\n","protected":false},"excerpt":{"rendered":"<p>Formidable Forms Pro, un complemento de WordPress altamente robusto, sirve como una herramienta invaluable para la creaci\u00f3n y gesti\u00f3n competente de formularios avanzados en su sitio web. A trav\u00e9s de su constructor de arrastre y drogas f\u00e1ciles de usar, puede construir formas intrincadas sin esfuerzo repletas de campos personalizables, l\u00f3gica condicional y varias otras funcionalidades. Adem\u00e1s, este complemento cuenta con una gran cantidad de atributos avanzados, que incluyen formularios de varias p\u00e1ginas, capacidades de edici\u00f3n de front-end y una variedad de potentes an\u00e1lisis y herramientas de informes. Ya sea que sus requisitos conllevan un formulario de contacto b\u00e1sico o una encuesta sofisticada, Formidable Forms PRO lo equipa con todos los recursos necesarios para modernamente las formas de grado profesional a medida que se alinean impecablemente con sus especificaciones \u00fanicas.<\/p>\n","protected":false},"featured_media":166154,"comment_status":"open","ping_status":"open","template":"","meta":[],"product_brand":[2459],"product_cat":[1216,1206,1211],"product_tag":[1509],"class_list":{"0":"post-110093","1":"product","2":"type-product","3":"status-publish","4":"has-post-thumbnail","6":"product_brand-formidable","7":"product_cat-formas","8":"product_cat-plugins","9":"product_cat-wordpress-plugins","10":"product_tag-formidable","11":"member-discount","12":"discount-restricted","14":"first","15":"instock","16":"sale","17":"downloadable","18":"virtual","19":"sold-individually","20":"purchasable","21":"product-type-simple"},"_links":{"self":[{"href":"https:\/\/gpl-love.com\/es\/wp-json\/wp\/v2\/product\/110093","targetHints":{"allow":["GET"]}}],"collection":[{"href":"https:\/\/gpl-love.com\/es\/wp-json\/wp\/v2\/product"}],"about":[{"href":"https:\/\/gpl-love.com\/es\/wp-json\/wp\/v2\/types\/product"}],"replies":[{"embeddable":true,"href":"https:\/\/gpl-love.com\/es\/wp-json\/wp\/v2\/comments?post=110093"}],"wp:featuredmedia":[{"embeddable":true,"href":"https:\/\/gpl-love.com\/es\/wp-json\/wp\/v2\/media\/166154"}],"wp:attachment":[{"href":"https:\/\/gpl-love.com\/es\/wp-json\/wp\/v2\/media?parent=110093"}],"wp:term":[{"taxonomy":"product_brand","embeddable":true,"href":"https:\/\/gpl-love.com\/es\/wp-json\/wp\/v2\/product_brand?post=110093"},{"taxonomy":"product_cat","embeddable":true,"href":"https:\/\/gpl-love.com\/es\/wp-json\/wp\/v2\/product_cat?post=110093"},{"taxonomy":"product_tag","embeddable":true,"href":"https:\/\/gpl-love.com\/es\/wp-json\/wp\/v2\/product_tag?post=110093"}],"curies":[{"name":"wp","href":"https:\/\/api.w.org\/{rel}","templated":true}]}}