{"id":110091,"date":"2021-03-15T00:00:00","date_gmt":"2021-03-15T05:00:00","guid":{"rendered":"http:\/\/gpl-love.com\/es\/producto\/formidable-forms-paypal-standard\/"},"modified":"2026-03-09T07:36:10","modified_gmt":"2026-03-09T12:36:10","slug":"formidable-forms-paypal-standardss","status":"publish","type":"product","link":"https:\/\/gpl-love.com\/es\/producto\/formidable-forms-paypal-standardss\/","title":{"rendered":"Formidable Forms PayPal Standard 3.09"},"content":{"rendered":"<h3>Formidable Forms PayPal Standard Caracteristicas<\/h3>\n<p>Formidable Forms PayPal Standard es una soluci\u00f3n de pago en l\u00ednea excepcional y de vanguardia que ha sido dise\u00f1ada espec\u00edficamente para empresas y personas que poseen el deseo de adoptar el \u00e1mbito de aceptar pagos en la esfera digital. Este complemento impresionante se amalgama armoniosamente con la plataforma WordPress ampliamente celebrada para proporcionar a los usuarios un m\u00e9todo verdaderamente notable, f\u00e1cil de usar y altamente eficiente para crear y administrar sin esfuerzo los pagos. Al aprovechar el poder del est\u00e1ndar de PayPal, las personas ahora est\u00e1n equipadas con la capacidad de generar formas altamente personalizables que tienen la capacidad de cumplir una gran cantidad de fines, que van desde facilitar las \u00f3rdenes en l\u00ednea hasta aceptar las donaciones gentilmente e incluso procesar los pagos de suscripci\u00f3n sin problemas. Este producto sobresaliente cuenta con una variedad de caracter\u00edsticas excepcionales, que incluye un sistema de construcci\u00f3n de formulario de arrastre revolucionario e intuitivo, un mecanismo de procesamiento de pago altamente seguro, as\u00ed como notificaciones instant\u00e1neas que saludan agradablemente al usuario despu\u00e9s de la finalizaci\u00f3n exitosa de un pago. Adem\u00e1s, Formidable Forms PayPal Standard tambi\u00e9n ofrece una variedad de herramientas avanzadas de informes y an\u00e1lisis que garantizan que los usuarios tengan la capacidad incomparable de monitorear y evaluar meticulosamente el rendimiento general y el \u00e9xito de sus respectivos formularios y pagos. Al incorporar las habilidades formidables de formularios formidables PayPal Standard en su proceso de pago en l\u00ednea, ahora puede optimizar sin esfuerzo sus operaciones y impulsar efectivamente sus ingresos a alturas incomparables.<\/p>\n<ul>\n<li>Integraci\u00f3n con PayPal Standard Paying Guerdway<\/li>\n<li>Experiencia de pago sin problemas para los clientes<\/li>\n<li>Capacidad para configurar m\u00faltiples opciones de pago<\/li>\n<li>Proceso de configuraci\u00f3n y configuraci\u00f3n f\u00e1cil<\/li>\n<li>Opciones de personalizaci\u00f3n avanzada para formularios de pago<\/li>\n<li>Procesamiento de pago seguro con cifrado SSL<\/li>\n<li>Registro y seguimiento de transacciones autom\u00e1ticas<\/li>\n<li>Interfaz f\u00e1cil de usar para administrar datos de pago<\/li>\n<li>Compatible con todos los principales temas y complementos de WordPress<\/li>\n<li>Atenci\u00f3n al cliente confiable y receptivo<\/li>\n<\/ul>\n","protected":false},"excerpt":{"rendered":"<p>Formas formidables PayPal Standard ofrece una integraci\u00f3n perfecta de los pagos de PayPal en su sitio web de WordPress que funciona con formularios formidables. Al incorporar este complemento, obtiene la capacidad de crear formularios de pago personalizados sin esfuerzo y reunir sin esfuerzo los pagos para su variedad de productos, servicios o contribuciones caritativas. La versatilidad de esta caracter\u00edstica le permite adaptar su formulario de pago para satisfacer sus necesidades espec\u00edficas y aceptar eficientemente pagos recurrentes, todo el tiempo garantiza que sus actividades transaccionales se procesen de forma segura a trav\u00e9s de la plataforma confiable de PayPal. Esta integraci\u00f3n sirve como un activo indispensable para cualquier empresa u organizaci\u00f3n que busque optimizar sus procedimientos de pago y mejorar sus ganancias financieras.<\/p>\n","protected":false},"featured_media":166153,"comment_status":"open","ping_status":"closed","template":"","meta":[],"product_brand":[2459],"product_cat":[1216,1206,1211],"product_tag":[1509],"class_list":{"0":"post-110091","1":"product","2":"type-product","3":"status-publish","4":"has-post-thumbnail","6":"product_brand-formidable","7":"product_cat-formas","8":"product_cat-plugins","9":"product_cat-wordpress-plugins","10":"product_tag-formidable","11":"member-discount","12":"discount-restricted","14":"first","15":"instock","16":"sale","17":"downloadable","18":"virtual","19":"sold-individually","20":"purchasable","21":"product-type-simple"},"_links":{"self":[{"href":"https:\/\/gpl-love.com\/es\/wp-json\/wp\/v2\/product\/110091","targetHints":{"allow":["GET"]}}],"collection":[{"href":"https:\/\/gpl-love.com\/es\/wp-json\/wp\/v2\/product"}],"about":[{"href":"https:\/\/gpl-love.com\/es\/wp-json\/wp\/v2\/types\/product"}],"replies":[{"embeddable":true,"href":"https:\/\/gpl-love.com\/es\/wp-json\/wp\/v2\/comments?post=110091"}],"wp:featuredmedia":[{"embeddable":true,"href":"https:\/\/gpl-love.com\/es\/wp-json\/wp\/v2\/media\/166153"}],"wp:attachment":[{"href":"https:\/\/gpl-love.com\/es\/wp-json\/wp\/v2\/media?parent=110091"}],"wp:term":[{"taxonomy":"product_brand","embeddable":true,"href":"https:\/\/gpl-love.com\/es\/wp-json\/wp\/v2\/product_brand?post=110091"},{"taxonomy":"product_cat","embeddable":true,"href":"https:\/\/gpl-love.com\/es\/wp-json\/wp\/v2\/product_cat?post=110091"},{"taxonomy":"product_tag","embeddable":true,"href":"https:\/\/gpl-love.com\/es\/wp-json\/wp\/v2\/product_tag?post=110091"}],"curies":[{"name":"wp","href":"https:\/\/api.w.org\/{rel}","templated":true}]}}