{"id":110089,"date":"2024-08-22T00:00:00","date_gmt":"2024-08-22T05:00:00","guid":{"rendered":"http:\/\/gpl-love.com\/es\/producto\/formidable-forms-mailpoet-newsletters\/"},"modified":"2026-03-09T07:36:07","modified_gmt":"2026-03-09T12:36:07","slug":"formidable-forms-mailpoet-newsletters","status":"publish","type":"product","link":"https:\/\/gpl-love.com\/es\/producto\/formidable-forms-mailpoet-newsletters\/","title":{"rendered":"Formidable Forms MailPoet Newsletters 1.04"},"content":{"rendered":"<h3>Formidable Forms MailPoet Newsletters Caracteristicas<\/h3>\n<p>Formidable Forms Mailpoet Newsletters es una herramienta incre\u00edblemente robusta y rica en funciones que proporciona a los usuarios la capacidad de generar y dise\u00f1ar boletines visualmente atractivos sin esfuerzo. Al integrar sin problemas dos de los complementos de WordPress m\u00e1s utilizados, a saber, formularios formidables y Mailpoet, este complemento ofrece una experiencia de usuario incomparable y armoniosa. Con una interfaz f\u00e1cil de navegar e intuitiva, a los usuarios se les otorga la capacidad de crear y personalizar sin esfuerzo sus boletines en una mera cuesti\u00f3n de clics del mouse. Adem\u00e1s, el complemento tambi\u00e9n abarca una amplia gama de plantillas y opciones de dise\u00f1o que sirven para mejorar el encanto visual y el compromiso de los boletines producidos. Adem\u00e1s de sus capacidades de dise\u00f1o, el complemento adem\u00e1s otorga a los usuarios la capacidad de dirigirse de manera efectiva a suscriptores espec\u00edficos y monitorear meticulosamente el rendimiento de sus boletines a trav\u00e9s de la provisi\u00f3n de an\u00e1lisis integrales y detallados. En resumen, el complemento Formidable Forms Mailpoet Newsletters sirve como una opci\u00f3n excepcional y muy ventajosa tanto para las empresas como para las personas que aspiran a aumentar sus esfuerzos de divulgaci\u00f3n y cautivar con \u00e9xito a su audiencia prevista.<\/p>\n<ul>\n<li>Conecte los formularios formidables con conexi\u00f3n sin problemas a los boletines de Mailpoet<\/li>\n<li>Automatizar campa\u00f1as de marketing por correo electr\u00f3nico con facilidad<\/li>\n<li>Crear listas de correo espec\u00edficas basadas en las respuestas del usuario<\/li>\n<li>Personalizar correos electr\u00f3nicos con datos de usuario de formularios formidables<\/li>\n<li>Monitorear el \u00e9xito de la campa\u00f1a de correo electr\u00f3nico con el an\u00e1lisis detallado de Mailpoet<\/li>\n<li>Ahorre tiempo y esfuerzo al racionalizar todo el proceso de marketing por correo electr\u00f3nico<\/li>\n<li>Utilizar caracter\u00edsticas potentes como autorespondedores y segmentaci\u00f3n<\/li>\n<li>Administre f\u00e1cilmente su lista de correo dentro de la interfaz f\u00e1cil de usar de Mailpoet<\/li>\n<\/ul>\n","protected":false},"excerpt":{"rendered":"<p>Al aprovechar el poder de los formularios formidables, Mailpoet Newsletters Integration, usted tiene la capacidad excepcional de fusionar sin problemas sus env\u00edos de formularios con Mailpoet, mejorando as\u00ed la eficacia general de sus esfuerzos de marketing por correo electr\u00f3nico. Esta innovadora integraci\u00f3n le capacita a incorporar sin esfuerzo las respuestas de formulario en Mailpoet, lo que le permite clasificar y segmentar a sus suscriptores en funci\u00f3n de sus respuestas de formulario espec\u00edficas, facilitando as\u00ed la creaci\u00f3n y difusi\u00f3n de correos electr\u00f3nicos altamente espec\u00edficos y personalizados para involucrarse de manera m\u00e1s efectiva con sus suscriptores estimados. Despedirse de los arduo procesos de recopilaci\u00f3n de datos manuales y presenciar un aumento sustancial en su eficiencia operativa a medida que adopta la notable integraci\u00f3n de formularios formidables con boletines de correo.<\/p>\n","protected":false},"featured_media":166152,"comment_status":"open","ping_status":"open","template":"","meta":[],"product_brand":[2459],"product_cat":[1216,1206,1211],"product_tag":[1509],"class_list":{"0":"post-110089","1":"product","2":"type-product","3":"status-publish","4":"has-post-thumbnail","6":"product_brand-formidable","7":"product_cat-formas","8":"product_cat-plugins","9":"product_cat-wordpress-plugins","10":"product_tag-formidable","11":"member-discount","12":"discount-restricted","14":"first","15":"instock","16":"sale","17":"downloadable","18":"virtual","19":"sold-individually","20":"purchasable","21":"product-type-simple"},"_links":{"self":[{"href":"https:\/\/gpl-love.com\/es\/wp-json\/wp\/v2\/product\/110089","targetHints":{"allow":["GET"]}}],"collection":[{"href":"https:\/\/gpl-love.com\/es\/wp-json\/wp\/v2\/product"}],"about":[{"href":"https:\/\/gpl-love.com\/es\/wp-json\/wp\/v2\/types\/product"}],"replies":[{"embeddable":true,"href":"https:\/\/gpl-love.com\/es\/wp-json\/wp\/v2\/comments?post=110089"}],"wp:featuredmedia":[{"embeddable":true,"href":"https:\/\/gpl-love.com\/es\/wp-json\/wp\/v2\/media\/166152"}],"wp:attachment":[{"href":"https:\/\/gpl-love.com\/es\/wp-json\/wp\/v2\/media?parent=110089"}],"wp:term":[{"taxonomy":"product_brand","embeddable":true,"href":"https:\/\/gpl-love.com\/es\/wp-json\/wp\/v2\/product_brand?post=110089"},{"taxonomy":"product_cat","embeddable":true,"href":"https:\/\/gpl-love.com\/es\/wp-json\/wp\/v2\/product_cat?post=110089"},{"taxonomy":"product_tag","embeddable":true,"href":"https:\/\/gpl-love.com\/es\/wp-json\/wp\/v2\/product_tag?post=110089"}],"curies":[{"name":"wp","href":"https:\/\/api.w.org\/{rel}","templated":true}]}}