{"id":110087,"date":"2024-11-07T00:00:00","date_gmt":"2024-11-07T05:00:00","guid":{"rendered":"http:\/\/gpl-love.com\/es\/producto\/formidable-forms-mailchimp\/"},"modified":"2026-03-09T07:36:05","modified_gmt":"2026-03-09T12:36:05","slug":"formidable-forms-mailchimp","status":"publish","type":"product","link":"https:\/\/gpl-love.com\/es\/producto\/formidable-forms-mailchimp\/","title":{"rendered":"Formidable Forms MailChimp 2.10"},"content":{"rendered":"<h3>Formidable Forms MailChimp Caracteristicas<\/h3>\n<p>La integraci\u00f3n entre formularios formidables y MailChimp es una caracter\u00edstica muy robusta y eficiente que conecta a la perfecci\u00f3n sus formularios formidables con su cuenta de MailChimp. Al utilizar esta integraci\u00f3n, puede recopilar datos esenciales sin esfuerzo de los visitantes y suscriptores de su sitio web, lo que posteriormente los transmite directamente a su lista de CHAIPMCHIMP. Esta valiosa integraci\u00f3n elimina la necesidad de mano de obra manual, lo que le ahorra un tiempo y un esfuerzo preciosos que de otro modo se gastar\u00edan en agregar nuevos contactos a su lista. Adem\u00e1s, los formularios formidables MailChimp Integration le facilitan las campa\u00f1as de correo electr\u00f3nico personalizadas y los autoresponponentes, lo que le permite mantener una comunicaci\u00f3n constante con sus suscriptores y garantizar su compromiso continuo. En conclusi\u00f3n, esta integraci\u00f3n sirve como un activo invaluable para cualquier sitio web o blog, ya que optimiza y optimiza sus esfuerzos de marketing por correo electr\u00f3nico, fomentando el desarrollo de una relaci\u00f3n m\u00e1s fuerte y significativa con su audiencia.<\/p>\n<ul>\n<li>Una poderosa integraci\u00f3n entre dos plataformas populares<\/li>\n<li>Integraci\u00f3n perfecta con su cuenta de MailChimp<\/li>\n<li>Capture f\u00e1cilmente los clientes potenciales y la informaci\u00f3n del cliente utilizando formularios personalizados creados con formularios formidables<\/li>\n<li>Automatice sus campa\u00f1as de marketing por correo electr\u00f3nico con facilidad<\/li>\n<li>Segmento sin esfuerzo Su lista de correo electr\u00f3nico para el marketing dirigido<\/li>\n<li>Ahorre tiempo y mejore la eficiencia con flujos de trabajo automatizados<\/li>\n<li>Seguimiento e informes integrales para informaci\u00f3n valiosa sobre el rendimiento de la campa\u00f1a de correo electr\u00f3nico<\/li>\n<li>Mantenga su lista de correo electr\u00f3nico actualizada con la administraci\u00f3n autom\u00e1tica de la lista de correo electr\u00f3nico<\/li>\n<li>Aumentar las tasas de conversi\u00f3n con campa\u00f1as efectivas de marketing por correo electr\u00f3nico<\/li>\n<li>Personalice sus esfuerzos de marketing abordando a los clientes por su nombre y otros detalles personales.<\/li>\n<\/ul>\n","protected":false},"excerpt":{"rendered":"<p>La integraci\u00f3n de formularios formidables con MailChimp ofrece una oportunidad excepcional para que los usuarios capturen y sincronizaran convenientemente los env\u00edos de formularios directamente a su lista de marketing por correo electr\u00f3nico de MailChimp. Al integrar perfectamente formularios con MailChimp, las personas pueden optimizar sus esfuerzos de marketing por correo electr\u00f3nico, mejorando as\u00ed la probabilidad de lograr mayores conversiones y expandir su base de clientes de manera profesional. Adem\u00e1s, la inclusi\u00f3n de caracter\u00edsticas avanzadas y opciones de personalizaci\u00f3n permite la recopilaci\u00f3n y la segmentaci\u00f3n sin esfuerzo de los datos del cliente, facilitando el env\u00edo de correos electr\u00f3nicos espec\u00edficos y personalizados que impulsan efectivamente el compromiso y, en \u00faltima instancia, aumentan el retorno de la inversi\u00f3n. Con tales grandes ventajas, se recomienda embarcarse en este viaje hoy y comenzar la optimizaci\u00f3n de las campa\u00f1as de marketing por correo electr\u00f3nico a trav\u00e9s de la notable integraci\u00f3n de formularios formidables y MailChimp.<\/p>\n","protected":false},"featured_media":166151,"comment_status":"open","ping_status":"open","template":"","meta":[],"product_brand":[2459],"product_cat":[1216,1206,1211],"product_tag":[1509],"class_list":{"0":"post-110087","1":"product","2":"type-product","3":"status-publish","4":"has-post-thumbnail","6":"product_brand-formidable","7":"product_cat-formas","8":"product_cat-plugins","9":"product_cat-wordpress-plugins","10":"product_tag-formidable","11":"member-discount","12":"discount-restricted","14":"first","15":"instock","16":"sale","17":"downloadable","18":"virtual","19":"sold-individually","20":"purchasable","21":"product-type-simple"},"_links":{"self":[{"href":"https:\/\/gpl-love.com\/es\/wp-json\/wp\/v2\/product\/110087","targetHints":{"allow":["GET"]}}],"collection":[{"href":"https:\/\/gpl-love.com\/es\/wp-json\/wp\/v2\/product"}],"about":[{"href":"https:\/\/gpl-love.com\/es\/wp-json\/wp\/v2\/types\/product"}],"replies":[{"embeddable":true,"href":"https:\/\/gpl-love.com\/es\/wp-json\/wp\/v2\/comments?post=110087"}],"wp:featuredmedia":[{"embeddable":true,"href":"https:\/\/gpl-love.com\/es\/wp-json\/wp\/v2\/media\/166151"}],"wp:attachment":[{"href":"https:\/\/gpl-love.com\/es\/wp-json\/wp\/v2\/media?parent=110087"}],"wp:term":[{"taxonomy":"product_brand","embeddable":true,"href":"https:\/\/gpl-love.com\/es\/wp-json\/wp\/v2\/product_brand?post=110087"},{"taxonomy":"product_cat","embeddable":true,"href":"https:\/\/gpl-love.com\/es\/wp-json\/wp\/v2\/product_cat?post=110087"},{"taxonomy":"product_tag","embeddable":true,"href":"https:\/\/gpl-love.com\/es\/wp-json\/wp\/v2\/product_tag?post=110087"}],"curies":[{"name":"wp","href":"https:\/\/api.w.org\/{rel}","templated":true}]}}